{"id":4495,"date":"2019-10-13T14:31:35","date_gmt":"2019-10-13T18:31:35","guid":{"rendered":"https:\/\/onospatremblant.com\/?page_id=4495"},"modified":"2024-09-09T17:58:44","modified_gmt":"2024-09-09T21:58:44","slug":"massages","status":"publish","type":"page","link":"https:\/\/onospatremblant.com\/fr\/massages\/","title":{"rendered":"Massages"},"content":{"rendered":"[vc_row css=\u00a0\u00bb.vc_custom_1656897177141{padding-top: 10px !important;padding-bottom: 15px !important;}\u00a0\u00bb][vc_column][vc_single_image image=\u00a0\u00bb4252&Prime; img_size=\u00a0\u00bbfull\u00a0\u00bb alignment=\u00a0\u00bbcenter\u00a0\u00bb][vc_row_inner][vc_column_inner width=\u00a0\u00bb1\/6&Prime;][\/vc_column_inner][vc_column_inner width=\u00a0\u00bb2\/3&Prime;][vc_single_image image=\u00a0\u00bb4201&Prime; img_size=\u00a0\u00bbfull\u00a0\u00bb alignment=\u00a0\u00bbcenter\u00a0\u00bb css=\u00a0\u00bb.vc_custom_1569540684235{padding-top: 15px !important;padding-bottom: 15px !important;}\u00a0\u00bb][vc_single_image image=\u00a0\u00bb4251&Prime; img_size=\u00a0\u00bbfull\u00a0\u00bb alignment=\u00a0\u00bbcenter\u00a0\u00bb css=\u00a0\u00bb.vc_custom_1569540858137{padding-bottom: 15px !important;}\u00a0\u00bb][vc_custom_heading text=\u00a0\u00bbLe Spa Ono \u00e0 Bel Air Resort a \u00e9t\u00e9 reconnu comme le meilleur spa de massage \u00e0 Tremblant par Tripadvisor.\u00a0\u00bb font_container=\u00a0\u00bbtag:h2|font_size:22|text_align:center|color:%23737373&Prime; google_fonts=\u00a0\u00bbfont_family:Lato%3A100%2C100italic%2C300%2C300italic%2Cregular%2Citalic%2C700%2C700italic%2C900%2C900italic|font_style:700%20bold%20regular%3A700%3Anormal\u00a0\u00bb css=\u00a0\u00bb.vc_custom_1657037409766{padding-bottom: 20px !important;}\u00a0\u00bb][vc_column_text css=\u00a0\u00bb.vc_custom_1656991305913{padding-bottom: 20px !important;}\u00a0\u00bb]\n<p style=\"text-align: justify;\">Faites-vous plaisir avec un traitement adapt\u00e9 \u00e0 vos besoins. Que ce soit pour am\u00e9liorer votre circulation sanguine, aider au processus de gu\u00e9rison, r\u00e9duire votre stress, soulager des tensions et des douleurs chroniques ou simplement pour savourer un moment de d\u00e9tente et de relaxation, nous vous proposons une technique de massage adapt\u00e9e \u00e0 vos besoins.<\/p>\n[\/vc_column_text][vc_separator style=\u00a0\u00bbsolid\u00a0\u00bb padding_bottom=\u00a0\u00bb-10&Prime;][\/vc_column_inner][vc_column_inner width=\u00a0\u00bb1\/6&Prime;][\/vc_column_inner][\/vc_row_inner][\/vc_column][\/vc_row][vc_row content_placement=\u00a0\u00bbmiddle\u00a0\u00bb css=\u00a0\u00bb.vc_custom_1656990990679{padding-bottom: 90px !important;}\u00a0\u00bb][vc_column]<style type=\"text\/css\" scoped=\"scoped\">.portfolio_scope_1.portfolio-tabs {margin-bottom:20px;}.portfolio_scope_1.portfolio-tabs li.active a{color:#ffffff;}.portfolio_scope_1.portfolio-tabs li.active a{border-color:#ffffff; background-color:transparent;}.portfolio_scope_1.portfolio-tabs li a{padding-left: 0; padding-right: 0; margin-left: 1rem; margin-right: 1rem; text-transform: uppercase}.portfolio_scope_1.portfolio-tabs a:hover{background-color:transparent;}.portfolio_scope_1.portfolio-tabs li a{color:#9b9b9b;}.portfolio_scope_1 figure.effect-zoe figcaption {background-color:#474747;}.portfolio_scope_1 figure.effect-zoe h3 a {color:#ffffff;}.portfolio_scope_1 figure.effect-zoe h3 {font-size:13; line-height:1;text-transform:none;}.portfolio_scope_1 figure .portfolio_date {color:#777777;font-size:13px;}.portfolio_scope_1 figure .effect-overlay .zoomin, .portfolio_scope_1 figure .effect-overlay .launch {border-color:#ffffff;}.portfolio_scope_1 figure .effect-overlay a {color:#ffffff;}.portfolio_scope_1 figure .effect-overlay {background-color:;}<\/style><div id=\"content\" class=\" portfolio-four\"><div class=\"portfolio-wrapper portfolio_default grid-layout  below portfolio_scope_1\" masonry-effect=\"\"><\/div><\/div>[\/vc_column][\/vc_row]\n","protected":false},"excerpt":{"rendered":"<p>[vc_row css=\u00a0\u00bb.vc_custom_1656897177141{padding-top: 10px !important;padding-bottom: 15px !important;}\u00a0\u00bb][vc_column][vc_single_image image=\u00a0\u00bb4252&Prime; img_size=\u00a0\u00bbfull\u00a0\u00bb alignment=\u00a0\u00bbcenter\u00a0\u00bb][vc_row_inner][vc_column_inner width=\u00a0\u00bb1\/6&Prime;][\/vc_column_inner][vc_column_inner width=\u00a0\u00bb2\/3&Prime;][vc_single_image image=\u00a0\u00bb4201&Prime; img_size=\u00a0\u00bbfull\u00a0\u00bb alignment=\u00a0\u00bbcenter\u00a0\u00bb css=\u00a0\u00bb.vc_custom_1569540684235{padding-top: 15px !important;padding-bottom: 15px !important;}\u00a0\u00bb][vc_single_image image=\u00a0\u00bb4251&Prime; img_size=\u00a0\u00bbfull\u00a0\u00bb alignment=\u00a0\u00bbcenter\u00a0\u00bb css=\u00a0\u00bb.vc_custom_1569540858137{padding-bottom: 15px !important;}\u00a0\u00bb][vc_custom_heading text=\u00a0\u00bbLe Spa Ono \u00e0 Bel Air Resort a \u00e9t\u00e9 reconnu comme le meilleur spa de massage \u00e0 Tremblant par Tripadvisor.\u00a0\u00bb font_container=\u00a0\u00bbtag:h2|font_size:22|text_align:center|color:%23737373&Prime; google_fonts=\u00a0\u00bbfont_family:Lato%3A100%2C100italic%2C300%2C300italic%2Cregular%2Citalic%2C700%2C700italic%2C900%2C900italic|font_style:700%20bold%20regular%3A700%3Anormal\u00a0\u00bb css=\u00a0\u00bb.vc_custom_1657037409766{padding-bottom: 20px !important;}\u00a0\u00bb][vc_column_text css=\u00a0\u00bb.vc_custom_1656991305913{padding-bottom: 20px !important;}\u00a0\u00bb] Faites-vous plaisir&#8230;<\/p>\n","protected":false},"author":2,"featured_media":0,"parent":0,"menu_order":0,"comment_status":"closed","ping_status":"closed","template":"page-full.php","meta":{"footnotes":""},"class_list":["post-4495","page","type-page","status-publish","hentry"],"yoast_head":"<!-- This site is optimized with the Yoast SEO Premium plugin v23.4 (Yoast SEO v27.3) - https:\/\/yoast.com\/product\/yoast-seo-premium-wordpress\/ -->\n<title>\u00c9lu meilleur spa de massage \u00e0 Mont-Tremblant<\/title>\n<meta name=\"description\" content=\"Le Spa Ono \u00e0 Bel Air Resort a \u00e9t\u00e9 reconnu comme le meilleur spa de massage \u00e0 Mont-Tremblant par Tripadvisor.\" \/>\n<meta name=\"robots\" content=\"index, follow, max-snippet:-1, max-image-preview:large, max-video-preview:-1\" \/>\n<link rel=\"canonical\" href=\"https:\/\/onospatremblant.com\/fr\/massages\/\" \/>\n<meta property=\"og:locale\" content=\"fr_FR\" \/>\n<meta property=\"og:type\" content=\"article\" \/>\n<meta property=\"og:title\" content=\"Massages\" \/>\n<meta property=\"og:description\" content=\"Le Spa Ono \u00e0 Bel Air Resort a \u00e9t\u00e9 reconnu comme le meilleur spa de massage \u00e0 Mont-Tremblant par Tripadvisor.\" \/>\n<meta property=\"og:url\" content=\"https:\/\/onospatremblant.com\/fr\/massages\/\" \/>\n<meta property=\"og:site_name\" content=\"Ono Spa Tremblant\" \/>\n<meta property=\"article:publisher\" content=\"https:\/\/www.facebook.com\/onospatremblant\" \/>\n<meta property=\"article:modified_time\" content=\"2024-09-09T21:58:44+00:00\" \/>\n<meta name=\"twitter:card\" content=\"summary_large_image\" \/>\n<meta name=\"twitter:label1\" content=\"Dur\u00e9e de lecture estim\u00e9e\" \/>\n\t<meta name=\"twitter:data1\" content=\"1 minute\" \/>\n<script type=\"application\/ld+json\" class=\"yoast-schema-graph\">{\"@context\":\"https:\\\/\\\/schema.org\",\"@graph\":[{\"@type\":\"WebPage\",\"@id\":\"https:\\\/\\\/onospatremblant.com\\\/fr\\\/massages\\\/\",\"url\":\"https:\\\/\\\/onospatremblant.com\\\/fr\\\/massages\\\/\",\"name\":\"\u00c9lu meilleur spa de massage \u00e0 Mont-Tremblant\",\"isPartOf\":{\"@id\":\"https:\\\/\\\/onospatremblant.com\\\/fr\\\/#website\"},\"datePublished\":\"2019-10-13T18:31:35+00:00\",\"dateModified\":\"2024-09-09T21:58:44+00:00\",\"description\":\"Le Spa Ono \u00e0 Bel Air Resort a \u00e9t\u00e9 reconnu comme le meilleur spa de massage \u00e0 Mont-Tremblant par Tripadvisor.\",\"breadcrumb\":{\"@id\":\"https:\\\/\\\/onospatremblant.com\\\/fr\\\/massages\\\/#breadcrumb\"},\"inLanguage\":\"fr-FR\",\"potentialAction\":[{\"@type\":\"ReadAction\",\"target\":[\"https:\\\/\\\/onospatremblant.com\\\/fr\\\/massages\\\/\"]}]},{\"@type\":\"BreadcrumbList\",\"@id\":\"https:\\\/\\\/onospatremblant.com\\\/fr\\\/massages\\\/#breadcrumb\",\"itemListElement\":[{\"@type\":\"ListItem\",\"position\":1,\"name\":\"Home\",\"item\":\"https:\\\/\\\/onospatremblant.com\\\/fr\\\/\"},{\"@type\":\"ListItem\",\"position\":2,\"name\":\"Massages\"}]},{\"@type\":\"WebSite\",\"@id\":\"https:\\\/\\\/onospatremblant.com\\\/fr\\\/#website\",\"url\":\"https:\\\/\\\/onospatremblant.com\\\/fr\\\/\",\"name\":\"Ono Spa Tremblant\",\"description\":\"\",\"publisher\":{\"@id\":\"https:\\\/\\\/onospatremblant.com\\\/fr\\\/#organization\"},\"potentialAction\":[{\"@type\":\"SearchAction\",\"target\":{\"@type\":\"EntryPoint\",\"urlTemplate\":\"https:\\\/\\\/onospatremblant.com\\\/fr\\\/?s={search_term_string}\"},\"query-input\":{\"@type\":\"PropertyValueSpecification\",\"valueRequired\":true,\"valueName\":\"search_term_string\"}}],\"inLanguage\":\"fr-FR\"},{\"@type\":\"Organization\",\"@id\":\"https:\\\/\\\/onospatremblant.com\\\/fr\\\/#organization\",\"name\":\"Ono Spa in Mont Tremblant\",\"url\":\"https:\\\/\\\/onospatremblant.com\\\/fr\\\/\",\"logo\":{\"@type\":\"ImageObject\",\"inLanguage\":\"fr-FR\",\"@id\":\"https:\\\/\\\/onospatremblant.com\\\/fr\\\/#\\\/schema\\\/logo\\\/image\\\/\",\"url\":\"https:\\\/\\\/i0.wp.com\\\/onospatremblant.com\\\/wp-content\\\/uploads\\\/2020\\\/08\\\/Ono-Spa_Bel-Air-Tremblant150.png?fit=150%2C98&ssl=1\",\"contentUrl\":\"https:\\\/\\\/i0.wp.com\\\/onospatremblant.com\\\/wp-content\\\/uploads\\\/2020\\\/08\\\/Ono-Spa_Bel-Air-Tremblant150.png?fit=150%2C98&ssl=1\",\"width\":150,\"height\":98,\"caption\":\"Ono Spa in Mont Tremblant\"},\"image\":{\"@id\":\"https:\\\/\\\/onospatremblant.com\\\/fr\\\/#\\\/schema\\\/logo\\\/image\\\/\"},\"sameAs\":[\"https:\\\/\\\/www.facebook.com\\\/onospatremblant\",\"https:\\\/\\\/www.instagram.com\\\/onospa.wellnessbelair\\\/\"]}]}<\/script>\n<!-- \/ Yoast SEO Premium plugin. -->","yoast_head_json":{"title":"\u00c9lu meilleur spa de massage \u00e0 Mont-Tremblant","description":"Le Spa Ono \u00e0 Bel Air Resort a \u00e9t\u00e9 reconnu comme le meilleur spa de massage \u00e0 Mont-Tremblant par Tripadvisor.","robots":{"index":"index","follow":"follow","max-snippet":"max-snippet:-1","max-image-preview":"max-image-preview:large","max-video-preview":"max-video-preview:-1"},"canonical":"https:\/\/onospatremblant.com\/fr\/massages\/","og_locale":"fr_FR","og_type":"article","og_title":"Massages","og_description":"Le Spa Ono \u00e0 Bel Air Resort a \u00e9t\u00e9 reconnu comme le meilleur spa de massage \u00e0 Mont-Tremblant par Tripadvisor.","og_url":"https:\/\/onospatremblant.com\/fr\/massages\/","og_site_name":"Ono Spa Tremblant","article_publisher":"https:\/\/www.facebook.com\/onospatremblant","article_modified_time":"2024-09-09T21:58:44+00:00","twitter_card":"summary_large_image","twitter_misc":{"Dur\u00e9e de lecture estim\u00e9e":"1 minute"},"schema":{"@context":"https:\/\/schema.org","@graph":[{"@type":"WebPage","@id":"https:\/\/onospatremblant.com\/fr\/massages\/","url":"https:\/\/onospatremblant.com\/fr\/massages\/","name":"\u00c9lu meilleur spa de massage \u00e0 Mont-Tremblant","isPartOf":{"@id":"https:\/\/onospatremblant.com\/fr\/#website"},"datePublished":"2019-10-13T18:31:35+00:00","dateModified":"2024-09-09T21:58:44+00:00","description":"Le Spa Ono \u00e0 Bel Air Resort a \u00e9t\u00e9 reconnu comme le meilleur spa de massage \u00e0 Mont-Tremblant par Tripadvisor.","breadcrumb":{"@id":"https:\/\/onospatremblant.com\/fr\/massages\/#breadcrumb"},"inLanguage":"fr-FR","potentialAction":[{"@type":"ReadAction","target":["https:\/\/onospatremblant.com\/fr\/massages\/"]}]},{"@type":"BreadcrumbList","@id":"https:\/\/onospatremblant.com\/fr\/massages\/#breadcrumb","itemListElement":[{"@type":"ListItem","position":1,"name":"Home","item":"https:\/\/onospatremblant.com\/fr\/"},{"@type":"ListItem","position":2,"name":"Massages"}]},{"@type":"WebSite","@id":"https:\/\/onospatremblant.com\/fr\/#website","url":"https:\/\/onospatremblant.com\/fr\/","name":"Ono Spa Tremblant","description":"","publisher":{"@id":"https:\/\/onospatremblant.com\/fr\/#organization"},"potentialAction":[{"@type":"SearchAction","target":{"@type":"EntryPoint","urlTemplate":"https:\/\/onospatremblant.com\/fr\/?s={search_term_string}"},"query-input":{"@type":"PropertyValueSpecification","valueRequired":true,"valueName":"search_term_string"}}],"inLanguage":"fr-FR"},{"@type":"Organization","@id":"https:\/\/onospatremblant.com\/fr\/#organization","name":"Ono Spa in Mont Tremblant","url":"https:\/\/onospatremblant.com\/fr\/","logo":{"@type":"ImageObject","inLanguage":"fr-FR","@id":"https:\/\/onospatremblant.com\/fr\/#\/schema\/logo\/image\/","url":"https:\/\/i0.wp.com\/onospatremblant.com\/wp-content\/uploads\/2020\/08\/Ono-Spa_Bel-Air-Tremblant150.png?fit=150%2C98&ssl=1","contentUrl":"https:\/\/i0.wp.com\/onospatremblant.com\/wp-content\/uploads\/2020\/08\/Ono-Spa_Bel-Air-Tremblant150.png?fit=150%2C98&ssl=1","width":150,"height":98,"caption":"Ono Spa in Mont Tremblant"},"image":{"@id":"https:\/\/onospatremblant.com\/fr\/#\/schema\/logo\/image\/"},"sameAs":["https:\/\/www.facebook.com\/onospatremblant","https:\/\/www.instagram.com\/onospa.wellnessbelair\/"]}]}},"jetpack_sharing_enabled":true,"_links":{"self":[{"href":"https:\/\/onospatremblant.com\/fr\/wp-json\/wp\/v2\/pages\/4495","targetHints":{"allow":["GET"]}}],"collection":[{"href":"https:\/\/onospatremblant.com\/fr\/wp-json\/wp\/v2\/pages"}],"about":[{"href":"https:\/\/onospatremblant.com\/fr\/wp-json\/wp\/v2\/types\/page"}],"author":[{"embeddable":true,"href":"https:\/\/onospatremblant.com\/fr\/wp-json\/wp\/v2\/users\/2"}],"replies":[{"embeddable":true,"href":"https:\/\/onospatremblant.com\/fr\/wp-json\/wp\/v2\/comments?post=4495"}],"version-history":[{"count":41,"href":"https:\/\/onospatremblant.com\/fr\/wp-json\/wp\/v2\/pages\/4495\/revisions"}],"predecessor-version":[{"id":5901,"href":"https:\/\/onospatremblant.com\/fr\/wp-json\/wp\/v2\/pages\/4495\/revisions\/5901"}],"wp:attachment":[{"href":"https:\/\/onospatremblant.com\/fr\/wp-json\/wp\/v2\/media?parent=4495"}],"curies":[{"name":"wp","href":"https:\/\/api.w.org\/{rel}","templated":true}]}}