{"id":4544,"date":"2019-10-13T17:07:48","date_gmt":"2019-10-13T21:07:48","guid":{"rendered":"https:\/\/onospatremblant.com\/?page_id=4544"},"modified":"2020-09-20T19:33:28","modified_gmt":"2020-09-20T23:33:28","slug":"enveloppement","status":"publish","type":"page","link":"https:\/\/onospatremblant.com\/fr\/soins-du-corps\/enveloppement\/","title":{"rendered":"Enveloppement"},"content":{"rendered":"[vc_row css=\u00a0\u00bb.vc_custom_1569586964041{padding-top: 90px !important;padding-bottom: 15px !important;}\u00a0\u00bb][vc_column width=\u00a0\u00bb1\/3&Prime;][vc_single_image image=\u00a0\u00bb4262&Prime; img_size=\u00a0\u00bbfull\u00a0\u00bb style=\u00a0\u00bbvc_box_shadow\u00a0\u00bb][\/vc_column][vc_column width=\u00a0\u00bb2\/3&Prime;][vc_custom_heading text=\u00a0\u00bbL\u2019Enveloppement<br \/>\n100.00 $ le soin\u00a0\u00bb font_container=\u00a0\u00bbtag:p|font_size:20|text_align:left|color:%232d2d2d\u00a0\u00bb google_fonts=\u00a0\u00bbfont_family:Raleway%3A100%2C200%2C300%2Cregular%2C500%2C600%2C700%2C800%2C900|font_style:500%20bold%20regular%3A500%3Anormal\u00a0\u00bb][vc_separator style=\u00a0\u00bbsolid\u00a0\u00bb color=\u00a0\u00bb#494949&Prime;][vc_column_text css=\u00a0\u00bb.vc_custom_1571000625762{padding-bottom: 10px !important;}\u00a0\u00bb]\n<p style=\"text-align: justify;\">L\u2019enveloppement est un traitement qui consiste \u00e0 enduire sur le corps un m\u00e9lange \u00e0 base d\u2019argiles et d\u2019huiles essentielles dont les bienfaits permettent d\u2019am\u00e9liorer la qualit\u00e9 de votre peau et vous procure une sensation de bien-\u00eatre. Un soin avec enveloppement permet de d\u00e9toxifier, de tonifier et de raffermir la peau.<\/p>\n[\/vc_column_text][vc_button title=\u00a0\u00bbR\u00c9SERVEZ\u00a0\u00bb target=\u00a0\u00bb_blank\u00a0\u00bb shape=\u00a0\u00bbrounded\u00a0\u00bb color=\u00a0\u00bbcustom\u00a0\u00bb custom_font_size=\u00a0\u00bb12px\u00a0\u00bb custom_font_weight=\u00a0\u00bb600&Prime; custom_color=\u00a0\u00bb#64c53a\u00a0\u00bb custom_border_color=\u00a0\u00bb#64c53a\u00a0\u00bb custom_text_color_hover=\u00a0\u00bb#64c53a\u00a0\u00bb custom_color_hover=\u00a0\u00bb#e5e5e5&Prime; custom_border_color_hover=\u00a0\u00bb#e2e2e2&Prime; align=\u00a0\u00bbleft\u00a0\u00bb href=\u00a0\u00bbhttps:\/\/onospatremblant.com\/fr\/reservations\/\u00a0\u00bb][\/vc_column][\/vc_row][vc_row content_placement=\u00a0\u00bbmiddle\u00a0\u00bb css=\u00a0\u00bb.vc_custom_1569602512542{padding-bottom: 90px !important;}\u00a0\u00bb][vc_column width=\u00a0\u00bb1\/3&Prime;][vc_custom_heading text=\u00a0\u00bbSERVICES ASSOCI\u00c9S\u00a0\u00bb font_container=\u00a0\u00bbtag:p|font_size:20|text_align:center|color:%232d2d2d\u00a0\u00bb google_fonts=\u00a0\u00bbfont_family:Raleway%3A100%2C200%2C300%2Cregular%2C500%2C600%2C700%2C800%2C900|font_style:500%20bold%20regular%3A500%3Anormal\u00a0\u00bb][vc_column_text]<div id=\"wondergridgallerylightbox_options_21\" data-skinsfoldername=\"skins\/default\/\"  data-jsfolder=\"https:\/\/onospatremblant.com\/wp-content\/plugins\/wonderplugin-gridgallery\/engine\/\" style=\"display:none;\"><\/div>\r\n<style>@import url(https:\/\/fonts.googleapis.com\/css?family=Open+Sans);  #wonderplugingridgallery-21 .wonderplugin-gridgallery-item-text {     background-color: rgba(65, 56, 56, 0.5);     color: #fff;     text-align: center;     font: 14px \"open sans\", Arial, Helvetica, sans-serif;     padding: 8px 0px;     position: absolute;     left: 0px;     bottom: 0px;     width: 100%;     box-sizing: border-box;     -webkit-box-sizing: border-box;     -moz-box-sizing: border-box; }  #wonderplugingridgallery-21 .wonderplugin-gridgallery-item-title {     font-size: 14px; }  #wonderplugingridgallery-21 .wonderplugin-gridgallery-item-description {     font-size: 12px; }  #wonderplugingridgallery-21 .wonderplugin-gridgallery-item-button { } .wpgridgallery-socialmedia-button { display: inline-block; margin: 4px; }.wpgridgallery-socialmedia-button a { box-shadow: none; }.wpgridgallery-socialmedia-icon { display:table-cell; width:32px; height:32px; font-size:18px; border-radius:50%; color:#fff; vertical-align:middle; text-align:center; cursor:pointer; padding:0;}.wpgridgallery-socialmedia-rotate { transition: transform .4s ease-in; } .wpgridgallery-socialmedia-rotate:hover { transform: rotate(360deg); }<\/style><style>#wonderplugingridgallery-21 .wpp-category-greybutton .wonderplugin-gridgallery-tag { \tborder: none; \tbackground: #666; \tcolor: #fff;   \tpadding: 6px 12px; \tfont-size: 12px; \tfont-weight: normal; \t   \tfont-family: \"Lucida Sans Unicode\",\"Lucida Grande\",sans-serif,Arial;   \tbox-sizing: border-box;    \tcursor: pointer;   \ttext-align: center;   \ttext-decoration: none;   \ttext-shadow: none;   \ttext-transform: none;   \twhite-space: nowrap;   \t-webkit-font-smoothing: antialiased;   \tborder-radius: 2px;   \ttransition: background-color 0.3s ease; }  #wonderplugingridgallery-21 .wpp-category-greybutton .wonderplugin-gridgallery-tag:hover { \tborder: none; \tbackground: #999; \tcolor: #fff; }  #wonderplugingridgallery-21 .wpp-category-greybutton .wonderplugin-gridgallery-tag-selected, #wonderplugingridgallery-21 .wpp-category-greybutton .wonderplugin-gridgallery-tag-selected:hover { \tborder: none; \tbackground: #f3b200; \tcolor: #fff; }<\/style><div class=\"wonderplugingridgallery\" id=\"wonderplugingridgallery-21\" data-gridgalleryid=\"21\" data-width=\"300\" data-height=\"200\" data-skin=\"tiles\" data-style=\"classic\" data-categorylist=\"[{&quot;slug&quot;:&quot;all&quot;,&quot;caption&quot;:&quot;Show All&quot;}]\" data-mediumgridsize=\"false\" data-smallgridsize=\"false\" data-applylinktotext=\"false\" data-fullwidth=\"false\" data-supportshortcode=\"false\" data-donotzoomin=\"false\" data-enabletabindex=\"false\" data-masonrymode=\"false\" data-random=\"false\" data-shownavigation=\"true\" data-shownavcontrol=\"true\" data-hidenavdefault=\"false\" data-nohoverontouchscreen=\"false\" data-hoverzoomin=\"false\" data-hoverzoominimageonly=\"true\" data-hoverzoominimagecenter=\"false\" data-hoverfade=\"true\" data-responsive=\"true\" data-mediumscreen=\"true\" data-smallscreen=\"true\" data-showtitle=\"true\" data-showtexttitle=\"true\" data-showtextdescription=\"false\" data-showtextbutton=\"false\" data-overlaylink=\"false\" data-donotaddtext=\"false\" data-lightboxnogroup=\"false\" data-lightboxcategorygroup=\"false\" data-justifymode=\"false\" data-donotjustifylastrowifoverlimit=\"false\" data-donotjustifyifonlyonerowandoverlimit=\"true\" data-limitjustifymaxheight=\"true\" data-usetemplatefortextoverlay=\"true\" data-usetemplateforgrid=\"false\" data-deferloading=\"false\" data-lightboxshowallcategories=\"false\" data-lightboxshowtitle=\"true\" data-lightboxshowdescription=\"false\" data-lightboxaddsocialmedia=\"false\" data-lightboxresponsive=\"true\" data-centerimage=\"true\" data-circularimage=\"false\" data-firstimage=\"false\" data-textinsidespace=\"false\" data-donotinit=\"false\" data-addinitscript=\"false\" data-lightboxshowsocial=\"false\" data-lightboxshowemail=\"false\" data-lightboxshowfacebook=\"true\" data-lightboxshowtwitter=\"true\" data-lightboxshowpinterest=\"true\" data-lightboxsocialrotateeffect=\"true\" data-lightboxenablehtml5poster=\"false\" data-categoryshow=\"false\" data-categoryhideall=\"false\" data-categorymulticat=\"false\" data-categoryatleastone=\"false\" data-addvideoplaybutton=\"true\" data-lightboxfullscreenmode=\"false\" data-lightboxcloseonoverlay=\"true\" data-lightboxvideohidecontrols=\"false\" data-lightboxfullscreentextoutside=\"true\" data-lightboxfullscreenmodeonsmallscreen=\"false\" data-lightboxfullscreentextinside=\"false\" data-triggerresizeafterinit=\"false\" data-removeinlinecss=\"false\" data-lightboxresponsivebarheight=\"false\" data-lightboxnotkeepratioonsmallheight=\"false\" data-lazyloadimages=\"true\" data-triggerresize=\"false\" data-loadallremaining=\"false\" data-lightboxautoslide=\"false\" data-lightboxshowtimer=\"true\" data-lightboxshowplaybutton=\"true\" data-lightboxalwaysshownavarrows=\"false\" data-lightboxshowtitleprefix=\"true\" data-smallimgheightpercent=\"100\" data-mediumimgheightpercent=\"100\" data-imgheightpercent=\"100\" data-smallimgwidthpercent=\"100\" data-mediumimgwidthpercent=\"100\" data-imgwidthpercent=\"100\" data-mediumwidth=\"320\" data-mediumheight=\"240\" data-smallwidth=\"320\" data-smallheight=\"240\" data-thumbwidth=\"90\" data-thumbheight=\"60\" data-thumbtopmargin=\"4\" data-thumbbottommargin=\"4\" data-barheight=\"64\" data-titlebottomcss=\"color:#333; font-size:14px; font-family:Armata,sans-serif,Arial; overflow:hidden; text-align:left;\" data-descriptionbottomcss=\"color:#333; font-size:12px; font-family:Arial,Helvetica,sans-serif; overflow:hidden; text-align:left; margin:4px 0px 0px; padding: 0px;\" data-googleanalyticsaccount=\"\" data-gap=\"15\" data-margin=\"0\" data-borderradius=\"0\" data-justifymaxheight=\"1\" data-hoverzoominvalue=\"24\" data-hoverzoominduration=\"180\" data-hoverzoominimagescale=\"1.1\" data-hoverzoominimageduration=\"360\" data-hoverfadeopacity=\"0.8\" data-hoverfadeduration=\"300\" data-videoplaybutton=\"playvideo-64-64-0.png\" data-column=\"1\" data-mediumcolumn=\"3\" data-mediumscreensize=\"800\" data-smallcolumn=\"2\" data-smallscreensize=\"600\" data-titlemode=\"always\" data-titleeffect=\"slide\" data-titleeffectduration=\"300\" data-titleheight=\"0\" data-scalemode=\"fill\" data-lightboxbgcolor=\"#fff\" data-lightboxoverlaybgcolor=\"#000\" data-lightboxoverlayopacity=\"0.9\" data-navbgcolor=\"rgba(0,0,0,0.2)\" data-deferloadingdelay=\"0\" data-categoryposition=\"topleft\" data-categorystyle=\"wpp-category-greybutton\" data-categorydefault=\"all\" data-verticalcategorysmallscreenwidth=\"480\" data-triggerresizedelay=\"100\" data-triggerresizeafterinitdelay=\"500\" data-lightboxfullscreensmallscreenwidth=\"800\" data-lightboxbordertopmargin=\"48\" data-lightboxbordertopmarginsmall=\"36\" data-lightboxresizespeed=\"400\" data-lightboxfadespeed=\"0\" data-lightboxtransition=\"none\" data-lightboxtransitionduration=\"400\" data-lightboxsocialposition=\"position:absolute;top:100%;right:0;\" data-lightboxsocialpositionsmallscreen=\"position:absolute;top:100%;right:0;left:0;\" data-lightboxsocialdirection=\"horizontal\" data-lightboxsocialbuttonsize=\"32\" data-lightboxsocialbuttonfontsize=\"18\" data-lightboxtitlestyle=\"bottom\" data-lightboximagepercentage=\"75\" data-lightboxdefaultvideovolume=\"1\" data-lightboxtitleprefix=\"%NUM \/ %TOTAL\" data-lightboxtitleinsidecss=\"color:#fff; font-size:16px; font-family:Arial,Helvetica,sans-serif; overflow:hidden; text-align:left;\" data-lightboxdescriptioninsidecss=\"color:#fff; font-size:12px; font-family:Arial,Helvetica,sans-serif; overflow:hidden; text-align:left; margin:4px 0px 0px; padding: 0px;\" data-lightboxfullscreentitlebottomcss=\"color:#fff; font-size:16px; font-family:Arial,Helvetica,sans-serif; overflow:hidden; text-align:left; margin:4px 8px 8px;\" data-lightboxfullscreendescriptionbottomcss=\"color:#fff; font-size:12px; font-family:Arial,Helvetica,sans-serif; overflow:hidden; text-align:left; margin:4px 0px 0px; padding: 0px;\" data-lightboxsmallscreenheight=\"415\" data-lightboxbarheightonsmallheight=\"64\" data-lazyloadmode=\"none\" data-itemsperpage=\"12\" data-loadmorecaption=\"Load More\" data-loadmorecssstyle=\"wpp-loadmore-greybutton\" data-paginationcssstyle=\"wpp-pagination-greybutton\" data-paginationpos=\"bottom\" data-lightboxenteranimation=\"\" data-lightboxexitanimation=\"\" data-lightboxnavarrowspos=\"inside\" data-lightboxslideinterval=\"5000\" data-lightboxtimerposition=\"bottom\" data-lightboxtimercolor=\"#dc572e\" data-lightboxtimeropacity=\"1\" data-lightboxbordersize=\"8\" data-lightboxborderradius=\"0\" data-categoryregulardropdown=\"false\" data-jsfolder=\"https:\/\/onospatremblant.com\/wp-content\/plugins\/wonderplugin-gridgallery\/engine\/\" data-skinsfoldername=\"skins\/default\/\" style=\"display:none;position:relative;margin:0 auto;width:100%;max-width:300px;\" ><div class=\"wonderplugin-gridgallery-list\" style=\"display:block;position:relative;max-width:100%;margin:0 auto;\"><div class=\"wonderplugin-gridgallery-item\" data-row=\"1\" data-col=\"1\"><div class=\"wonderplugin-gridgallery-item-container\"><a style=\"display:block;width:100%;height:100%;\" href=\"https:\/\/onospatremblant.com\/fr\/soins-du-corps\/exfoliation\/\" data-title=\"Exfoliation\"><img data-recalc-dims=\"1\" height=\"208\" width=\"300\" decoding=\"async\" class=\"wonderplugin-gridgallery-item-img\" alt=\"Exfoliation\" src=\"https:\/\/i0.wp.com\/onospatremblant.com\/wp-content\/uploads\/2019\/10\/images-300x208-300x208.jpg?resize=300%2C208&#038;ssl=1\" \/><\/a><\/div><div class=\"wonderplugin-gridgallery-item-text\"><div class=\"wonderplugin-gridgallery-item-wrapper\"><div class=\"wonderplugin-gridgallery-item-socialmedia\"><\/div>\n<div class=\"wonderplugin-gridgallery-item-title\">Exfoliation<\/div>\n<div class=\"wonderplugin-gridgallery-item-description\"><\/div>\n<div class=\"wonderplugin-gridgallery-item-button\"><\/div><\/div><\/div><\/div><div style=\"clear:both;\"><\/div><\/div><div style=\"clear:both;\"><\/div><\/div>[\/vc_column_text][\/vc_column][vc_column width=\u00a0\u00bb2\/3&Prime; css=\u00a0\u00bb.vc_custom_1569602397860{padding-top: 75px !important;}\u00a0\u00bb][vc_tabs color=\u00a0\u00bbcustom\u00a0\u00bb custom_colored_border=\u00a0\u00bb#64c53a\u00a0\u00bb][vc_tab title=\u00a0\u00bbDescription\u00a0\u00bb tab_id=\u00a0\u00bbfb611039-8277-10&Prime;][vc_single_image image=\u00a0\u00bb4201&Prime; img_size=\u00a0\u00bbfull\u00a0\u00bb css=\u00a0\u00bb.vc_custom_1569597330617{padding-top: 15px !important;padding-bottom: 15px !important;}\u00a0\u00bb][vc_column_text]<strong>Les bienfaits :<\/strong><br \/>\nHydrate<br \/>\nNettoie la peau<br \/>\nRaffermit et d\u00e9toxifie<br \/>\n\u00c9limine les toxines<br \/>\nR\u00e9duit les douleurs musculaires<br \/>\nR\u00e9duit les d\u00e9mangeaisons caus\u00e9es par l&rsquo;ecz\u00e9ma et le psoriasis<\/p>\n<p><strong>La description<\/strong><br \/>\nL\u2019argile verte est issue d\u2019un sol volcanique riche en magn\u00e9sium et en oligo-\u00e9l\u00e9ments. Il raffermit, d\u00e9toxifie et remin\u00e9ralise le corps. Riche en silice et peu concentr\u00e9e en sels min\u00e9raux, l&rsquo;argile blanche purifie et nettoie la peau s\u00e8che et l&rsquo;\u00e9piderme d\u00e9licat. Sur les plaies, l&rsquo;argile blanche a une action d\u00e9sinfectante tout en favorisant la reconstitution des tissus. M\u00e9lang\u00e9 \u00e0 des huiles essentielles (lavande, citron ou menthe poivr\u00e9e, par exemple), il procure une sensation de d\u00e9tente, favorise l&rsquo;\u00e9limination des toxines, calme les douleurs musculaires tout en adoucissant et en hydratant la peau.<\/p>\n<p>L&rsquo;argile pourpre est compos\u00e9e d&rsquo;argile blanche naturelle et d&rsquo;huiles essentielles telles que la lavande, le citron, les feuilles de cannelle, le cypr\u00e8s ou la marjolaine et un colorant. Il remin\u00e9ralise, \u00e9limine la fatigue, absorbe les toxines et renforce l\u2019\u00e9lasticit\u00e9 des tissus. Il aide \u00e9galement \u00e0 soulager les d\u00e9mangeaisons caus\u00e9es par l&rsquo;ecz\u00e9ma et le psoriasis.[\/vc_column_text][\/vc_tab][\/vc_tabs][\/vc_column][\/vc_row]\n","protected":false},"excerpt":{"rendered":"<p>[vc_row css=\u00a0\u00bb.vc_custom_1569586964041{padding-top: 90px !important;padding-bottom: 15px !important;}\u00a0\u00bb][vc_column width=\u00a0\u00bb1\/3&Prime;][vc_single_image image=\u00a0\u00bb4262&Prime; img_size=\u00a0\u00bbfull\u00a0\u00bb style=\u00a0\u00bbvc_box_shadow\u00a0\u00bb][\/vc_column][vc_column width=\u00a0\u00bb2\/3&Prime;][vc_custom_heading text=\u00a0\u00bbL\u2019Enveloppement 100.00 $ le soin\u00a0\u00bb font_container=\u00a0\u00bbtag:p|font_size:20|text_align:left|color:%232d2d2d\u00a0\u00bb google_fonts=\u00a0\u00bbfont_family:Raleway%3A100%2C200%2C300%2Cregular%2C500%2C600%2C700%2C800%2C900|font_style:500%20bold%20regular%3A500%3Anormal\u00a0\u00bb][vc_separator style=\u00a0\u00bbsolid\u00a0\u00bb color=\u00a0\u00bb#494949&Prime;][vc_column_text css=\u00a0\u00bb.vc_custom_1571000625762{padding-bottom: 10px !important;}\u00a0\u00bb] L\u2019enveloppement est un traitement qui consiste \u00e0 enduire sur le corps un m\u00e9lange \u00e0 base d\u2019argiles et d\u2019huiles essentielles dont les bienfaits permettent d\u2019am\u00e9liorer la qualit\u00e9 de votre peau et vous procure&#8230;<\/p>\n","protected":false},"author":2,"featured_media":0,"parent":4532,"menu_order":0,"comment_status":"closed","ping_status":"closed","template":"page-full.php","meta":{"footnotes":""},"class_list":["post-4544","page","type-page","status-publish","hentry"],"yoast_head":"<!-- This site is optimized with the Yoast SEO Premium plugin v23.4 (Yoast SEO v27.4) - https:\/\/yoast.com\/product\/yoast-seo-premium-wordpress\/ -->\n<title>Enveloppement | Ono Spa Tremblant<\/title>\n<meta name=\"robots\" content=\"index, follow, max-snippet:-1, max-image-preview:large, max-video-preview:-1\" \/>\n<link rel=\"canonical\" href=\"https:\/\/onospatremblant.com\/fr\/soins-du-corps\/enveloppement\/\" \/>\n<meta property=\"og:locale\" content=\"fr_FR\" \/>\n<meta property=\"og:type\" content=\"article\" \/>\n<meta property=\"og:title\" content=\"Enveloppement\" \/>\n<meta property=\"og:description\" content=\"[vc_row css=\u00a0\u00bb.vc_custom_1569586964041{padding-top: 90px !important;padding-bottom: 15px !important;}\u00a0\u00bb][vc_column width=\u00a0\u00bb1\/3&Prime;][vc_single_image image=\u00a0\u00bb4262&Prime; img_size=\u00a0\u00bbfull\u00a0\u00bb style=\u00a0\u00bbvc_box_shadow\u00a0\u00bb][\/vc_column][vc_column width=\u00a0\u00bb2\/3&Prime;][vc_custom_heading text=\u00a0\u00bbL\u2019Enveloppement 100.00 $ le soin\u00a0\u00bb font_container=\u00a0\u00bbtag:p|font_size:20|text_align:left|color:%232d2d2d\u00a0\u00bb google_fonts=\u00a0\u00bbfont_family:Raleway%3A100%2C200%2C300%2Cregular%2C500%2C600%2C700%2C800%2C900|font_style:500%20bold%20regular%3A500%3Anormal\u00a0\u00bb][vc_separator style=\u00a0\u00bbsolid\u00a0\u00bb color=\u00a0\u00bb#494949&Prime;][vc_column_text css=\u00a0\u00bb.vc_custom_1571000625762{padding-bottom: 10px !important;}\u00a0\u00bb] L\u2019enveloppement est un traitement qui consiste \u00e0 enduire sur le corps un m\u00e9lange \u00e0 base d\u2019argiles et d\u2019huiles essentielles dont les bienfaits permettent d\u2019am\u00e9liorer la qualit\u00e9 de votre peau et vous procure...\" \/>\n<meta property=\"og:url\" content=\"https:\/\/onospatremblant.com\/fr\/soins-du-corps\/enveloppement\/\" \/>\n<meta property=\"og:site_name\" content=\"Ono Spa Tremblant\" \/>\n<meta property=\"article:publisher\" content=\"https:\/\/www.facebook.com\/onospatremblant\" \/>\n<meta property=\"article:modified_time\" content=\"2020-09-20T23:33:28+00:00\" \/>\n<meta name=\"twitter:card\" content=\"summary_large_image\" \/>\n<meta name=\"twitter:label1\" content=\"Dur\u00e9e de lecture estim\u00e9e\" \/>\n\t<meta name=\"twitter:data1\" content=\"3 minutes\" \/>\n<script type=\"application\/ld+json\" class=\"yoast-schema-graph\">{\"@context\":\"https:\\\/\\\/schema.org\",\"@graph\":[{\"@type\":\"WebPage\",\"@id\":\"https:\\\/\\\/onospatremblant.com\\\/fr\\\/soins-du-corps\\\/enveloppement\\\/\",\"url\":\"https:\\\/\\\/onospatremblant.com\\\/fr\\\/soins-du-corps\\\/enveloppement\\\/\",\"name\":\"Enveloppement | Ono Spa Tremblant\",\"isPartOf\":{\"@id\":\"https:\\\/\\\/onospatremblant.com\\\/fr\\\/#website\"},\"datePublished\":\"2019-10-13T21:07:48+00:00\",\"dateModified\":\"2020-09-20T23:33:28+00:00\",\"breadcrumb\":{\"@id\":\"https:\\\/\\\/onospatremblant.com\\\/fr\\\/soins-du-corps\\\/enveloppement\\\/#breadcrumb\"},\"inLanguage\":\"fr-FR\",\"potentialAction\":[{\"@type\":\"ReadAction\",\"target\":[\"https:\\\/\\\/onospatremblant.com\\\/fr\\\/soins-du-corps\\\/enveloppement\\\/\"]}]},{\"@type\":\"BreadcrumbList\",\"@id\":\"https:\\\/\\\/onospatremblant.com\\\/fr\\\/soins-du-corps\\\/enveloppement\\\/#breadcrumb\",\"itemListElement\":[{\"@type\":\"ListItem\",\"position\":1,\"name\":\"Home\",\"item\":\"https:\\\/\\\/onospatremblant.com\\\/fr\\\/\"},{\"@type\":\"ListItem\",\"position\":2,\"name\":\"Soins du Corps\",\"item\":\"https:\\\/\\\/onospatremblant.com\\\/fr\\\/soins-du-corps\\\/\"},{\"@type\":\"ListItem\",\"position\":3,\"name\":\"Enveloppement\"}]},{\"@type\":\"WebSite\",\"@id\":\"https:\\\/\\\/onospatremblant.com\\\/fr\\\/#website\",\"url\":\"https:\\\/\\\/onospatremblant.com\\\/fr\\\/\",\"name\":\"Ono Spa Tremblant\",\"description\":\"\",\"publisher\":{\"@id\":\"https:\\\/\\\/onospatremblant.com\\\/fr\\\/#organization\"},\"potentialAction\":[{\"@type\":\"SearchAction\",\"target\":{\"@type\":\"EntryPoint\",\"urlTemplate\":\"https:\\\/\\\/onospatremblant.com\\\/fr\\\/?s={search_term_string}\"},\"query-input\":{\"@type\":\"PropertyValueSpecification\",\"valueRequired\":true,\"valueName\":\"search_term_string\"}}],\"inLanguage\":\"fr-FR\"},{\"@type\":\"Organization\",\"@id\":\"https:\\\/\\\/onospatremblant.com\\\/fr\\\/#organization\",\"name\":\"Ono Spa in Mont Tremblant\",\"url\":\"https:\\\/\\\/onospatremblant.com\\\/fr\\\/\",\"logo\":{\"@type\":\"ImageObject\",\"inLanguage\":\"fr-FR\",\"@id\":\"https:\\\/\\\/onospatremblant.com\\\/fr\\\/#\\\/schema\\\/logo\\\/image\\\/\",\"url\":\"https:\\\/\\\/i0.wp.com\\\/onospatremblant.com\\\/wp-content\\\/uploads\\\/2020\\\/08\\\/Ono-Spa_Bel-Air-Tremblant150.png?fit=150%2C98&ssl=1\",\"contentUrl\":\"https:\\\/\\\/i0.wp.com\\\/onospatremblant.com\\\/wp-content\\\/uploads\\\/2020\\\/08\\\/Ono-Spa_Bel-Air-Tremblant150.png?fit=150%2C98&ssl=1\",\"width\":150,\"height\":98,\"caption\":\"Ono Spa in Mont Tremblant\"},\"image\":{\"@id\":\"https:\\\/\\\/onospatremblant.com\\\/fr\\\/#\\\/schema\\\/logo\\\/image\\\/\"},\"sameAs\":[\"https:\\\/\\\/www.facebook.com\\\/onospatremblant\",\"https:\\\/\\\/www.instagram.com\\\/onospa.wellnessbelair\\\/\"]}]}<\/script>\n<!-- \/ Yoast SEO Premium plugin. -->","yoast_head_json":{"title":"Enveloppement | Ono Spa Tremblant","robots":{"index":"index","follow":"follow","max-snippet":"max-snippet:-1","max-image-preview":"max-image-preview:large","max-video-preview":"max-video-preview:-1"},"canonical":"https:\/\/onospatremblant.com\/fr\/soins-du-corps\/enveloppement\/","og_locale":"fr_FR","og_type":"article","og_title":"Enveloppement","og_description":"[vc_row css=\u00a0\u00bb.vc_custom_1569586964041{padding-top: 90px !important;padding-bottom: 15px !important;}\u00a0\u00bb][vc_column width=\u00a0\u00bb1\/3&Prime;][vc_single_image image=\u00a0\u00bb4262&Prime; img_size=\u00a0\u00bbfull\u00a0\u00bb style=\u00a0\u00bbvc_box_shadow\u00a0\u00bb][\/vc_column][vc_column width=\u00a0\u00bb2\/3&Prime;][vc_custom_heading text=\u00a0\u00bbL\u2019Enveloppement 100.00 $ le soin\u00a0\u00bb font_container=\u00a0\u00bbtag:p|font_size:20|text_align:left|color:%232d2d2d\u00a0\u00bb google_fonts=\u00a0\u00bbfont_family:Raleway%3A100%2C200%2C300%2Cregular%2C500%2C600%2C700%2C800%2C900|font_style:500%20bold%20regular%3A500%3Anormal\u00a0\u00bb][vc_separator style=\u00a0\u00bbsolid\u00a0\u00bb color=\u00a0\u00bb#494949&Prime;][vc_column_text css=\u00a0\u00bb.vc_custom_1571000625762{padding-bottom: 10px !important;}\u00a0\u00bb] L\u2019enveloppement est un traitement qui consiste \u00e0 enduire sur le corps un m\u00e9lange \u00e0 base d\u2019argiles et d\u2019huiles essentielles dont les bienfaits permettent d\u2019am\u00e9liorer la qualit\u00e9 de votre peau et vous procure...","og_url":"https:\/\/onospatremblant.com\/fr\/soins-du-corps\/enveloppement\/","og_site_name":"Ono Spa Tremblant","article_publisher":"https:\/\/www.facebook.com\/onospatremblant","article_modified_time":"2020-09-20T23:33:28+00:00","twitter_card":"summary_large_image","twitter_misc":{"Dur\u00e9e de lecture estim\u00e9e":"3 minutes"},"schema":{"@context":"https:\/\/schema.org","@graph":[{"@type":"WebPage","@id":"https:\/\/onospatremblant.com\/fr\/soins-du-corps\/enveloppement\/","url":"https:\/\/onospatremblant.com\/fr\/soins-du-corps\/enveloppement\/","name":"Enveloppement | Ono Spa Tremblant","isPartOf":{"@id":"https:\/\/onospatremblant.com\/fr\/#website"},"datePublished":"2019-10-13T21:07:48+00:00","dateModified":"2020-09-20T23:33:28+00:00","breadcrumb":{"@id":"https:\/\/onospatremblant.com\/fr\/soins-du-corps\/enveloppement\/#breadcrumb"},"inLanguage":"fr-FR","potentialAction":[{"@type":"ReadAction","target":["https:\/\/onospatremblant.com\/fr\/soins-du-corps\/enveloppement\/"]}]},{"@type":"BreadcrumbList","@id":"https:\/\/onospatremblant.com\/fr\/soins-du-corps\/enveloppement\/#breadcrumb","itemListElement":[{"@type":"ListItem","position":1,"name":"Home","item":"https:\/\/onospatremblant.com\/fr\/"},{"@type":"ListItem","position":2,"name":"Soins du Corps","item":"https:\/\/onospatremblant.com\/fr\/soins-du-corps\/"},{"@type":"ListItem","position":3,"name":"Enveloppement"}]},{"@type":"WebSite","@id":"https:\/\/onospatremblant.com\/fr\/#website","url":"https:\/\/onospatremblant.com\/fr\/","name":"Ono Spa Tremblant","description":"","publisher":{"@id":"https:\/\/onospatremblant.com\/fr\/#organization"},"potentialAction":[{"@type":"SearchAction","target":{"@type":"EntryPoint","urlTemplate":"https:\/\/onospatremblant.com\/fr\/?s={search_term_string}"},"query-input":{"@type":"PropertyValueSpecification","valueRequired":true,"valueName":"search_term_string"}}],"inLanguage":"fr-FR"},{"@type":"Organization","@id":"https:\/\/onospatremblant.com\/fr\/#organization","name":"Ono Spa in Mont Tremblant","url":"https:\/\/onospatremblant.com\/fr\/","logo":{"@type":"ImageObject","inLanguage":"fr-FR","@id":"https:\/\/onospatremblant.com\/fr\/#\/schema\/logo\/image\/","url":"https:\/\/i0.wp.com\/onospatremblant.com\/wp-content\/uploads\/2020\/08\/Ono-Spa_Bel-Air-Tremblant150.png?fit=150%2C98&ssl=1","contentUrl":"https:\/\/i0.wp.com\/onospatremblant.com\/wp-content\/uploads\/2020\/08\/Ono-Spa_Bel-Air-Tremblant150.png?fit=150%2C98&ssl=1","width":150,"height":98,"caption":"Ono Spa in Mont Tremblant"},"image":{"@id":"https:\/\/onospatremblant.com\/fr\/#\/schema\/logo\/image\/"},"sameAs":["https:\/\/www.facebook.com\/onospatremblant","https:\/\/www.instagram.com\/onospa.wellnessbelair\/"]}]}},"jetpack_sharing_enabled":true,"_links":{"self":[{"href":"https:\/\/onospatremblant.com\/fr\/wp-json\/wp\/v2\/pages\/4544","targetHints":{"allow":["GET"]}}],"collection":[{"href":"https:\/\/onospatremblant.com\/fr\/wp-json\/wp\/v2\/pages"}],"about":[{"href":"https:\/\/onospatremblant.com\/fr\/wp-json\/wp\/v2\/types\/page"}],"author":[{"embeddable":true,"href":"https:\/\/onospatremblant.com\/fr\/wp-json\/wp\/v2\/users\/2"}],"replies":[{"embeddable":true,"href":"https:\/\/onospatremblant.com\/fr\/wp-json\/wp\/v2\/comments?post=4544"}],"version-history":[{"count":3,"href":"https:\/\/onospatremblant.com\/fr\/wp-json\/wp\/v2\/pages\/4544\/revisions"}],"predecessor-version":[{"id":4666,"href":"https:\/\/onospatremblant.com\/fr\/wp-json\/wp\/v2\/pages\/4544\/revisions\/4666"}],"up":[{"embeddable":true,"href":"https:\/\/onospatremblant.com\/fr\/wp-json\/wp\/v2\/pages\/4532"}],"wp:attachment":[{"href":"https:\/\/onospatremblant.com\/fr\/wp-json\/wp\/v2\/media?parent=4544"}],"curies":[{"name":"wp","href":"https:\/\/api.w.org\/{rel}","templated":true}]}}