{"id":5080,"date":"2022-07-17T10:21:24","date_gmt":"2022-07-17T14:21:24","guid":{"rendered":"https:\/\/onospatremblant.com\/massages\/massage-prenatal\/"},"modified":"2025-11-22T22:37:57","modified_gmt":"2025-11-23T03:37:57","slug":"massage-prenatal","status":"publish","type":"page","link":"https:\/\/onospatremblant.com\/fr\/massages\/massage-prenatal\/","title":{"rendered":"Massage pr\u00e9natal"},"content":{"rendered":"[vc_row css=\u00a0\u00bb.vc_custom_1656989176315{padding-top: 30px !important;padding-bottom: 15px !important;}\u00a0\u00bb][vc_column width=\u00a0\u00bb1\/6&Prime;][\/vc_column][vc_column width=\u00a0\u00bb2\/3&Prime;][vc_row_inner content_placement=\u00a0\u00bbmiddle\u00a0\u00bb gap=\u00a0\u00bb15&Prime;][vc_column_inner width=\u00a0\u00bb1\/2&Prime;][vc_single_image image=\u00a0\u00bb4952&Prime; img_size=\u00a0\u00bbfull\u00a0\u00bb style=\u00a0\u00bbvc_box_shadow_3d\u00a0\u00bb][\/vc_column_inner][vc_column_inner width=\u00a0\u00bb1\/2&Prime;][vc_single_image image=\u00a0\u00bb4201&Prime; img_size=\u00a0\u00bbfull\u00a0\u00bb css=\u00a0\u00bb.vc_custom_1656970564360{padding-bottom: 15px !important;}\u00a0\u00bb][vc_column_text css=\u00a0\u00bb.vc_custom_1656988768427{padding-bottom: 10px !important;}\u00a0\u00bb]<span style=\"color: #333333;\"><span style=\"font-size: 20px;\"><b>Massage<\/b><\/span><strong style=\"color: #333333;\"><span style=\"font-size: 20px;\">\u00a0pr\u00e9natal<\/span><\/strong><\/span>[\/vc_column_text][vc_separator style=\u00a0\u00bbsolid\u00a0\u00bb color=\u00a0\u00bb#22c800&Prime; padding_bottom=\u00a0\u00bb20&Prime;][vc_column_text css=\u00a0\u00bb.vc_custom_1763869043192{padding-bottom: 10px !important;}\u00a0\u00bb]<span style=\"font-size: 16px;\"><span style=\"font-family: arial,helvetica,sans-serif;\"><span style=\"font-size: 16px;\">60 minutes&#8230;$169.00\u00a0 \u00a0<\/span><\/span><\/span><br \/>\n<em>*Plus taxes<\/em>[\/vc_column_text][vc_button title=\u00a0\u00bbR\u00c9SERVEZ UN MASSAGE\u00a0\u00bb target=\u00a0\u00bb_blank\u00a0\u00bb shape=\u00a0\u00bbrounded\u00a0\u00bb color=\u00a0\u00bbcustom\u00a0\u00bb custom_font_size=\u00a0\u00bb12px\u00a0\u00bb custom_font_weight=\u00a0\u00bb600&Prime; custom_color=\u00a0\u00bb#64c53a\u00a0\u00bb custom_border_color=\u00a0\u00bb#64c53a\u00a0\u00bb custom_text_color_hover=\u00a0\u00bb#64c53a\u00a0\u00bb custom_color_hover=\u00a0\u00bb#e5e5e5&Prime; custom_border_color_hover=\u00a0\u00bb#e2e2e2&Prime; align=\u00a0\u00bbleft\u00a0\u00bb href=\u00a0\u00bbhttps:%2F%2Fonospatremblant.com%2Fappointments%2F|\u00a0\u00bb][\/vc_column_inner][\/vc_row_inner][\/vc_column][vc_column width=\u00a0\u00bb1\/6&Prime;][\/vc_column][\/vc_row][vc_row content_placement=\u00a0\u00bbmiddle\u00a0\u00bb css=\u00a0\u00bb.vc_custom_1569587976089{padding-bottom: 90px !important;}\u00a0\u00bb][vc_column width=\u00a0\u00bb1\/6&Prime; css=\u00a0\u00bb.vc_custom_1569596873795{padding-top: 50px !important;}\u00a0\u00bb][\/vc_column][vc_column width=\u00a0\u00bb2\/3&Prime; css=\u00a0\u00bb.vc_custom_1569588399750{padding-top: 25px !important;}\u00a0\u00bb][vc_tabs color=\u00a0\u00bbcustom\u00a0\u00bb custom_colored_border=\u00a0\u00bb#64c53a\u00a0\u00bb][vc_tab title=\u00a0\u00bbLa description\u00a0\u00bb tab_id=\u00a0\u00bbfb611039-8277-10&Prime;][vc_column_text css=\u00a0\u00bb.vc_custom_1685890364986{padding-bottom: 10px !important;}\u00a0\u00bb]\n<p style=\"text-align: justify;\">Ce soin de relaxation, offert aux femmes enceintes de plus de 12 semaines, procure de<br \/>\nnombreux bienfaits. La relaxation globale obtenue par ce massage favorise le sommeil et la r\u00e9cup\u00e9ration. Il permet aussi de stimuler le fonctionnement des muscles et des<br \/>\narticulations, d\u2019am\u00e9liorer la circulation et la sant\u00e9 g\u00e9n\u00e9rale du corps. De plus, ce massage soulage la fatigue mentale et physique, le stress et l\u2019anxi\u00e9t\u00e9 pour permettre \u00e0 la personne concern\u00e9e de se reconnecter avec son corps et de prendre soin d\u2019elle.<\/p>\n<p><strong>Avantages<\/strong><br \/>\nRelaxation<br \/>\nSoulager les tensions dans le bas et le haut du dos<br \/>\nSoulager l&rsquo;enflure des mains et des pieds<br \/>\nMeilleure circulation<br \/>\nR\u00e9duire la r\u00e9tention d&rsquo;eau[\/vc_column_text][\/vc_tab][\/vc_tabs][\/vc_column][vc_column width=\u00a0\u00bb1\/6&Prime;][\/vc_column][\/vc_row][vc_row css=\u00a0\u00bb.vc_custom_1656970595856{padding-bottom: 70px !important;}\u00a0\u00bb][vc_column][vc_custom_heading text=\u00a0\u00bbAUTRES SERVICES\u00a0\u00bb font_container=\u00a0\u00bbtag:p|font_size:20|text_align:center|color:%232d2d2d\u00a0\u00bb google_fonts=\u00a0\u00bbfont_family:Raleway%3A100%2C200%2C300%2Cregular%2C500%2C600%2C700%2C800%2C900|font_style:500%20bold%20regular%3A500%3Anormal\u00a0\u00bb]<style type=\"text\/css\" scoped=\"scoped\">.portfolio_scope_1.portfolio-tabs {margin-bottom:20px;}.portfolio_scope_1.portfolio-tabs li.active a{color:#ffffff;}.portfolio_scope_1.portfolio-tabs li.active a{border-color:#ffffff; background-color:transparent;}.portfolio_scope_1.portfolio-tabs li a{padding-left: 0; padding-right: 0; margin-left: 1rem; margin-right: 1rem; text-transform: uppercase}.portfolio_scope_1.portfolio-tabs a:hover{background-color:transparent;}.portfolio_scope_1.portfolio-tabs li a{color:#9b9b9b;}.portfolio_scope_1 figure.effect-zoe figcaption {background-color:#474747;}.portfolio_scope_1 figure.effect-zoe h3 a {color:#ffffff;}.portfolio_scope_1 figure.effect-zoe h3 {font-size:13; line-height:1;text-transform:none;}.portfolio_scope_1 figure .portfolio_date {color:#777777;font-size:13px;}.portfolio_scope_1 figure .effect-overlay .zoomin, .portfolio_scope_1 figure .effect-overlay .launch {border-color:#ffffff;}.portfolio_scope_1 figure .effect-overlay a {color:#ffffff;}.portfolio_scope_1 figure .effect-overlay {background-color:;}<\/style><div id=\"content\" class=\" portfolio-four\"><div class=\"portfolio-wrapper portfolio_default grid-layout  below portfolio_scope_1\" masonry-effect=\"\"><figure class=\"effect-zoe cols-4  relative cr-portfolio-margin overflow-hidden m-2 box-border text-center\"><div class=\"figure_image_holder relative\"><img width=\"271\" height=\"198\" class=\"attachment-portfolio-four size-portfolio-four wp-post-image\" alt=\"Massage Tha\u00ef Yoga \u00e0 Tremblant\" sizes=\"(max-width: 271px) 100vw, 271px\" data-src=\"https:\/\/i0.wp.com\/onospatremblant.com\/wp-content\/uploads\/2022\/07\/thai-yoga-massage-tremblant.jpg?resize=271%2C198&amp;ssl=1\" data-srcset=\"https:\/\/i0.wp.com\/onospatremblant.com\/wp-content\/uploads\/2022\/07\/thai-yoga-massage-tremblant.jpg?resize=271%2C198&amp;ssl=1 271w, https:\/\/i0.wp.com\/onospatremblant.com\/wp-content\/uploads\/2022\/07\/thai-yoga-massage-tremblant.jpg?zoom=2&amp;resize=271%2C198&amp;ssl=1 542w\" \/><div class=\"effect-overlay bg-black bg-opacity-75 absolute flex justify-center items-center w-full h-full opacity-0 top-0 transtion-opacity duration-300 ease-in-out\"><div class=\"zoomin -mt-12 opacity-0 transition-all duration-500 w-10 h-10 bg-transparent border rounded-full leading-10 text-base text-white text-center\"><a href=\"https:\/\/i0.wp.com\/onospatremblant.com\/wp-content\/uploads\/2022\/07\/thai-yoga-massage-tremblant.jpg?fit=800%2C533&ssl=1\" class=\"magnific_popup_gallery\"><i class=\"fa fa-search\"><\/i><\/a><\/div><div class=\"launch mt-12 ml-1 opacity-0 transition-all duration-500 w-10 h-10 bg-transparent border rounded-full leading-10 text-base text-white text-center\"><a href=\"https:\/\/onospatremblant.com\/fr\/massages\/massage-yoga-thai\/\" target=\"_blank\"><i class=\"fa fa-link\"><\/i><\/a><\/div><\/div><\/div><figcaption class=\"relative w-full left-0 py-4 top-auto bg-green-400 text-gray-800 transition-transform duration-300 uppercase text-lg\"><h3 class=\"text-base font-semibold uppercase leading-normal mb-0\"><a href=\"https:\/\/onospatremblant.com\/fr\/massages\/massage-yoga-thai\/\" target=\"_blank\" class=\"block\">Massage Yoga Tha\u00ef<\/a><\/h3><\/figcaption><\/figure><figure class=\"effect-zoe cols-4 massage-fr  relative cr-portfolio-margin overflow-hidden m-2 box-border text-center\"><div class=\"figure_image_holder relative\"><img width=\"271\" height=\"198\" class=\"attachment-portfolio-four size-portfolio-four wp-post-image\" alt=\"massage aux huiles essentielles \u00e0 mont tremblant\" sizes=\"(max-width: 271px) 100vw, 271px\" data-src=\"https:\/\/i0.wp.com\/onospatremblant.com\/wp-content\/uploads\/2022\/07\/essential-oil-massage-mont-tremblant.jpg?resize=271%2C198&amp;ssl=1\" data-srcset=\"https:\/\/i0.wp.com\/onospatremblant.com\/wp-content\/uploads\/2022\/07\/essential-oil-massage-mont-tremblant.jpg?resize=271%2C198&amp;ssl=1 271w, https:\/\/i0.wp.com\/onospatremblant.com\/wp-content\/uploads\/2022\/07\/essential-oil-massage-mont-tremblant.jpg?zoom=2&amp;resize=271%2C198&amp;ssl=1 542w\" \/><div class=\"effect-overlay bg-black bg-opacity-75 absolute flex justify-center items-center w-full h-full opacity-0 top-0 transtion-opacity duration-300 ease-in-out\"><div class=\"zoomin -mt-12 opacity-0 transition-all duration-500 w-10 h-10 bg-transparent border rounded-full leading-10 text-base text-white text-center\"><a href=\"https:\/\/i0.wp.com\/onospatremblant.com\/wp-content\/uploads\/2022\/07\/essential-oil-massage-mont-tremblant.jpg?fit=800%2C533&ssl=1\" class=\"magnific_popup_gallery\"><i class=\"fa fa-search\"><\/i><\/a><\/div><div class=\"launch mt-12 ml-1 opacity-0 transition-all duration-500 w-10 h-10 bg-transparent border rounded-full leading-10 text-base text-white text-center\"><a href=\"https:\/\/onospatremblant.com\/fr\/portfolio-items\/massage-aux-pierres-chaudes\/\" target=\"_self\"><i class=\"fa fa-link\"><\/i><\/a><\/div><\/div><\/div><figcaption class=\"relative w-full left-0 py-4 top-auto bg-green-400 text-gray-800 transition-transform duration-300 uppercase text-lg\"><h3 class=\"text-base font-semibold uppercase leading-normal mb-0\"><a href=\"https:\/\/onospatremblant.com\/fr\/portfolio-items\/massage-aux-pierres-chaudes\/\" target=\"_self\" class=\"block\">Massage aux Pierres Chaudes<\/a><\/h3><\/figcaption><\/figure><figure class=\"effect-zoe cols-4 massage-fr  relative cr-portfolio-margin overflow-hidden m-2 box-border text-center\"><div class=\"figure_image_holder relative\"><img width=\"271\" height=\"198\" class=\"attachment-portfolio-four size-portfolio-four wp-post-image\" alt=\"Massage Th\u00e9rapeutique\" sizes=\"(max-width: 271px) 100vw, 271px\" data-src=\"https:\/\/i0.wp.com\/onospatremblant.com\/wp-content\/uploads\/2022\/07\/relaxation-massage-in-Tremblant.jpg?resize=271%2C198&amp;ssl=1\" data-srcset=\"https:\/\/i0.wp.com\/onospatremblant.com\/wp-content\/uploads\/2022\/07\/relaxation-massage-in-Tremblant.jpg?resize=271%2C198&amp;ssl=1 271w, https:\/\/i0.wp.com\/onospatremblant.com\/wp-content\/uploads\/2022\/07\/relaxation-massage-in-Tremblant.jpg?zoom=2&amp;resize=271%2C198&amp;ssl=1 542w\" \/><div class=\"effect-overlay bg-black bg-opacity-75 absolute flex justify-center items-center w-full h-full opacity-0 top-0 transtion-opacity duration-300 ease-in-out\"><div class=\"zoomin -mt-12 opacity-0 transition-all duration-500 w-10 h-10 bg-transparent border rounded-full leading-10 text-base text-white text-center\"><a href=\"https:\/\/i0.wp.com\/onospatremblant.com\/wp-content\/uploads\/2022\/07\/relaxation-massage-in-Tremblant.jpg?fit=800%2C533&ssl=1\" class=\"magnific_popup_gallery\"><i class=\"fa fa-search\"><\/i><\/a><\/div><div class=\"launch mt-12 ml-1 opacity-0 transition-all duration-500 w-10 h-10 bg-transparent border rounded-full leading-10 text-base text-white text-center\"><a href=\"https:\/\/onospatremblant.com\/fr\/portfolio-items\/massage-therapeutique\/\" target=\"_self\"><i class=\"fa fa-link\"><\/i><\/a><\/div><\/div><\/div><figcaption class=\"relative w-full left-0 py-4 top-auto bg-green-400 text-gray-800 transition-transform duration-300 uppercase text-lg\"><h3 class=\"text-base font-semibold uppercase leading-normal mb-0\"><a href=\"https:\/\/onospatremblant.com\/fr\/portfolio-items\/massage-therapeutique\/\" target=\"_self\" class=\"block\">Massage Th\u00e9rapeutique<\/a><\/h3><\/figcaption><\/figure><figure class=\"effect-zoe cols-4 massage-fr  relative cr-portfolio-margin overflow-hidden m-2 box-border text-center\"><div class=\"figure_image_holder relative\"><img width=\"271\" height=\"198\" class=\"attachment-portfolio-four size-portfolio-four wp-post-image\" alt=\"Massage Th\u00e9rapeutique\" sizes=\"(max-width: 271px) 100vw, 271px\" data-src=\"https:\/\/i0.wp.com\/onospatremblant.com\/wp-content\/uploads\/2022\/07\/Therapeutic-Massage.jpg?resize=271%2C198&amp;ssl=1\" data-srcset=\"https:\/\/i0.wp.com\/onospatremblant.com\/wp-content\/uploads\/2022\/07\/Therapeutic-Massage.jpg?resize=271%2C198&amp;ssl=1 271w, https:\/\/i0.wp.com\/onospatremblant.com\/wp-content\/uploads\/2022\/07\/Therapeutic-Massage.jpg?zoom=2&amp;resize=271%2C198&amp;ssl=1 542w\" \/><div class=\"effect-overlay bg-black bg-opacity-75 absolute flex justify-center items-center w-full h-full opacity-0 top-0 transtion-opacity duration-300 ease-in-out\"><div class=\"zoomin -mt-12 opacity-0 transition-all duration-500 w-10 h-10 bg-transparent border rounded-full leading-10 text-base text-white text-center\"><a href=\"https:\/\/i0.wp.com\/onospatremblant.com\/wp-content\/uploads\/2022\/07\/Therapeutic-Massage.jpg?fit=800%2C533&ssl=1\" class=\"magnific_popup_gallery\"><i class=\"fa fa-search\"><\/i><\/a><\/div><div class=\"launch mt-12 ml-1 opacity-0 transition-all duration-500 w-10 h-10 bg-transparent border rounded-full leading-10 text-base text-white text-center\"><a href=\"https:\/\/onospatremblant.com\/fr\/portfolio-items\/massage-de-detente\/\" target=\"_self\"><i class=\"fa fa-link\"><\/i><\/a><\/div><\/div><\/div><figcaption class=\"relative w-full left-0 py-4 top-auto bg-green-400 text-gray-800 transition-transform duration-300 uppercase text-lg\"><h3 class=\"text-base font-semibold uppercase leading-normal mb-0\"><a href=\"https:\/\/onospatremblant.com\/fr\/portfolio-items\/massage-de-detente\/\" target=\"_self\" class=\"block\">Su\u00e9dois Massage<\/a><\/h3><\/figcaption><\/figure><\/div><\/div>[\/vc_column][\/vc_row]\n","protected":false},"excerpt":{"rendered":"<p>[vc_row css=\u00a0\u00bb.vc_custom_1656989176315{padding-top: 30px !important;padding-bottom: 15px !important;}\u00a0\u00bb][vc_column width=\u00a0\u00bb1\/6&Prime;][\/vc_column][vc_column width=\u00a0\u00bb2\/3&Prime;][vc_row_inner content_placement=\u00a0\u00bbmiddle\u00a0\u00bb gap=\u00a0\u00bb15&Prime;][vc_column_inner width=\u00a0\u00bb1\/2&Prime;][vc_single_image image=\u00a0\u00bb4952&Prime; img_size=\u00a0\u00bbfull\u00a0\u00bb style=\u00a0\u00bbvc_box_shadow_3d\u00a0\u00bb][\/vc_column_inner][vc_column_inner width=\u00a0\u00bb1\/2&Prime;][vc_single_image image=\u00a0\u00bb4201&Prime; img_size=\u00a0\u00bbfull\u00a0\u00bb css=\u00a0\u00bb.vc_custom_1656970564360{padding-bottom: 15px !important;}\u00a0\u00bb][vc_column_text css=\u00a0\u00bb.vc_custom_1656988768427{padding-bottom: 10px !important;}\u00a0\u00bb]Massage\u00a0pr\u00e9natal[\/vc_column_text][vc_separator style=\u00a0\u00bbsolid\u00a0\u00bb color=\u00a0\u00bb#22c800&Prime; padding_bottom=\u00a0\u00bb20&Prime;][vc_column_text css=\u00a0\u00bb.vc_custom_1763869043192{padding-bottom: 10px !important;}\u00a0\u00bb]60 minutes&#8230;$169.00\u00a0 \u00a0 *Plus taxes[\/vc_column_text][vc_button title=\u00a0\u00bbR\u00c9SERVEZ UN MASSAGE\u00a0\u00bb target=\u00a0\u00bb_blank\u00a0\u00bb shape=\u00a0\u00bbrounded\u00a0\u00bb color=\u00a0\u00bbcustom\u00a0\u00bb custom_font_size=\u00a0\u00bb12px\u00a0\u00bb custom_font_weight=\u00a0\u00bb600&Prime; custom_color=\u00a0\u00bb#64c53a\u00a0\u00bb custom_border_color=\u00a0\u00bb#64c53a\u00a0\u00bb custom_text_color_hover=\u00a0\u00bb#64c53a\u00a0\u00bb custom_color_hover=\u00a0\u00bb#e5e5e5&Prime; custom_border_color_hover=\u00a0\u00bb#e2e2e2&Prime; align=\u00a0\u00bbleft\u00a0\u00bb href=\u00a0\u00bbhttps:%2F%2Fonospatremblant.com%2Fappointments%2F|\u00a0\u00bb][\/vc_column_inner][\/vc_row_inner][\/vc_column][vc_column width=\u00a0\u00bb1\/6&Prime;][\/vc_column][\/vc_row][vc_row content_placement=\u00a0\u00bbmiddle\u00a0\u00bb css=\u00a0\u00bb.vc_custom_1569587976089{padding-bottom: 90px !important;}\u00a0\u00bb][vc_column width=\u00a0\u00bb1\/6&Prime; css=\u00a0\u00bb.vc_custom_1569596873795{padding-top:&#8230;<\/p>\n","protected":false},"author":2,"featured_media":4952,"parent":4495,"menu_order":0,"comment_status":"closed","ping_status":"closed","template":"page-full.php","meta":{"footnotes":""},"class_list":["post-5080","page","type-page","status-publish","has-post-thumbnail","hentry"],"yoast_head":"<!-- This site is optimized with the Yoast SEO Premium plugin v23.4 (Yoast SEO v27.3) - https:\/\/yoast.com\/product\/yoast-seo-premium-wordpress\/ -->\n<title>Massage pr\u00e9natal Mont-Tremblant \u00e0 Ono Spa Tremblant<\/title>\n<meta name=\"description\" content=\"Massage pr\u00e9natal Mont-Tremblant \u00e0 Ono Spa Tremblant\" \/>\n<meta name=\"robots\" content=\"index, follow, max-snippet:-1, max-image-preview:large, max-video-preview:-1\" \/>\n<link rel=\"canonical\" href=\"https:\/\/onospatremblant.com\/fr\/massages\/massage-prenatal\/\" \/>\n<meta property=\"og:locale\" content=\"fr_FR\" \/>\n<meta property=\"og:type\" content=\"article\" \/>\n<meta property=\"og:title\" content=\"Massage pr\u00e9natal\" \/>\n<meta property=\"og:description\" content=\"Massage pr\u00e9natal Mont-Tremblant \u00e0 Ono Spa Tremblant\" \/>\n<meta property=\"og:url\" content=\"https:\/\/onospatremblant.com\/fr\/massages\/massage-prenatal\/\" \/>\n<meta property=\"og:site_name\" content=\"Ono Spa Tremblant\" \/>\n<meta property=\"article:publisher\" content=\"https:\/\/www.facebook.com\/onospatremblant\" \/>\n<meta property=\"article:modified_time\" content=\"2025-11-23T03:37:57+00:00\" \/>\n<meta property=\"og:image\" content=\"https:\/\/onospatremblant.com\/wp-content\/uploads\/2022\/07\/prenatal-massage.jpg\" \/>\n\t<meta property=\"og:image:width\" content=\"800\" \/>\n\t<meta property=\"og:image:height\" content=\"533\" \/>\n\t<meta property=\"og:image:type\" content=\"image\/jpeg\" \/>\n<meta name=\"twitter:card\" content=\"summary_large_image\" \/>\n<meta name=\"twitter:label1\" content=\"Dur\u00e9e de lecture estim\u00e9e\" \/>\n\t<meta name=\"twitter:data1\" content=\"2 minutes\" \/>\n<script type=\"application\/ld+json\" class=\"yoast-schema-graph\">{\"@context\":\"https:\\\/\\\/schema.org\",\"@graph\":[{\"@type\":\"WebPage\",\"@id\":\"https:\\\/\\\/onospatremblant.com\\\/fr\\\/massages\\\/massage-prenatal\\\/\",\"url\":\"https:\\\/\\\/onospatremblant.com\\\/fr\\\/massages\\\/massage-prenatal\\\/\",\"name\":\"Massage pr\u00e9natal Mont-Tremblant \u00e0 Ono Spa Tremblant\",\"isPartOf\":{\"@id\":\"https:\\\/\\\/onospatremblant.com\\\/fr\\\/#website\"},\"primaryImageOfPage\":{\"@id\":\"https:\\\/\\\/onospatremblant.com\\\/fr\\\/massages\\\/massage-prenatal\\\/#primaryimage\"},\"image\":{\"@id\":\"https:\\\/\\\/onospatremblant.com\\\/fr\\\/massages\\\/massage-prenatal\\\/#primaryimage\"},\"thumbnailUrl\":\"https:\\\/\\\/i0.wp.com\\\/onospatremblant.com\\\/wp-content\\\/uploads\\\/2022\\\/07\\\/prenatal-massage.jpg?fit=800%2C533&ssl=1\",\"datePublished\":\"2022-07-17T14:21:24+00:00\",\"dateModified\":\"2025-11-23T03:37:57+00:00\",\"description\":\"Massage pr\u00e9natal Mont-Tremblant \u00e0 Ono Spa Tremblant\",\"breadcrumb\":{\"@id\":\"https:\\\/\\\/onospatremblant.com\\\/fr\\\/massages\\\/massage-prenatal\\\/#breadcrumb\"},\"inLanguage\":\"fr-FR\",\"potentialAction\":[{\"@type\":\"ReadAction\",\"target\":[\"https:\\\/\\\/onospatremblant.com\\\/fr\\\/massages\\\/massage-prenatal\\\/\"]}]},{\"@type\":\"ImageObject\",\"inLanguage\":\"fr-FR\",\"@id\":\"https:\\\/\\\/onospatremblant.com\\\/fr\\\/massages\\\/massage-prenatal\\\/#primaryimage\",\"url\":\"https:\\\/\\\/i0.wp.com\\\/onospatremblant.com\\\/wp-content\\\/uploads\\\/2022\\\/07\\\/prenatal-massage.jpg?fit=800%2C533&ssl=1\",\"contentUrl\":\"https:\\\/\\\/i0.wp.com\\\/onospatremblant.com\\\/wp-content\\\/uploads\\\/2022\\\/07\\\/prenatal-massage.jpg?fit=800%2C533&ssl=1\",\"width\":800,\"height\":533,\"caption\":\"Massage pr\u00e9natal\"},{\"@type\":\"BreadcrumbList\",\"@id\":\"https:\\\/\\\/onospatremblant.com\\\/fr\\\/massages\\\/massage-prenatal\\\/#breadcrumb\",\"itemListElement\":[{\"@type\":\"ListItem\",\"position\":1,\"name\":\"Home\",\"item\":\"https:\\\/\\\/onospatremblant.com\\\/fr\\\/\"},{\"@type\":\"ListItem\",\"position\":2,\"name\":\"Massages\",\"item\":\"https:\\\/\\\/onospatremblant.com\\\/fr\\\/massages\\\/\"},{\"@type\":\"ListItem\",\"position\":3,\"name\":\"Massage pr\u00e9natal\"}]},{\"@type\":\"WebSite\",\"@id\":\"https:\\\/\\\/onospatremblant.com\\\/fr\\\/#website\",\"url\":\"https:\\\/\\\/onospatremblant.com\\\/fr\\\/\",\"name\":\"Ono Spa Tremblant\",\"description\":\"\",\"publisher\":{\"@id\":\"https:\\\/\\\/onospatremblant.com\\\/fr\\\/#organization\"},\"potentialAction\":[{\"@type\":\"SearchAction\",\"target\":{\"@type\":\"EntryPoint\",\"urlTemplate\":\"https:\\\/\\\/onospatremblant.com\\\/fr\\\/?s={search_term_string}\"},\"query-input\":{\"@type\":\"PropertyValueSpecification\",\"valueRequired\":true,\"valueName\":\"search_term_string\"}}],\"inLanguage\":\"fr-FR\"},{\"@type\":\"Organization\",\"@id\":\"https:\\\/\\\/onospatremblant.com\\\/fr\\\/#organization\",\"name\":\"Ono Spa in Mont Tremblant\",\"url\":\"https:\\\/\\\/onospatremblant.com\\\/fr\\\/\",\"logo\":{\"@type\":\"ImageObject\",\"inLanguage\":\"fr-FR\",\"@id\":\"https:\\\/\\\/onospatremblant.com\\\/fr\\\/#\\\/schema\\\/logo\\\/image\\\/\",\"url\":\"https:\\\/\\\/i0.wp.com\\\/onospatremblant.com\\\/wp-content\\\/uploads\\\/2020\\\/08\\\/Ono-Spa_Bel-Air-Tremblant150.png?fit=150%2C98&ssl=1\",\"contentUrl\":\"https:\\\/\\\/i0.wp.com\\\/onospatremblant.com\\\/wp-content\\\/uploads\\\/2020\\\/08\\\/Ono-Spa_Bel-Air-Tremblant150.png?fit=150%2C98&ssl=1\",\"width\":150,\"height\":98,\"caption\":\"Ono Spa in Mont Tremblant\"},\"image\":{\"@id\":\"https:\\\/\\\/onospatremblant.com\\\/fr\\\/#\\\/schema\\\/logo\\\/image\\\/\"},\"sameAs\":[\"https:\\\/\\\/www.facebook.com\\\/onospatremblant\",\"https:\\\/\\\/www.instagram.com\\\/onospa.wellnessbelair\\\/\"]}]}<\/script>\n<!-- \/ Yoast SEO Premium plugin. -->","yoast_head_json":{"title":"Massage pr\u00e9natal Mont-Tremblant \u00e0 Ono Spa Tremblant","description":"Massage pr\u00e9natal Mont-Tremblant \u00e0 Ono Spa Tremblant","robots":{"index":"index","follow":"follow","max-snippet":"max-snippet:-1","max-image-preview":"max-image-preview:large","max-video-preview":"max-video-preview:-1"},"canonical":"https:\/\/onospatremblant.com\/fr\/massages\/massage-prenatal\/","og_locale":"fr_FR","og_type":"article","og_title":"Massage pr\u00e9natal","og_description":"Massage pr\u00e9natal Mont-Tremblant \u00e0 Ono Spa Tremblant","og_url":"https:\/\/onospatremblant.com\/fr\/massages\/massage-prenatal\/","og_site_name":"Ono Spa Tremblant","article_publisher":"https:\/\/www.facebook.com\/onospatremblant","article_modified_time":"2025-11-23T03:37:57+00:00","og_image":[{"width":800,"height":533,"url":"https:\/\/onospatremblant.com\/wp-content\/uploads\/2022\/07\/prenatal-massage.jpg","type":"image\/jpeg"}],"twitter_card":"summary_large_image","twitter_misc":{"Dur\u00e9e de lecture estim\u00e9e":"2 minutes"},"schema":{"@context":"https:\/\/schema.org","@graph":[{"@type":"WebPage","@id":"https:\/\/onospatremblant.com\/fr\/massages\/massage-prenatal\/","url":"https:\/\/onospatremblant.com\/fr\/massages\/massage-prenatal\/","name":"Massage pr\u00e9natal Mont-Tremblant \u00e0 Ono Spa Tremblant","isPartOf":{"@id":"https:\/\/onospatremblant.com\/fr\/#website"},"primaryImageOfPage":{"@id":"https:\/\/onospatremblant.com\/fr\/massages\/massage-prenatal\/#primaryimage"},"image":{"@id":"https:\/\/onospatremblant.com\/fr\/massages\/massage-prenatal\/#primaryimage"},"thumbnailUrl":"https:\/\/i0.wp.com\/onospatremblant.com\/wp-content\/uploads\/2022\/07\/prenatal-massage.jpg?fit=800%2C533&ssl=1","datePublished":"2022-07-17T14:21:24+00:00","dateModified":"2025-11-23T03:37:57+00:00","description":"Massage pr\u00e9natal Mont-Tremblant \u00e0 Ono Spa Tremblant","breadcrumb":{"@id":"https:\/\/onospatremblant.com\/fr\/massages\/massage-prenatal\/#breadcrumb"},"inLanguage":"fr-FR","potentialAction":[{"@type":"ReadAction","target":["https:\/\/onospatremblant.com\/fr\/massages\/massage-prenatal\/"]}]},{"@type":"ImageObject","inLanguage":"fr-FR","@id":"https:\/\/onospatremblant.com\/fr\/massages\/massage-prenatal\/#primaryimage","url":"https:\/\/i0.wp.com\/onospatremblant.com\/wp-content\/uploads\/2022\/07\/prenatal-massage.jpg?fit=800%2C533&ssl=1","contentUrl":"https:\/\/i0.wp.com\/onospatremblant.com\/wp-content\/uploads\/2022\/07\/prenatal-massage.jpg?fit=800%2C533&ssl=1","width":800,"height":533,"caption":"Massage pr\u00e9natal"},{"@type":"BreadcrumbList","@id":"https:\/\/onospatremblant.com\/fr\/massages\/massage-prenatal\/#breadcrumb","itemListElement":[{"@type":"ListItem","position":1,"name":"Home","item":"https:\/\/onospatremblant.com\/fr\/"},{"@type":"ListItem","position":2,"name":"Massages","item":"https:\/\/onospatremblant.com\/fr\/massages\/"},{"@type":"ListItem","position":3,"name":"Massage pr\u00e9natal"}]},{"@type":"WebSite","@id":"https:\/\/onospatremblant.com\/fr\/#website","url":"https:\/\/onospatremblant.com\/fr\/","name":"Ono Spa Tremblant","description":"","publisher":{"@id":"https:\/\/onospatremblant.com\/fr\/#organization"},"potentialAction":[{"@type":"SearchAction","target":{"@type":"EntryPoint","urlTemplate":"https:\/\/onospatremblant.com\/fr\/?s={search_term_string}"},"query-input":{"@type":"PropertyValueSpecification","valueRequired":true,"valueName":"search_term_string"}}],"inLanguage":"fr-FR"},{"@type":"Organization","@id":"https:\/\/onospatremblant.com\/fr\/#organization","name":"Ono Spa in Mont Tremblant","url":"https:\/\/onospatremblant.com\/fr\/","logo":{"@type":"ImageObject","inLanguage":"fr-FR","@id":"https:\/\/onospatremblant.com\/fr\/#\/schema\/logo\/image\/","url":"https:\/\/i0.wp.com\/onospatremblant.com\/wp-content\/uploads\/2020\/08\/Ono-Spa_Bel-Air-Tremblant150.png?fit=150%2C98&ssl=1","contentUrl":"https:\/\/i0.wp.com\/onospatremblant.com\/wp-content\/uploads\/2020\/08\/Ono-Spa_Bel-Air-Tremblant150.png?fit=150%2C98&ssl=1","width":150,"height":98,"caption":"Ono Spa in Mont Tremblant"},"image":{"@id":"https:\/\/onospatremblant.com\/fr\/#\/schema\/logo\/image\/"},"sameAs":["https:\/\/www.facebook.com\/onospatremblant","https:\/\/www.instagram.com\/onospa.wellnessbelair\/"]}]}},"jetpack_sharing_enabled":true,"_links":{"self":[{"href":"https:\/\/onospatremblant.com\/fr\/wp-json\/wp\/v2\/pages\/5080","targetHints":{"allow":["GET"]}}],"collection":[{"href":"https:\/\/onospatremblant.com\/fr\/wp-json\/wp\/v2\/pages"}],"about":[{"href":"https:\/\/onospatremblant.com\/fr\/wp-json\/wp\/v2\/types\/page"}],"author":[{"embeddable":true,"href":"https:\/\/onospatremblant.com\/fr\/wp-json\/wp\/v2\/users\/2"}],"replies":[{"embeddable":true,"href":"https:\/\/onospatremblant.com\/fr\/wp-json\/wp\/v2\/comments?post=5080"}],"version-history":[{"count":9,"href":"https:\/\/onospatremblant.com\/fr\/wp-json\/wp\/v2\/pages\/5080\/revisions"}],"predecessor-version":[{"id":6011,"href":"https:\/\/onospatremblant.com\/fr\/wp-json\/wp\/v2\/pages\/5080\/revisions\/6011"}],"up":[{"embeddable":true,"href":"https:\/\/onospatremblant.com\/fr\/wp-json\/wp\/v2\/pages\/4495"}],"wp:featuredmedia":[{"embeddable":true,"href":"https:\/\/onospatremblant.com\/fr\/wp-json\/wp\/v2\/media\/4952"}],"wp:attachment":[{"href":"https:\/\/onospatremblant.com\/fr\/wp-json\/wp\/v2\/media?parent=5080"}],"curies":[{"name":"wp","href":"https:\/\/api.w.org\/{rel}","templated":true}]}}