{"id":5618,"date":"2023-06-13T11:01:54","date_gmt":"2023-06-13T15:01:54","guid":{"rendered":"https:\/\/onospatremblant.com\/reservations\/merci\/"},"modified":"2024-09-13T16:03:34","modified_gmt":"2024-09-13T20:03:34","slug":"merci","status":"publish","type":"page","link":"https:\/\/onospatremblant.com\/fr\/reservations\/merci\/","title":{"rendered":"Merci"},"content":{"rendered":"[vc_row css=\u00a0\u00bb.vc_custom_1686669031366{padding-bottom: 15px !important;}\u00a0\u00bb][vc_column][vc_single_image image=\u00a0\u00bb5603&Prime; img_size=\u00a0\u00bbfull\u00a0\u00bb alignment=\u00a0\u00bbcenter\u00a0\u00bb][vc_row_inner][vc_column_inner][vc_single_image image=\u00a0\u00bb4251&Prime; img_size=\u00a0\u00bbfull\u00a0\u00bb alignment=\u00a0\u00bbcenter\u00a0\u00bb css=\u00a0\u00bb.vc_custom_1569540858137{padding-bottom: 15px !important;}\u00a0\u00bb][vc_custom_heading text=\u00a0\u00bbMerci d&rsquo;avoir choisi Ono Spa \u00e0 Mont Tremblant.\u00a0\u00bb font_container=\u00a0\u00bbtag:h2|font_size:22|text_align:center|color:%234c4c4c\u00a0\u00bb google_fonts=\u00a0\u00bbfont_family:Lato%3A100%2C100italic%2C300%2C300italic%2Cregular%2Citalic%2C700%2C700italic%2C900%2C900italic|font_style:400%20regular%3A400%3Anormal\u00a0\u00bb][vc_custom_heading text=\u00a0\u00bbNous avons bien re\u00e7u votre demande de rendez-vous et nous r\u00e9jouissons de pouvoir vous r\u00e9pondre.\u00a0\u00bb font_container=\u00a0\u00bbtag:p|font_size:19|text_align:center|color:%2314aa35&Prime; google_fonts=\u00a0\u00bbfont_family:Lato%3A100%2C100italic%2C300%2C300italic%2Cregular%2Citalic%2C700%2C700italic%2C900%2C900italic|font_style:400%20italic%3A400%3Aitalic\u00a0\u00bb css=\u00a0\u00bb.vc_custom_1686663500762{padding-bottom: 10px !important;}\u00a0\u00bb][vc_column_text css=\u00a0\u00bb.vc_custom_1686706877459{padding-bottom: 20px !important;}\u00a0\u00bb]\n<p style=\"text-align: center;\"><span style=\"color: #545454;\"><span style=\"font-size: 18px;\">Nos heures d&rsquo;ouverture sont les suivantes :<br \/>\n<strong>Du lundi au dimanche, de 9h00 \u00e0 17h00 (EST)<\/strong><\/span><\/span><\/p>\n<p style=\"text-align: center;\"><span style=\"color: #545454;\"><span style=\"font-size: 18px;\">Pendant nos heures d&rsquo;ouverture, nous faisons de notre mieux pour r\u00e9pondre aux demandes dans l&rsquo;heure qui suit leur r\u00e9ception. Les demandes effectu\u00e9es apr\u00e8s 17h00 seront trait\u00e9es le lendemain matin.<\/span><\/span><\/p>\n<p style=\"text-align: center;\"><span style=\"color: #545454;\"><span style=\"font-size: 18px;\">Pour une demande de soins le jour m\u00eame, veuillez nous appeler directement au : <\/span><\/span><\/p>\n<p style=\"text-align: center;\"><strong><span style=\"font-size: 22px;\"><a href=\"tel:+18197172551\"><span style=\"color: #14aa35;\">1 819 717-2551<\/span><\/a><\/span><\/strong><\/p>\n[\/vc_column_text][vc_separator style=\u00a0\u00bbsolid\u00a0\u00bb padding_bottom=\u00a0\u00bb-10&Prime;][\/vc_column_inner][\/vc_row_inner][\/vc_column][\/vc_row][vc_row content_placement=\u00a0\u00bbmiddle\u00a0\u00bb css=\u00a0\u00bb.vc_custom_1656990990679{padding-bottom: 90px !important;}\u00a0\u00bb][vc_column][\/vc_column][\/vc_row]\n","protected":false},"excerpt":{"rendered":"<p>[vc_row css=\u00a0\u00bb.vc_custom_1686669031366{padding-bottom: 15px !important;}\u00a0\u00bb][vc_column][vc_single_image image=\u00a0\u00bb5603&Prime; img_size=\u00a0\u00bbfull\u00a0\u00bb alignment=\u00a0\u00bbcenter\u00a0\u00bb][vc_row_inner][vc_column_inner][vc_single_image image=\u00a0\u00bb4251&Prime; img_size=\u00a0\u00bbfull\u00a0\u00bb alignment=\u00a0\u00bbcenter\u00a0\u00bb css=\u00a0\u00bb.vc_custom_1569540858137{padding-bottom: 15px !important;}\u00a0\u00bb][vc_custom_heading text=\u00a0\u00bbMerci d&rsquo;avoir choisi Ono Spa \u00e0 Mont Tremblant.\u00a0\u00bb font_container=\u00a0\u00bbtag:h2|font_size:22|text_align:center|color:%234c4c4c\u00a0\u00bb google_fonts=\u00a0\u00bbfont_family:Lato%3A100%2C100italic%2C300%2C300italic%2Cregular%2Citalic%2C700%2C700italic%2C900%2C900italic|font_style:400%20regular%3A400%3Anormal\u00a0\u00bb][vc_custom_heading text=\u00a0\u00bbNous avons bien re\u00e7u votre demande de rendez-vous et nous r\u00e9jouissons de pouvoir vous r\u00e9pondre.\u00a0\u00bb font_container=\u00a0\u00bbtag:p|font_size:19|text_align:center|color:%2314aa35&Prime; google_fonts=\u00a0\u00bbfont_family:Lato%3A100%2C100italic%2C300%2C300italic%2Cregular%2Citalic%2C700%2C700italic%2C900%2C900italic|font_style:400%20italic%3A400%3Aitalic\u00a0\u00bb css=\u00a0\u00bb.vc_custom_1686663500762{padding-bottom: 10px !important;}\u00a0\u00bb][vc_column_text css=\u00a0\u00bb.vc_custom_1686706877459{padding-bottom: 20px !important;}\u00a0\u00bb] Nos heures d&rsquo;ouverture sont les suivantes : Du lundi&#8230;<\/p>\n","protected":false},"author":2,"featured_media":5627,"parent":4509,"menu_order":0,"comment_status":"closed","ping_status":"closed","template":"","meta":{"footnotes":""},"class_list":["post-5618","page","type-page","status-publish","has-post-thumbnail","hentry"],"yoast_head":"<!-- This site is optimized with the Yoast SEO Premium plugin v23.4 (Yoast SEO v27.4) - https:\/\/yoast.com\/product\/yoast-seo-premium-wordpress\/ -->\n<title>Ono Spa \u00e0 Mont Tremblant | Demande de r\u00e9servation<\/title>\n<meta name=\"description\" content=\"Merci d&#039;avoir choisi Ono Spa \u00e0 Mont Tremblant. Nous avons bien re\u00e7u votre demande de rendez-vous et nous r\u00e9jouissons de pouvoir vous r\u00e9pondre.\" \/>\n<meta name=\"robots\" content=\"index, follow, max-snippet:-1, max-image-preview:large, max-video-preview:-1\" \/>\n<link rel=\"canonical\" href=\"https:\/\/onospatremblant.com\/fr\/reservations\/merci\/\" \/>\n<meta property=\"og:locale\" content=\"fr_FR\" \/>\n<meta property=\"og:type\" content=\"article\" \/>\n<meta property=\"og:title\" content=\"Merci\" \/>\n<meta property=\"og:description\" content=\"Merci d&#039;avoir choisi Ono Spa \u00e0 Mont Tremblant. Nous avons bien re\u00e7u votre demande de rendez-vous et nous r\u00e9jouissons de pouvoir vous r\u00e9pondre.\" \/>\n<meta property=\"og:url\" content=\"https:\/\/onospatremblant.com\/fr\/reservations\/merci\/\" \/>\n<meta property=\"og:site_name\" content=\"Ono Spa Tremblant\" \/>\n<meta property=\"article:publisher\" content=\"https:\/\/www.facebook.com\/onospatremblant\" \/>\n<meta property=\"article:modified_time\" content=\"2024-09-13T20:03:34+00:00\" \/>\n<meta property=\"og:image\" content=\"https:\/\/i0.wp.com\/onospatremblant.com\/wp-content\/uploads\/2023\/06\/spa-a-mont-tremblant-jpg.webp?fit=1349%2C896&ssl=1\" \/>\n\t<meta property=\"og:image:width\" content=\"1349\" \/>\n\t<meta property=\"og:image:height\" content=\"896\" \/>\n\t<meta property=\"og:image:type\" content=\"image\/jpeg\" \/>\n<meta name=\"twitter:card\" content=\"summary_large_image\" \/>\n<meta name=\"twitter:label1\" content=\"Dur\u00e9e de lecture estim\u00e9e\" \/>\n\t<meta name=\"twitter:data1\" content=\"1 minute\" \/>\n<script type=\"application\/ld+json\" class=\"yoast-schema-graph\">{\"@context\":\"https:\\\/\\\/schema.org\",\"@graph\":[{\"@type\":\"WebPage\",\"@id\":\"https:\\\/\\\/onospatremblant.com\\\/fr\\\/reservations\\\/merci\\\/\",\"url\":\"https:\\\/\\\/onospatremblant.com\\\/fr\\\/reservations\\\/merci\\\/\",\"name\":\"Ono Spa \u00e0 Mont Tremblant | Demande de r\u00e9servation\",\"isPartOf\":{\"@id\":\"https:\\\/\\\/onospatremblant.com\\\/fr\\\/#website\"},\"primaryImageOfPage\":{\"@id\":\"https:\\\/\\\/onospatremblant.com\\\/fr\\\/reservations\\\/merci\\\/#primaryimage\"},\"image\":{\"@id\":\"https:\\\/\\\/onospatremblant.com\\\/fr\\\/reservations\\\/merci\\\/#primaryimage\"},\"thumbnailUrl\":\"https:\\\/\\\/i0.wp.com\\\/onospatremblant.com\\\/wp-content\\\/uploads\\\/2023\\\/06\\\/spa-a-mont-tremblant-jpg.webp?fit=1349%2C896&ssl=1\",\"datePublished\":\"2023-06-13T15:01:54+00:00\",\"dateModified\":\"2024-09-13T20:03:34+00:00\",\"description\":\"Merci d'avoir choisi Ono Spa \u00e0 Mont Tremblant. Nous avons bien re\u00e7u votre demande de rendez-vous et nous r\u00e9jouissons de pouvoir vous r\u00e9pondre.\",\"breadcrumb\":{\"@id\":\"https:\\\/\\\/onospatremblant.com\\\/fr\\\/reservations\\\/merci\\\/#breadcrumb\"},\"inLanguage\":\"fr-FR\",\"potentialAction\":[{\"@type\":\"ReadAction\",\"target\":[\"https:\\\/\\\/onospatremblant.com\\\/fr\\\/reservations\\\/merci\\\/\"]}]},{\"@type\":\"ImageObject\",\"inLanguage\":\"fr-FR\",\"@id\":\"https:\\\/\\\/onospatremblant.com\\\/fr\\\/reservations\\\/merci\\\/#primaryimage\",\"url\":\"https:\\\/\\\/i0.wp.com\\\/onospatremblant.com\\\/wp-content\\\/uploads\\\/2023\\\/06\\\/spa-a-mont-tremblant-jpg.webp?fit=1349%2C896&ssl=1\",\"contentUrl\":\"https:\\\/\\\/i0.wp.com\\\/onospatremblant.com\\\/wp-content\\\/uploads\\\/2023\\\/06\\\/spa-a-mont-tremblant-jpg.webp?fit=1349%2C896&ssl=1\",\"width\":1349,\"height\":896,\"caption\":\"spa a mont tremblant\"},{\"@type\":\"BreadcrumbList\",\"@id\":\"https:\\\/\\\/onospatremblant.com\\\/fr\\\/reservations\\\/merci\\\/#breadcrumb\",\"itemListElement\":[{\"@type\":\"ListItem\",\"position\":1,\"name\":\"Home\",\"item\":\"https:\\\/\\\/onospatremblant.com\\\/fr\\\/\"},{\"@type\":\"ListItem\",\"position\":2,\"name\":\"R\u00e9servations\",\"item\":\"https:\\\/\\\/onospatremblant.com\\\/fr\\\/reservations\\\/\"},{\"@type\":\"ListItem\",\"position\":3,\"name\":\"Merci\"}]},{\"@type\":\"WebSite\",\"@id\":\"https:\\\/\\\/onospatremblant.com\\\/fr\\\/#website\",\"url\":\"https:\\\/\\\/onospatremblant.com\\\/fr\\\/\",\"name\":\"Ono Spa Tremblant\",\"description\":\"\",\"publisher\":{\"@id\":\"https:\\\/\\\/onospatremblant.com\\\/fr\\\/#organization\"},\"potentialAction\":[{\"@type\":\"SearchAction\",\"target\":{\"@type\":\"EntryPoint\",\"urlTemplate\":\"https:\\\/\\\/onospatremblant.com\\\/fr\\\/?s={search_term_string}\"},\"query-input\":{\"@type\":\"PropertyValueSpecification\",\"valueRequired\":true,\"valueName\":\"search_term_string\"}}],\"inLanguage\":\"fr-FR\"},{\"@type\":\"Organization\",\"@id\":\"https:\\\/\\\/onospatremblant.com\\\/fr\\\/#organization\",\"name\":\"Ono Spa in Mont Tremblant\",\"url\":\"https:\\\/\\\/onospatremblant.com\\\/fr\\\/\",\"logo\":{\"@type\":\"ImageObject\",\"inLanguage\":\"fr-FR\",\"@id\":\"https:\\\/\\\/onospatremblant.com\\\/fr\\\/#\\\/schema\\\/logo\\\/image\\\/\",\"url\":\"https:\\\/\\\/i0.wp.com\\\/onospatremblant.com\\\/wp-content\\\/uploads\\\/2020\\\/08\\\/Ono-Spa_Bel-Air-Tremblant150.png?fit=150%2C98&ssl=1\",\"contentUrl\":\"https:\\\/\\\/i0.wp.com\\\/onospatremblant.com\\\/wp-content\\\/uploads\\\/2020\\\/08\\\/Ono-Spa_Bel-Air-Tremblant150.png?fit=150%2C98&ssl=1\",\"width\":150,\"height\":98,\"caption\":\"Ono Spa in Mont Tremblant\"},\"image\":{\"@id\":\"https:\\\/\\\/onospatremblant.com\\\/fr\\\/#\\\/schema\\\/logo\\\/image\\\/\"},\"sameAs\":[\"https:\\\/\\\/www.facebook.com\\\/onospatremblant\",\"https:\\\/\\\/www.instagram.com\\\/onospa.wellnessbelair\\\/\"]}]}<\/script>\n<!-- \/ Yoast SEO Premium plugin. -->","yoast_head_json":{"title":"Ono Spa \u00e0 Mont Tremblant | Demande de r\u00e9servation","description":"Merci d'avoir choisi Ono Spa \u00e0 Mont Tremblant. Nous avons bien re\u00e7u votre demande de rendez-vous et nous r\u00e9jouissons de pouvoir vous r\u00e9pondre.","robots":{"index":"index","follow":"follow","max-snippet":"max-snippet:-1","max-image-preview":"max-image-preview:large","max-video-preview":"max-video-preview:-1"},"canonical":"https:\/\/onospatremblant.com\/fr\/reservations\/merci\/","og_locale":"fr_FR","og_type":"article","og_title":"Merci","og_description":"Merci d'avoir choisi Ono Spa \u00e0 Mont Tremblant. Nous avons bien re\u00e7u votre demande de rendez-vous et nous r\u00e9jouissons de pouvoir vous r\u00e9pondre.","og_url":"https:\/\/onospatremblant.com\/fr\/reservations\/merci\/","og_site_name":"Ono Spa Tremblant","article_publisher":"https:\/\/www.facebook.com\/onospatremblant","article_modified_time":"2024-09-13T20:03:34+00:00","og_image":[{"width":1349,"height":896,"url":"https:\/\/i0.wp.com\/onospatremblant.com\/wp-content\/uploads\/2023\/06\/spa-a-mont-tremblant-jpg.webp?fit=1349%2C896&ssl=1","type":"image\/jpeg"}],"twitter_card":"summary_large_image","twitter_misc":{"Dur\u00e9e de lecture estim\u00e9e":"1 minute"},"schema":{"@context":"https:\/\/schema.org","@graph":[{"@type":"WebPage","@id":"https:\/\/onospatremblant.com\/fr\/reservations\/merci\/","url":"https:\/\/onospatremblant.com\/fr\/reservations\/merci\/","name":"Ono Spa \u00e0 Mont Tremblant | Demande de r\u00e9servation","isPartOf":{"@id":"https:\/\/onospatremblant.com\/fr\/#website"},"primaryImageOfPage":{"@id":"https:\/\/onospatremblant.com\/fr\/reservations\/merci\/#primaryimage"},"image":{"@id":"https:\/\/onospatremblant.com\/fr\/reservations\/merci\/#primaryimage"},"thumbnailUrl":"https:\/\/i0.wp.com\/onospatremblant.com\/wp-content\/uploads\/2023\/06\/spa-a-mont-tremblant-jpg.webp?fit=1349%2C896&ssl=1","datePublished":"2023-06-13T15:01:54+00:00","dateModified":"2024-09-13T20:03:34+00:00","description":"Merci d'avoir choisi Ono Spa \u00e0 Mont Tremblant. Nous avons bien re\u00e7u votre demande de rendez-vous et nous r\u00e9jouissons de pouvoir vous r\u00e9pondre.","breadcrumb":{"@id":"https:\/\/onospatremblant.com\/fr\/reservations\/merci\/#breadcrumb"},"inLanguage":"fr-FR","potentialAction":[{"@type":"ReadAction","target":["https:\/\/onospatremblant.com\/fr\/reservations\/merci\/"]}]},{"@type":"ImageObject","inLanguage":"fr-FR","@id":"https:\/\/onospatremblant.com\/fr\/reservations\/merci\/#primaryimage","url":"https:\/\/i0.wp.com\/onospatremblant.com\/wp-content\/uploads\/2023\/06\/spa-a-mont-tremblant-jpg.webp?fit=1349%2C896&ssl=1","contentUrl":"https:\/\/i0.wp.com\/onospatremblant.com\/wp-content\/uploads\/2023\/06\/spa-a-mont-tremblant-jpg.webp?fit=1349%2C896&ssl=1","width":1349,"height":896,"caption":"spa a mont tremblant"},{"@type":"BreadcrumbList","@id":"https:\/\/onospatremblant.com\/fr\/reservations\/merci\/#breadcrumb","itemListElement":[{"@type":"ListItem","position":1,"name":"Home","item":"https:\/\/onospatremblant.com\/fr\/"},{"@type":"ListItem","position":2,"name":"R\u00e9servations","item":"https:\/\/onospatremblant.com\/fr\/reservations\/"},{"@type":"ListItem","position":3,"name":"Merci"}]},{"@type":"WebSite","@id":"https:\/\/onospatremblant.com\/fr\/#website","url":"https:\/\/onospatremblant.com\/fr\/","name":"Ono Spa Tremblant","description":"","publisher":{"@id":"https:\/\/onospatremblant.com\/fr\/#organization"},"potentialAction":[{"@type":"SearchAction","target":{"@type":"EntryPoint","urlTemplate":"https:\/\/onospatremblant.com\/fr\/?s={search_term_string}"},"query-input":{"@type":"PropertyValueSpecification","valueRequired":true,"valueName":"search_term_string"}}],"inLanguage":"fr-FR"},{"@type":"Organization","@id":"https:\/\/onospatremblant.com\/fr\/#organization","name":"Ono Spa in Mont Tremblant","url":"https:\/\/onospatremblant.com\/fr\/","logo":{"@type":"ImageObject","inLanguage":"fr-FR","@id":"https:\/\/onospatremblant.com\/fr\/#\/schema\/logo\/image\/","url":"https:\/\/i0.wp.com\/onospatremblant.com\/wp-content\/uploads\/2020\/08\/Ono-Spa_Bel-Air-Tremblant150.png?fit=150%2C98&ssl=1","contentUrl":"https:\/\/i0.wp.com\/onospatremblant.com\/wp-content\/uploads\/2020\/08\/Ono-Spa_Bel-Air-Tremblant150.png?fit=150%2C98&ssl=1","width":150,"height":98,"caption":"Ono Spa in Mont Tremblant"},"image":{"@id":"https:\/\/onospatremblant.com\/fr\/#\/schema\/logo\/image\/"},"sameAs":["https:\/\/www.facebook.com\/onospatremblant","https:\/\/www.instagram.com\/onospa.wellnessbelair\/"]}]}},"jetpack_sharing_enabled":true,"_links":{"self":[{"href":"https:\/\/onospatremblant.com\/fr\/wp-json\/wp\/v2\/pages\/5618","targetHints":{"allow":["GET"]}}],"collection":[{"href":"https:\/\/onospatremblant.com\/fr\/wp-json\/wp\/v2\/pages"}],"about":[{"href":"https:\/\/onospatremblant.com\/fr\/wp-json\/wp\/v2\/types\/page"}],"author":[{"embeddable":true,"href":"https:\/\/onospatremblant.com\/fr\/wp-json\/wp\/v2\/users\/2"}],"replies":[{"embeddable":true,"href":"https:\/\/onospatremblant.com\/fr\/wp-json\/wp\/v2\/comments?post=5618"}],"version-history":[{"count":20,"href":"https:\/\/onospatremblant.com\/fr\/wp-json\/wp\/v2\/pages\/5618\/revisions"}],"predecessor-version":[{"id":5939,"href":"https:\/\/onospatremblant.com\/fr\/wp-json\/wp\/v2\/pages\/5618\/revisions\/5939"}],"up":[{"embeddable":true,"href":"https:\/\/onospatremblant.com\/fr\/wp-json\/wp\/v2\/pages\/4509"}],"wp:featuredmedia":[{"embeddable":true,"href":"https:\/\/onospatremblant.com\/fr\/wp-json\/wp\/v2\/media\/5627"}],"wp:attachment":[{"href":"https:\/\/onospatremblant.com\/fr\/wp-json\/wp\/v2\/media?parent=5618"}],"curies":[{"name":"wp","href":"https:\/\/api.w.org\/{rel}","templated":true}]}}