{"id":5658,"date":"2023-06-07T09:55:35","date_gmt":"2023-06-07T13:55:35","guid":{"rendered":"https:\/\/onospatremblant.com\/lodging\/"},"modified":"2023-06-13T15:22:07","modified_gmt":"2023-06-13T19:22:07","slug":"hebergement","status":"publish","type":"page","link":"https:\/\/onospatremblant.com\/fr\/hebergement\/","title":{"rendered":"H\u00e9bergement"},"content":{"rendered":"[vc_row layout=\u00a0\u00bbnormal_no_spaces\u00a0\u00bb css=\u00a0\u00bb.vc_custom_1682616926125{padding-top: 45px !important;}\u00a0\u00bb][vc_column][vc_custom_heading text=\u00a0\u00bb\u00a0\u00bb font_container=\u00a0\u00bbtag:h2|font_size:32px|text_align:center|color:%23dd0000&Prime; google_fonts=\u00a0\u00bbfont_family:Oswald%3A300%2Cregular%2C700|font_style:400%20regular%3A400%3Anormal\u00a0\u00bb el_class=\u00a0\u00bbfont_weight_600&Prime; css=\u00a0\u00bb.vc_custom_1685991598290{padding-bottom: 10px !important;}\u00a0\u00bb][vc_single_image image=\u00a0\u00bb4201&Prime; img_size=\u00a0\u00bbfull\u00a0\u00bb alignment=\u00a0\u00bbcenter\u00a0\u00bb css=\u00a0\u00bb.vc_custom_1569540684235{padding-top: 15px !important;padding-bottom: 15px !important;}\u00a0\u00bb][vc_single_image image=\u00a0\u00bb4251&Prime; img_size=\u00a0\u00bbfull\u00a0\u00bb alignment=\u00a0\u00bbcenter\u00a0\u00bb css=\u00a0\u00bb.vc_custom_1569540858137{padding-bottom: 15px !important;}\u00a0\u00bb][vc_column_text]\n<h2 style=\"text-align: center; font-size: 32px; font-family: oswald;\"><span style=\"color: #64c53a;\"><strong>H\u00e9bergement \u00e0<\/strong> <span style=\"color: black;\">Bel Air Tremblant<\/span><\/span><\/h2>\n[\/vc_column_text][vc_empty_space][vc_column_text]<strong>Bel Air Tremblant<\/strong> est le concept h\u00f4telier le plus innovant du canada, c\u2019 est une destination \u00e0 part enti\u00e8re qui offre des h\u00e9bergements uniques et luxueux. Belair Tremblant a re\u00e7u (mai 2023) le prix d\u2019 excellence de Tripadvisor qui nous classe notre resort parmis les top 10% h\u00f4tels au monde. Nous proposons des h\u00e9bergements uniques et vari\u00e9s comme nos chalets modernes, nos d\u00f4mes Geodesic domes et nos pods. Notre mission est de vous offrir une exp\u00e9rience unique avec un service personnalis\u00e9 et impeccable.[\/vc_column_text][vc_empty_space height=\u00a0\u00bb10px\u00a0\u00bb][\/vc_column][\/vc_row][vc_row gap=\u00a0\u00bb20&Prime; css=\u00a0\u00bb.vc_custom_1668103345814{margin-top: 15px !important;margin-bottom: 30px !important;border-bottom-width: 1px !important;padding-bottom: 20px !important;border-bottom-color: #d3d3d3 !important;border-bottom-style: solid !important;}\u00a0\u00bb][vc_column col_shadow=\u00a0\u00bb\u00a0\u00bb width=\u00a0\u00bb1\/3&Prime; css=\u00a0\u00bb.vc_custom_1686146188795{border-top-width: 2px !important;border-right-width: 2px !important;border-bottom-width: 2px !important;border-left-width: 2px !important;padding-top: 8px !important;padding-right: 8px !important;padding-bottom: 8px !important;padding-left: 8px !important;background-color: #ffffff !important;border-left-color: #64c53a !important;border-left-style: solid !important;border-right-color: #64c53a !important;border-right-style: solid !important;border-top-color: #64c53a !important;border-top-style: solid !important;border-bottom-color: #64c53a !important;border-bottom-style: solid !important;border-radius: 3px !important;}\u00a0\u00bb][vc_single_image image=\u00a0\u00bb5388&Prime; img_size=\u00a0\u00bbfull\u00a0\u00bb alignment=\u00a0\u00bbcenter\u00a0\u00bb onclick=\u00a0\u00bbcustom_link\u00a0\u00bb img_link_target=\u00a0\u00bb_blank\u00a0\u00bb css_animation=\u00a0\u00bbzoomIn\u00a0\u00bb link=\u00a0\u00bbhttps:\/\/belairtremblant.com\/fr\/locations\/domes\/\u00a0\u00bb][vc_column_text css=\u00a0\u00bb.vc_custom_1686683913791{padding-top: 10px !important;padding-right: 10px !important;padding-bottom: 10px !important;padding-left: 10px !important;}\u00a0\u00bb]\n<p style=\"text-align: center;\"><strong><span style=\"font-size: 16px;\"><span style=\"color: #444444;\">D\u00d4MES<\/span><\/span><\/strong><\/p>\n<p style=\"text-align: center;\"><a href=\"https:\/\/belairtremblant.com\/fr\/locations\/domes\/\"><strong><span style=\"color: #64c53a;\">Plus d\u2019informations<\/span><\/strong><\/a><\/p>\n[\/vc_column_text][\/vc_column][vc_column col_shadow=\u00a0\u00bb\u00a0\u00bb width=\u00a0\u00bb1\/3&Prime; css=\u00a0\u00bb.vc_custom_1686146195472{border-top-width: 2px !important;border-right-width: 2px !important;border-bottom-width: 2px !important;border-left-width: 2px !important;padding-top: 8px !important;padding-right: 8px !important;padding-bottom: 8px !important;padding-left: 8px !important;background-color: #ffffff !important;border-left-color: #64c53a !important;border-left-style: solid !important;border-right-color: #64c53a !important;border-right-style: solid !important;border-top-color: #64c53a !important;border-top-style: solid !important;border-bottom-color: #64c53a !important;border-bottom-style: solid !important;border-radius: 2px !important;}\u00a0\u00bb][vc_single_image image=\u00a0\u00bb5391&Prime; img_size=\u00a0\u00bbfull\u00a0\u00bb alignment=\u00a0\u00bbcenter\u00a0\u00bb onclick=\u00a0\u00bbcustom_link\u00a0\u00bb img_link_target=\u00a0\u00bb_blank\u00a0\u00bb css_animation=\u00a0\u00bbzoomIn\u00a0\u00bb link=\u00a0\u00bbhttps:\/\/belairtremblant.com\/fr\/locations\/pods\/\u00a0\u00bb][vc_column_text css=\u00a0\u00bb.vc_custom_1686683956037{padding-top: 10px !important;padding-right: 10px !important;padding-bottom: 10px !important;padding-left: 10px !important;}\u00a0\u00bb]\n<p style=\"text-align: center;\"><strong><span style=\"font-size: 16px;\"><span style=\"color: #444444;\">PODS<\/span><\/span><\/strong><\/p>\n<p style=\"text-align: center;\"><a href=\"https:\/\/belairtremblant.com\/fr\/locations\/pods\/\"><strong><span style=\"color: #64c53a;\">Plus d\u2019informations<\/span><\/strong><\/a><\/p>\n[\/vc_column_text][\/vc_column][vc_column col_shadow=\u00a0\u00bb\u00a0\u00bb width=\u00a0\u00bb1\/3&Prime; css=\u00a0\u00bb.vc_custom_1686146202860{border-top-width: 2px !important;border-right-width: 2px !important;border-bottom-width: 2px !important;border-left-width: 2px !important;padding-top: 8px !important;padding-right: 8px !important;padding-bottom: 8px !important;padding-left: 8px !important;background-color: #ffffff !important;border-left-color: #64c53a !important;border-left-style: solid !important;border-right-color: #64c53a !important;border-right-style: solid !important;border-top-color: #64c53a !important;border-top-style: solid !important;border-bottom-color: #64c53a !important;border-bottom-style: solid !important;border-radius: 3px !important;}\u00a0\u00bb][vc_single_image image=\u00a0\u00bb5393&Prime; img_size=\u00a0\u00bbfull\u00a0\u00bb alignment=\u00a0\u00bbcenter\u00a0\u00bb onclick=\u00a0\u00bbcustom_link\u00a0\u00bb img_link_target=\u00a0\u00bb_blank\u00a0\u00bb css_animation=\u00a0\u00bbzoomIn\u00a0\u00bb link=\u00a0\u00bbhttps:\/\/belairtremblant.com\/fr\/locations\/chalets\/\u00a0\u00bb][vc_column_text css=\u00a0\u00bb.vc_custom_1686684000409{padding-top: 10px !important;padding-right: 10px !important;padding-bottom: 10px !important;padding-left: 10px !important;}\u00a0\u00bb]\n<p style=\"text-align: center;\"><strong><span style=\"font-size: 16px;\"><span style=\"color: #444444;\">CHALETS<\/span><\/span><\/strong><\/p>\n<p style=\"text-align: center;\"><a href=\"https:\/\/belairtremblant.com\/fr\/locations\/chalets\/\"><strong><span style=\"color: #64c53a;\">Plus d\u2019informations<\/span><\/strong><\/a><\/p>\n[\/vc_column_text][\/vc_column][\/vc_row]\n","protected":false},"excerpt":{"rendered":"<p>[vc_row layout=\u00a0\u00bbnormal_no_spaces\u00a0\u00bb css=\u00a0\u00bb.vc_custom_1682616926125{padding-top: 45px !important;}\u00a0\u00bb][vc_column][vc_custom_heading text=\u00a0\u00bb\u00a0\u00bb font_container=\u00a0\u00bbtag:h2|font_size:32px|text_align:center|color:%23dd0000&Prime; google_fonts=\u00a0\u00bbfont_family:Oswald%3A300%2Cregular%2C700|font_style:400%20regular%3A400%3Anormal\u00a0\u00bb el_class=\u00a0\u00bbfont_weight_600&Prime; css=\u00a0\u00bb.vc_custom_1685991598290{padding-bottom: 10px !important;}\u00a0\u00bb][vc_single_image image=\u00a0\u00bb4201&Prime; img_size=\u00a0\u00bbfull\u00a0\u00bb alignment=\u00a0\u00bbcenter\u00a0\u00bb css=\u00a0\u00bb.vc_custom_1569540684235{padding-top: 15px !important;padding-bottom: 15px !important;}\u00a0\u00bb][vc_single_image image=\u00a0\u00bb4251&Prime; img_size=\u00a0\u00bbfull\u00a0\u00bb alignment=\u00a0\u00bbcenter\u00a0\u00bb css=\u00a0\u00bb.vc_custom_1569540858137{padding-bottom: 15px !important;}\u00a0\u00bb][vc_column_text] H\u00e9bergement \u00e0 Bel Air Tremblant [\/vc_column_text][vc_empty_space][vc_column_text]Bel Air Tremblant est le concept h\u00f4telier le plus innovant du canada, c\u2019 est une destination \u00e0 part enti\u00e8re qui offre des h\u00e9bergements uniques&#8230;<\/p>\n","protected":false},"author":2,"featured_media":5388,"parent":0,"menu_order":0,"comment_status":"closed","ping_status":"closed","template":"page-full.php","meta":{"footnotes":""},"class_list":["post-5658","page","type-page","status-publish","has-post-thumbnail","hentry"],"yoast_head":"<!-- This site is optimized with the Yoast SEO Premium plugin v23.4 (Yoast SEO v27.4) - https:\/\/yoast.com\/product\/yoast-seo-premium-wordpress\/ -->\n<title>Location de d\u00f4mes et chalets \u00e0 Mont Tremblant, location de pods.<\/title>\n<meta name=\"description\" content=\"H\u00e9bergement \u00e0 Bel Air Tremblant. Location de d\u00f4me et location de chalet \u00e0 Mont Tremblant, location de pods \u00e0 Tremblant. Locations de vacances.\" \/>\n<meta name=\"robots\" content=\"index, follow, max-snippet:-1, max-image-preview:large, max-video-preview:-1\" \/>\n<link rel=\"canonical\" href=\"https:\/\/onospatremblant.com\/fr\/hebergement\/\" \/>\n<meta property=\"og:locale\" content=\"fr_FR\" \/>\n<meta property=\"og:type\" content=\"article\" \/>\n<meta property=\"og:title\" content=\"H\u00e9bergement\" \/>\n<meta property=\"og:description\" content=\"H\u00e9bergement \u00e0 Bel Air Tremblant. Location de d\u00f4me et location de chalet \u00e0 Mont Tremblant, location de pods \u00e0 Tremblant. Locations de vacances.\" \/>\n<meta property=\"og:url\" content=\"https:\/\/onospatremblant.com\/fr\/hebergement\/\" \/>\n<meta property=\"og:site_name\" content=\"Ono Spa Tremblant\" \/>\n<meta property=\"article:publisher\" content=\"https:\/\/www.facebook.com\/onospatremblant\" \/>\n<meta property=\"article:modified_time\" content=\"2023-06-13T19:22:07+00:00\" \/>\n<meta property=\"og:image\" content=\"https:\/\/i0.wp.com\/onospatremblant.com\/wp-content\/uploads\/2023\/06\/domes-section-jpg.webp?fit=600%2C405&ssl=1\" \/>\n\t<meta property=\"og:image:width\" content=\"600\" \/>\n\t<meta property=\"og:image:height\" content=\"405\" \/>\n\t<meta property=\"og:image:type\" content=\"image\/jpeg\" \/>\n<meta name=\"twitter:card\" content=\"summary_large_image\" \/>\n<meta name=\"twitter:label1\" content=\"Dur\u00e9e de lecture estim\u00e9e\" \/>\n\t<meta name=\"twitter:data1\" content=\"2 minutes\" \/>\n<script type=\"application\/ld+json\" class=\"yoast-schema-graph\">{\"@context\":\"https:\\\/\\\/schema.org\",\"@graph\":[{\"@type\":\"WebPage\",\"@id\":\"https:\\\/\\\/onospatremblant.com\\\/fr\\\/hebergement\\\/\",\"url\":\"https:\\\/\\\/onospatremblant.com\\\/fr\\\/hebergement\\\/\",\"name\":\"Location de d\u00f4mes et chalets \u00e0 Mont Tremblant, location de pods.\",\"isPartOf\":{\"@id\":\"https:\\\/\\\/onospatremblant.com\\\/fr\\\/#website\"},\"primaryImageOfPage\":{\"@id\":\"https:\\\/\\\/onospatremblant.com\\\/fr\\\/hebergement\\\/#primaryimage\"},\"image\":{\"@id\":\"https:\\\/\\\/onospatremblant.com\\\/fr\\\/hebergement\\\/#primaryimage\"},\"thumbnailUrl\":\"https:\\\/\\\/i0.wp.com\\\/onospatremblant.com\\\/wp-content\\\/uploads\\\/2023\\\/06\\\/domes-section-jpg.webp?fit=600%2C405&ssl=1\",\"datePublished\":\"2023-06-07T13:55:35+00:00\",\"dateModified\":\"2023-06-13T19:22:07+00:00\",\"description\":\"H\u00e9bergement \u00e0 Bel Air Tremblant. Location de d\u00f4me et location de chalet \u00e0 Mont Tremblant, location de pods \u00e0 Tremblant. Locations de vacances.\",\"breadcrumb\":{\"@id\":\"https:\\\/\\\/onospatremblant.com\\\/fr\\\/hebergement\\\/#breadcrumb\"},\"inLanguage\":\"fr-FR\",\"potentialAction\":[{\"@type\":\"ReadAction\",\"target\":[\"https:\\\/\\\/onospatremblant.com\\\/fr\\\/hebergement\\\/\"]}]},{\"@type\":\"ImageObject\",\"inLanguage\":\"fr-FR\",\"@id\":\"https:\\\/\\\/onospatremblant.com\\\/fr\\\/hebergement\\\/#primaryimage\",\"url\":\"https:\\\/\\\/i0.wp.com\\\/onospatremblant.com\\\/wp-content\\\/uploads\\\/2023\\\/06\\\/domes-section-jpg.webp?fit=600%2C405&ssl=1\",\"contentUrl\":\"https:\\\/\\\/i0.wp.com\\\/onospatremblant.com\\\/wp-content\\\/uploads\\\/2023\\\/06\\\/domes-section-jpg.webp?fit=600%2C405&ssl=1\",\"width\":600,\"height\":405},{\"@type\":\"BreadcrumbList\",\"@id\":\"https:\\\/\\\/onospatremblant.com\\\/fr\\\/hebergement\\\/#breadcrumb\",\"itemListElement\":[{\"@type\":\"ListItem\",\"position\":1,\"name\":\"Home\",\"item\":\"https:\\\/\\\/onospatremblant.com\\\/fr\\\/\"},{\"@type\":\"ListItem\",\"position\":2,\"name\":\"H\u00e9bergement\"}]},{\"@type\":\"WebSite\",\"@id\":\"https:\\\/\\\/onospatremblant.com\\\/fr\\\/#website\",\"url\":\"https:\\\/\\\/onospatremblant.com\\\/fr\\\/\",\"name\":\"Ono Spa Tremblant\",\"description\":\"\",\"publisher\":{\"@id\":\"https:\\\/\\\/onospatremblant.com\\\/fr\\\/#organization\"},\"potentialAction\":[{\"@type\":\"SearchAction\",\"target\":{\"@type\":\"EntryPoint\",\"urlTemplate\":\"https:\\\/\\\/onospatremblant.com\\\/fr\\\/?s={search_term_string}\"},\"query-input\":{\"@type\":\"PropertyValueSpecification\",\"valueRequired\":true,\"valueName\":\"search_term_string\"}}],\"inLanguage\":\"fr-FR\"},{\"@type\":\"Organization\",\"@id\":\"https:\\\/\\\/onospatremblant.com\\\/fr\\\/#organization\",\"name\":\"Ono Spa in Mont Tremblant\",\"url\":\"https:\\\/\\\/onospatremblant.com\\\/fr\\\/\",\"logo\":{\"@type\":\"ImageObject\",\"inLanguage\":\"fr-FR\",\"@id\":\"https:\\\/\\\/onospatremblant.com\\\/fr\\\/#\\\/schema\\\/logo\\\/image\\\/\",\"url\":\"https:\\\/\\\/i0.wp.com\\\/onospatremblant.com\\\/wp-content\\\/uploads\\\/2020\\\/08\\\/Ono-Spa_Bel-Air-Tremblant150.png?fit=150%2C98&ssl=1\",\"contentUrl\":\"https:\\\/\\\/i0.wp.com\\\/onospatremblant.com\\\/wp-content\\\/uploads\\\/2020\\\/08\\\/Ono-Spa_Bel-Air-Tremblant150.png?fit=150%2C98&ssl=1\",\"width\":150,\"height\":98,\"caption\":\"Ono Spa in Mont Tremblant\"},\"image\":{\"@id\":\"https:\\\/\\\/onospatremblant.com\\\/fr\\\/#\\\/schema\\\/logo\\\/image\\\/\"},\"sameAs\":[\"https:\\\/\\\/www.facebook.com\\\/onospatremblant\",\"https:\\\/\\\/www.instagram.com\\\/onospa.wellnessbelair\\\/\"]}]}<\/script>\n<!-- \/ Yoast SEO Premium plugin. -->","yoast_head_json":{"title":"Location de d\u00f4mes et chalets \u00e0 Mont Tremblant, location de pods.","description":"H\u00e9bergement \u00e0 Bel Air Tremblant. Location de d\u00f4me et location de chalet \u00e0 Mont Tremblant, location de pods \u00e0 Tremblant. Locations de vacances.","robots":{"index":"index","follow":"follow","max-snippet":"max-snippet:-1","max-image-preview":"max-image-preview:large","max-video-preview":"max-video-preview:-1"},"canonical":"https:\/\/onospatremblant.com\/fr\/hebergement\/","og_locale":"fr_FR","og_type":"article","og_title":"H\u00e9bergement","og_description":"H\u00e9bergement \u00e0 Bel Air Tremblant. Location de d\u00f4me et location de chalet \u00e0 Mont Tremblant, location de pods \u00e0 Tremblant. Locations de vacances.","og_url":"https:\/\/onospatremblant.com\/fr\/hebergement\/","og_site_name":"Ono Spa Tremblant","article_publisher":"https:\/\/www.facebook.com\/onospatremblant","article_modified_time":"2023-06-13T19:22:07+00:00","og_image":[{"width":600,"height":405,"url":"https:\/\/i0.wp.com\/onospatremblant.com\/wp-content\/uploads\/2023\/06\/domes-section-jpg.webp?fit=600%2C405&ssl=1","type":"image\/jpeg"}],"twitter_card":"summary_large_image","twitter_misc":{"Dur\u00e9e de lecture estim\u00e9e":"2 minutes"},"schema":{"@context":"https:\/\/schema.org","@graph":[{"@type":"WebPage","@id":"https:\/\/onospatremblant.com\/fr\/hebergement\/","url":"https:\/\/onospatremblant.com\/fr\/hebergement\/","name":"Location de d\u00f4mes et chalets \u00e0 Mont Tremblant, location de pods.","isPartOf":{"@id":"https:\/\/onospatremblant.com\/fr\/#website"},"primaryImageOfPage":{"@id":"https:\/\/onospatremblant.com\/fr\/hebergement\/#primaryimage"},"image":{"@id":"https:\/\/onospatremblant.com\/fr\/hebergement\/#primaryimage"},"thumbnailUrl":"https:\/\/i0.wp.com\/onospatremblant.com\/wp-content\/uploads\/2023\/06\/domes-section-jpg.webp?fit=600%2C405&ssl=1","datePublished":"2023-06-07T13:55:35+00:00","dateModified":"2023-06-13T19:22:07+00:00","description":"H\u00e9bergement \u00e0 Bel Air Tremblant. Location de d\u00f4me et location de chalet \u00e0 Mont Tremblant, location de pods \u00e0 Tremblant. Locations de vacances.","breadcrumb":{"@id":"https:\/\/onospatremblant.com\/fr\/hebergement\/#breadcrumb"},"inLanguage":"fr-FR","potentialAction":[{"@type":"ReadAction","target":["https:\/\/onospatremblant.com\/fr\/hebergement\/"]}]},{"@type":"ImageObject","inLanguage":"fr-FR","@id":"https:\/\/onospatremblant.com\/fr\/hebergement\/#primaryimage","url":"https:\/\/i0.wp.com\/onospatremblant.com\/wp-content\/uploads\/2023\/06\/domes-section-jpg.webp?fit=600%2C405&ssl=1","contentUrl":"https:\/\/i0.wp.com\/onospatremblant.com\/wp-content\/uploads\/2023\/06\/domes-section-jpg.webp?fit=600%2C405&ssl=1","width":600,"height":405},{"@type":"BreadcrumbList","@id":"https:\/\/onospatremblant.com\/fr\/hebergement\/#breadcrumb","itemListElement":[{"@type":"ListItem","position":1,"name":"Home","item":"https:\/\/onospatremblant.com\/fr\/"},{"@type":"ListItem","position":2,"name":"H\u00e9bergement"}]},{"@type":"WebSite","@id":"https:\/\/onospatremblant.com\/fr\/#website","url":"https:\/\/onospatremblant.com\/fr\/","name":"Ono Spa Tremblant","description":"","publisher":{"@id":"https:\/\/onospatremblant.com\/fr\/#organization"},"potentialAction":[{"@type":"SearchAction","target":{"@type":"EntryPoint","urlTemplate":"https:\/\/onospatremblant.com\/fr\/?s={search_term_string}"},"query-input":{"@type":"PropertyValueSpecification","valueRequired":true,"valueName":"search_term_string"}}],"inLanguage":"fr-FR"},{"@type":"Organization","@id":"https:\/\/onospatremblant.com\/fr\/#organization","name":"Ono Spa in Mont Tremblant","url":"https:\/\/onospatremblant.com\/fr\/","logo":{"@type":"ImageObject","inLanguage":"fr-FR","@id":"https:\/\/onospatremblant.com\/fr\/#\/schema\/logo\/image\/","url":"https:\/\/i0.wp.com\/onospatremblant.com\/wp-content\/uploads\/2020\/08\/Ono-Spa_Bel-Air-Tremblant150.png?fit=150%2C98&ssl=1","contentUrl":"https:\/\/i0.wp.com\/onospatremblant.com\/wp-content\/uploads\/2020\/08\/Ono-Spa_Bel-Air-Tremblant150.png?fit=150%2C98&ssl=1","width":150,"height":98,"caption":"Ono Spa in Mont Tremblant"},"image":{"@id":"https:\/\/onospatremblant.com\/fr\/#\/schema\/logo\/image\/"},"sameAs":["https:\/\/www.facebook.com\/onospatremblant","https:\/\/www.instagram.com\/onospa.wellnessbelair\/"]}]}},"jetpack_sharing_enabled":true,"_links":{"self":[{"href":"https:\/\/onospatremblant.com\/fr\/wp-json\/wp\/v2\/pages\/5658","targetHints":{"allow":["GET"]}}],"collection":[{"href":"https:\/\/onospatremblant.com\/fr\/wp-json\/wp\/v2\/pages"}],"about":[{"href":"https:\/\/onospatremblant.com\/fr\/wp-json\/wp\/v2\/types\/page"}],"author":[{"embeddable":true,"href":"https:\/\/onospatremblant.com\/fr\/wp-json\/wp\/v2\/users\/2"}],"replies":[{"embeddable":true,"href":"https:\/\/onospatremblant.com\/fr\/wp-json\/wp\/v2\/comments?post=5658"}],"version-history":[{"count":4,"href":"https:\/\/onospatremblant.com\/fr\/wp-json\/wp\/v2\/pages\/5658\/revisions"}],"predecessor-version":[{"id":5662,"href":"https:\/\/onospatremblant.com\/fr\/wp-json\/wp\/v2\/pages\/5658\/revisions\/5662"}],"wp:featuredmedia":[{"embeddable":true,"href":"https:\/\/onospatremblant.com\/fr\/wp-json\/wp\/v2\/media\/5388"}],"wp:attachment":[{"href":"https:\/\/onospatremblant.com\/fr\/wp-json\/wp\/v2\/media?parent=5658"}],"curies":[{"name":"wp","href":"https:\/\/api.w.org\/{rel}","templated":true}]}}