{"id":5663,"date":"2023-06-07T10:23:36","date_gmt":"2023-06-07T14:23:36","guid":{"rendered":"https:\/\/onospatremblant.com\/food-beverages\/"},"modified":"2023-10-05T17:26:14","modified_gmt":"2023-10-05T21:26:14","slug":"manger-et-boire","status":"publish","type":"page","link":"https:\/\/onospatremblant.com\/fr\/manger-et-boire\/","title":{"rendered":"Manger et Boire"},"content":{"rendered":"[vc_row layout=\u00a0\u00bbnormal_no_spaces\u00a0\u00bb css=\u00a0\u00bb.vc_custom_1682616926125{padding-top: 45px !important;}\u00a0\u00bb][vc_column][vc_custom_heading text=\u00a0\u00bb\u00a0\u00bb font_container=\u00a0\u00bbtag:h2|font_size:32px|text_align:center|color:%23dd0000&Prime; google_fonts=\u00a0\u00bbfont_family:Oswald%3A300%2Cregular%2C700|font_style:400%20regular%3A400%3Anormal\u00a0\u00bb el_class=\u00a0\u00bbfont_weight_600&Prime; css=\u00a0\u00bb.vc_custom_1685991598290{padding-bottom: 10px !important;}\u00a0\u00bb][vc_single_image image=\u00a0\u00bb4201&Prime; img_size=\u00a0\u00bbfull\u00a0\u00bb alignment=\u00a0\u00bbcenter\u00a0\u00bb css=\u00a0\u00bb.vc_custom_1569540684235{padding-top: 15px !important;padding-bottom: 15px !important;}\u00a0\u00bb][vc_single_image image=\u00a0\u00bb4251&Prime; img_size=\u00a0\u00bbfull\u00a0\u00bb alignment=\u00a0\u00bbcenter\u00a0\u00bb css=\u00a0\u00bb.vc_custom_1569540858137{padding-bottom: 15px !important;}\u00a0\u00bb][vc_column_text]\n<h2 style=\"text-align: center; font-size: 32px; font-family: oswald;\"><span style=\"color: #64c53a;\"><strong>Manger et Boire \u00e0<\/strong> <span style=\"color: black;\">Bel Air Tremblant<\/span><\/span><\/h2>\n[\/vc_column_text][vc_empty_space][vc_column_text]Belair Tremblant porte une attention tr\u00e8s particuli\u00e8re \u00e0 son p\u00f4le restauration, nous avons pour objectif d\u2019 offrir une exp\u00e9rience culinaire, des mets les plus simples aux plus sophistiqu\u00e9s. Nous n\u2019 utilisons que des ingr\u00e9dients frais et de meilleure qualit\u00e9. Ekki Sushi importe chaque semaine son poisson directement du Japon.<\/p>\n<p>Stephanie Gueganno, notre directrice de la restauration, a constitu\u00e9 une \u00e9quipe de chefs internationaux afin de charmer vos papilles gustatives. Ekki Sushi class\u00e9 # 1 des restaurants \u00e0 Mont Tremblant offre une exp\u00e9rience culinaire japonaise absolument incroyable. Notre \u00e9quipe \u00e0 BelAir Tremblant est pr\u00eate \u00e9galement \u00e0 organiser vos d\u00eeners priv\u00e9s ou \u00e9v\u00e9nements corporatifs ou autres. Notre environnement magique ne fera que renforcer notre d\u00e9licate cuisine.[\/vc_column_text][\/vc_column][\/vc_row][vc_row][vc_column][vc_separator padding_top=\u00a0\u00bb30&Prime; padding_bottom=\u00a0\u00bb30&Prime;][\/vc_column][\/vc_row][vc_row gap=\u00a0\u00bb20&Prime; eq_height=\u00a0\u00bbyes\u00a0\u00bb content_placement=\u00a0\u00bbmiddle\u00a0\u00bb css=\u00a0\u00bb.vc_custom_1686060774687{padding-bottom: 25px !important;}\u00a0\u00bb][vc_column width=\u00a0\u00bb1\/2&Prime;][vc_single_image image=\u00a0\u00bb5403&Prime; img_size=\u00a0\u00bbfull\u00a0\u00bb alignment=\u00a0\u00bbcenter\u00a0\u00bb][\/vc_column][vc_column width=\u00a0\u00bb1\/2&Prime;][vc_column_text]\n<h2><span style=\"color: black;\">Le Bistro<\/span><\/h2>\n[\/vc_column_text][vc_column_text]Le bistro propose des d\u00e9jeuners, d\u00eeners, et des repas pendant toute la journ\u00e9e. Notre \u00e9quipe sera heureuse de vous servir \u00e0 l\u2019int\u00e9rieur mais \u00e9galement sur la terrasse ou autour de la piscine. Nous proposons \u00e9galement une large vari\u00e9t\u00e9 de boissons, cocktails et champagnes. Le Bistro pourra \u00e9galement vous livrer votre d\u00e9jeuner ou des assortiments de fromages et de charcuterie directement dans votre h\u00e9bergement.<\/p>\n<p><strong>Horaires:<\/strong>\u00a0Ouvert de 8h \u00e0 18h<br \/>\n<strong>Site Web: <\/strong><a href=\"https:\/\/bistrobelairtremblant.com\/\" target=\"_blank\" rel=\"noopener\">https:\/\/bistrobelairtremblant.com\/<\/a><br \/>\n<strong>T\u00e9l\u00e9phone:\u00a0<\/strong> <a href=\"tel: 1 819-536-7729\">+1 819-536-7729<\/a>[\/vc_column_text][\/vc_column][\/vc_row][vc_row][vc_column][vc_separator padding_top=\u00a0\u00bb30&Prime; padding_bottom=\u00a0\u00bb30&Prime;][\/vc_column][\/vc_row][vc_row gap=\u00a0\u00bb20&Prime; eq_height=\u00a0\u00bbyes\u00a0\u00bb content_placement=\u00a0\u00bbmiddle\u00a0\u00bb css=\u00a0\u00bb.vc_custom_1696540906654{padding-top: 20px !important;padding-bottom: 20px !important;}\u00a0\u00bb][vc_column width=\u00a0\u00bb1\/2&Prime;][vc_column_text]\n<h2><span style=\"color: black;\">Ekki Sushi<\/span><\/h2>\n[\/vc_column_text][vc_column_text]Ekki Sushi a re\u00e7u le prix d\u2019excellence de Tripadvisor en 2022. Nos chefs proposent une exp\u00e9rience culinaire japonaise absolument incroyable. Ekki est un restaurant japonais traditionnel et moderne offrant 30 places assises dans une atmosph\u00e8re raffin\u00e9e et \u00e9l\u00e9gante Ekki Sushi est reconnu pour ses services Omakas\u00e9, ses Sushis et Sashimis de m\u00eame que pour l\u2019 introduction r\u00e9cente de ses Yakitoris. Les Yakitoris sont des brochettes grill\u00e9es de poisson, poulet de viandes et de l\u00e9gumes. En raison de notre forte popularit\u00e9, les r\u00e9servations sont fortement recommand\u00e9es. Ekki propose \u00e9galement un service de traiteur et des plats \u00e0 emporter.<\/p>\n<p><strong>Horaires:<\/strong>\u00a0Ouvert de 17h \u00e0 22h<br \/>\n<strong>Site Web: <\/strong><a href=\"https:\/\/ekkisushitremblant.com\/\" target=\"_blank\" rel=\"noopener\">https:\/\/ekkisushitremblant.com\/<\/a><br \/>\n<strong>T\u00e9l\u00e9phone:\u00a0<\/strong> <a href=\"tel: 1 819-472-8002\">+1 819-472-8002<\/a><br \/>\n<strong>Livraison et \u00e0 emporter<\/strong>[\/vc_column_text][\/vc_column][vc_column width=\u00a0\u00bb1\/2&Prime;][vc_single_image image=\u00a0\u00bb5406&Prime; img_size=\u00a0\u00bbfull\u00a0\u00bb alignment=\u00a0\u00bbcenter\u00a0\u00bb][\/vc_column][\/vc_row][vc_row][vc_column][vc_separator padding_top=\u00a0\u00bb30&Prime; padding_bottom=\u00a0\u00bb30&Prime;][\/vc_column][\/vc_row]\n","protected":false},"excerpt":{"rendered":"<p>[vc_row layout=\u00a0\u00bbnormal_no_spaces\u00a0\u00bb css=\u00a0\u00bb.vc_custom_1682616926125{padding-top: 45px !important;}\u00a0\u00bb][vc_column][vc_custom_heading text=\u00a0\u00bb\u00a0\u00bb font_container=\u00a0\u00bbtag:h2|font_size:32px|text_align:center|color:%23dd0000&Prime; google_fonts=\u00a0\u00bbfont_family:Oswald%3A300%2Cregular%2C700|font_style:400%20regular%3A400%3Anormal\u00a0\u00bb el_class=\u00a0\u00bbfont_weight_600&Prime; css=\u00a0\u00bb.vc_custom_1685991598290{padding-bottom: 10px !important;}\u00a0\u00bb][vc_single_image image=\u00a0\u00bb4201&Prime; img_size=\u00a0\u00bbfull\u00a0\u00bb alignment=\u00a0\u00bbcenter\u00a0\u00bb css=\u00a0\u00bb.vc_custom_1569540684235{padding-top: 15px !important;padding-bottom: 15px !important;}\u00a0\u00bb][vc_single_image image=\u00a0\u00bb4251&Prime; img_size=\u00a0\u00bbfull\u00a0\u00bb alignment=\u00a0\u00bbcenter\u00a0\u00bb css=\u00a0\u00bb.vc_custom_1569540858137{padding-bottom: 15px !important;}\u00a0\u00bb][vc_column_text] Manger et Boire \u00e0 Bel Air Tremblant [\/vc_column_text][vc_empty_space][vc_column_text]Belair Tremblant porte une attention tr\u00e8s particuli\u00e8re \u00e0 son p\u00f4le restauration, nous avons pour objectif d\u2019 offrir une exp\u00e9rience culinaire, des mets&#8230;<\/p>\n","protected":false},"author":2,"featured_media":5406,"parent":0,"menu_order":0,"comment_status":"closed","ping_status":"closed","template":"page-full.php","meta":{"footnotes":""},"class_list":["post-5663","page","type-page","status-publish","has-post-thumbnail","hentry"],"yoast_head":"<!-- This site is optimized with the Yoast SEO Premium plugin v23.4 (Yoast SEO v27.4) - https:\/\/yoast.com\/product\/yoast-seo-premium-wordpress\/ -->\n<title>Food and Beverages in Tremblant, Restaurants in Mont Tremblant.<\/title>\n<meta name=\"description\" content=\"Restaurants in Mont Tremblant. Where to buy food and beverages in Mont Tremblant. Breakfast in Mont Tremblant. Sushi places in Tremblant.\" \/>\n<meta name=\"robots\" content=\"index, follow, max-snippet:-1, max-image-preview:large, max-video-preview:-1\" \/>\n<link rel=\"canonical\" href=\"https:\/\/onospatremblant.com\/fr\/manger-et-boire\/\" \/>\n<meta property=\"og:locale\" content=\"fr_FR\" \/>\n<meta property=\"og:type\" content=\"article\" \/>\n<meta property=\"og:title\" content=\"Manger et Boire\" \/>\n<meta property=\"og:description\" content=\"Restaurants in Mont Tremblant. Where to buy food and beverages in Mont Tremblant. Breakfast in Mont Tremblant. Sushi places in Tremblant.\" \/>\n<meta property=\"og:url\" content=\"https:\/\/onospatremblant.com\/fr\/manger-et-boire\/\" \/>\n<meta property=\"og:site_name\" content=\"Ono Spa Tremblant\" \/>\n<meta property=\"article:publisher\" content=\"https:\/\/www.facebook.com\/onospatremblant\" \/>\n<meta property=\"article:modified_time\" content=\"2023-10-05T21:26:14+00:00\" \/>\n<meta property=\"og:image\" content=\"https:\/\/i0.wp.com\/onospatremblant.com\/wp-content\/uploads\/2023\/06\/ekkisushi3-jpg.webp?fit=550%2C300&ssl=1\" \/>\n\t<meta property=\"og:image:width\" content=\"550\" \/>\n\t<meta property=\"og:image:height\" content=\"300\" \/>\n\t<meta property=\"og:image:type\" content=\"image\/jpeg\" \/>\n<meta name=\"twitter:card\" content=\"summary_large_image\" \/>\n<meta name=\"twitter:label1\" content=\"Dur\u00e9e de lecture estim\u00e9e\" \/>\n\t<meta name=\"twitter:data1\" content=\"3 minutes\" \/>\n<script type=\"application\/ld+json\" class=\"yoast-schema-graph\">{\"@context\":\"https:\\\/\\\/schema.org\",\"@graph\":[{\"@type\":\"WebPage\",\"@id\":\"https:\\\/\\\/onospatremblant.com\\\/fr\\\/manger-et-boire\\\/\",\"url\":\"https:\\\/\\\/onospatremblant.com\\\/fr\\\/manger-et-boire\\\/\",\"name\":\"Food and Beverages in Tremblant, Restaurants in Mont Tremblant.\",\"isPartOf\":{\"@id\":\"https:\\\/\\\/onospatremblant.com\\\/fr\\\/#website\"},\"primaryImageOfPage\":{\"@id\":\"https:\\\/\\\/onospatremblant.com\\\/fr\\\/manger-et-boire\\\/#primaryimage\"},\"image\":{\"@id\":\"https:\\\/\\\/onospatremblant.com\\\/fr\\\/manger-et-boire\\\/#primaryimage\"},\"thumbnailUrl\":\"https:\\\/\\\/i0.wp.com\\\/onospatremblant.com\\\/wp-content\\\/uploads\\\/2023\\\/06\\\/ekkisushi3-jpg.webp?fit=550%2C300&ssl=1\",\"datePublished\":\"2023-06-07T14:23:36+00:00\",\"dateModified\":\"2023-10-05T21:26:14+00:00\",\"description\":\"Restaurants in Mont Tremblant. Where to buy food and beverages in Mont Tremblant. Breakfast in Mont Tremblant. Sushi places in Tremblant.\",\"breadcrumb\":{\"@id\":\"https:\\\/\\\/onospatremblant.com\\\/fr\\\/manger-et-boire\\\/#breadcrumb\"},\"inLanguage\":\"fr-FR\",\"potentialAction\":[{\"@type\":\"ReadAction\",\"target\":[\"https:\\\/\\\/onospatremblant.com\\\/fr\\\/manger-et-boire\\\/\"]}]},{\"@type\":\"ImageObject\",\"inLanguage\":\"fr-FR\",\"@id\":\"https:\\\/\\\/onospatremblant.com\\\/fr\\\/manger-et-boire\\\/#primaryimage\",\"url\":\"https:\\\/\\\/i0.wp.com\\\/onospatremblant.com\\\/wp-content\\\/uploads\\\/2023\\\/06\\\/ekkisushi3-jpg.webp?fit=550%2C300&ssl=1\",\"contentUrl\":\"https:\\\/\\\/i0.wp.com\\\/onospatremblant.com\\\/wp-content\\\/uploads\\\/2023\\\/06\\\/ekkisushi3-jpg.webp?fit=550%2C300&ssl=1\",\"width\":550,\"height\":300},{\"@type\":\"BreadcrumbList\",\"@id\":\"https:\\\/\\\/onospatremblant.com\\\/fr\\\/manger-et-boire\\\/#breadcrumb\",\"itemListElement\":[{\"@type\":\"ListItem\",\"position\":1,\"name\":\"Home\",\"item\":\"https:\\\/\\\/onospatremblant.com\\\/fr\\\/\"},{\"@type\":\"ListItem\",\"position\":2,\"name\":\"Manger et Boire\"}]},{\"@type\":\"WebSite\",\"@id\":\"https:\\\/\\\/onospatremblant.com\\\/fr\\\/#website\",\"url\":\"https:\\\/\\\/onospatremblant.com\\\/fr\\\/\",\"name\":\"Ono Spa Tremblant\",\"description\":\"\",\"publisher\":{\"@id\":\"https:\\\/\\\/onospatremblant.com\\\/fr\\\/#organization\"},\"potentialAction\":[{\"@type\":\"SearchAction\",\"target\":{\"@type\":\"EntryPoint\",\"urlTemplate\":\"https:\\\/\\\/onospatremblant.com\\\/fr\\\/?s={search_term_string}\"},\"query-input\":{\"@type\":\"PropertyValueSpecification\",\"valueRequired\":true,\"valueName\":\"search_term_string\"}}],\"inLanguage\":\"fr-FR\"},{\"@type\":\"Organization\",\"@id\":\"https:\\\/\\\/onospatremblant.com\\\/fr\\\/#organization\",\"name\":\"Ono Spa in Mont Tremblant\",\"url\":\"https:\\\/\\\/onospatremblant.com\\\/fr\\\/\",\"logo\":{\"@type\":\"ImageObject\",\"inLanguage\":\"fr-FR\",\"@id\":\"https:\\\/\\\/onospatremblant.com\\\/fr\\\/#\\\/schema\\\/logo\\\/image\\\/\",\"url\":\"https:\\\/\\\/i0.wp.com\\\/onospatremblant.com\\\/wp-content\\\/uploads\\\/2020\\\/08\\\/Ono-Spa_Bel-Air-Tremblant150.png?fit=150%2C98&ssl=1\",\"contentUrl\":\"https:\\\/\\\/i0.wp.com\\\/onospatremblant.com\\\/wp-content\\\/uploads\\\/2020\\\/08\\\/Ono-Spa_Bel-Air-Tremblant150.png?fit=150%2C98&ssl=1\",\"width\":150,\"height\":98,\"caption\":\"Ono Spa in Mont Tremblant\"},\"image\":{\"@id\":\"https:\\\/\\\/onospatremblant.com\\\/fr\\\/#\\\/schema\\\/logo\\\/image\\\/\"},\"sameAs\":[\"https:\\\/\\\/www.facebook.com\\\/onospatremblant\",\"https:\\\/\\\/www.instagram.com\\\/onospa.wellnessbelair\\\/\"]}]}<\/script>\n<!-- \/ Yoast SEO Premium plugin. -->","yoast_head_json":{"title":"Food and Beverages in Tremblant, Restaurants in Mont Tremblant.","description":"Restaurants in Mont Tremblant. Where to buy food and beverages in Mont Tremblant. Breakfast in Mont Tremblant. Sushi places in Tremblant.","robots":{"index":"index","follow":"follow","max-snippet":"max-snippet:-1","max-image-preview":"max-image-preview:large","max-video-preview":"max-video-preview:-1"},"canonical":"https:\/\/onospatremblant.com\/fr\/manger-et-boire\/","og_locale":"fr_FR","og_type":"article","og_title":"Manger et Boire","og_description":"Restaurants in Mont Tremblant. Where to buy food and beverages in Mont Tremblant. Breakfast in Mont Tremblant. Sushi places in Tremblant.","og_url":"https:\/\/onospatremblant.com\/fr\/manger-et-boire\/","og_site_name":"Ono Spa Tremblant","article_publisher":"https:\/\/www.facebook.com\/onospatremblant","article_modified_time":"2023-10-05T21:26:14+00:00","og_image":[{"width":550,"height":300,"url":"https:\/\/i0.wp.com\/onospatremblant.com\/wp-content\/uploads\/2023\/06\/ekkisushi3-jpg.webp?fit=550%2C300&ssl=1","type":"image\/jpeg"}],"twitter_card":"summary_large_image","twitter_misc":{"Dur\u00e9e de lecture estim\u00e9e":"3 minutes"},"schema":{"@context":"https:\/\/schema.org","@graph":[{"@type":"WebPage","@id":"https:\/\/onospatremblant.com\/fr\/manger-et-boire\/","url":"https:\/\/onospatremblant.com\/fr\/manger-et-boire\/","name":"Food and Beverages in Tremblant, Restaurants in Mont Tremblant.","isPartOf":{"@id":"https:\/\/onospatremblant.com\/fr\/#website"},"primaryImageOfPage":{"@id":"https:\/\/onospatremblant.com\/fr\/manger-et-boire\/#primaryimage"},"image":{"@id":"https:\/\/onospatremblant.com\/fr\/manger-et-boire\/#primaryimage"},"thumbnailUrl":"https:\/\/i0.wp.com\/onospatremblant.com\/wp-content\/uploads\/2023\/06\/ekkisushi3-jpg.webp?fit=550%2C300&ssl=1","datePublished":"2023-06-07T14:23:36+00:00","dateModified":"2023-10-05T21:26:14+00:00","description":"Restaurants in Mont Tremblant. Where to buy food and beverages in Mont Tremblant. Breakfast in Mont Tremblant. Sushi places in Tremblant.","breadcrumb":{"@id":"https:\/\/onospatremblant.com\/fr\/manger-et-boire\/#breadcrumb"},"inLanguage":"fr-FR","potentialAction":[{"@type":"ReadAction","target":["https:\/\/onospatremblant.com\/fr\/manger-et-boire\/"]}]},{"@type":"ImageObject","inLanguage":"fr-FR","@id":"https:\/\/onospatremblant.com\/fr\/manger-et-boire\/#primaryimage","url":"https:\/\/i0.wp.com\/onospatremblant.com\/wp-content\/uploads\/2023\/06\/ekkisushi3-jpg.webp?fit=550%2C300&ssl=1","contentUrl":"https:\/\/i0.wp.com\/onospatremblant.com\/wp-content\/uploads\/2023\/06\/ekkisushi3-jpg.webp?fit=550%2C300&ssl=1","width":550,"height":300},{"@type":"BreadcrumbList","@id":"https:\/\/onospatremblant.com\/fr\/manger-et-boire\/#breadcrumb","itemListElement":[{"@type":"ListItem","position":1,"name":"Home","item":"https:\/\/onospatremblant.com\/fr\/"},{"@type":"ListItem","position":2,"name":"Manger et Boire"}]},{"@type":"WebSite","@id":"https:\/\/onospatremblant.com\/fr\/#website","url":"https:\/\/onospatremblant.com\/fr\/","name":"Ono Spa Tremblant","description":"","publisher":{"@id":"https:\/\/onospatremblant.com\/fr\/#organization"},"potentialAction":[{"@type":"SearchAction","target":{"@type":"EntryPoint","urlTemplate":"https:\/\/onospatremblant.com\/fr\/?s={search_term_string}"},"query-input":{"@type":"PropertyValueSpecification","valueRequired":true,"valueName":"search_term_string"}}],"inLanguage":"fr-FR"},{"@type":"Organization","@id":"https:\/\/onospatremblant.com\/fr\/#organization","name":"Ono Spa in Mont Tremblant","url":"https:\/\/onospatremblant.com\/fr\/","logo":{"@type":"ImageObject","inLanguage":"fr-FR","@id":"https:\/\/onospatremblant.com\/fr\/#\/schema\/logo\/image\/","url":"https:\/\/i0.wp.com\/onospatremblant.com\/wp-content\/uploads\/2020\/08\/Ono-Spa_Bel-Air-Tremblant150.png?fit=150%2C98&ssl=1","contentUrl":"https:\/\/i0.wp.com\/onospatremblant.com\/wp-content\/uploads\/2020\/08\/Ono-Spa_Bel-Air-Tremblant150.png?fit=150%2C98&ssl=1","width":150,"height":98,"caption":"Ono Spa in Mont Tremblant"},"image":{"@id":"https:\/\/onospatremblant.com\/fr\/#\/schema\/logo\/image\/"},"sameAs":["https:\/\/www.facebook.com\/onospatremblant","https:\/\/www.instagram.com\/onospa.wellnessbelair\/"]}]}},"jetpack_sharing_enabled":true,"_links":{"self":[{"href":"https:\/\/onospatremblant.com\/fr\/wp-json\/wp\/v2\/pages\/5663","targetHints":{"allow":["GET"]}}],"collection":[{"href":"https:\/\/onospatremblant.com\/fr\/wp-json\/wp\/v2\/pages"}],"about":[{"href":"https:\/\/onospatremblant.com\/fr\/wp-json\/wp\/v2\/types\/page"}],"author":[{"embeddable":true,"href":"https:\/\/onospatremblant.com\/fr\/wp-json\/wp\/v2\/users\/2"}],"replies":[{"embeddable":true,"href":"https:\/\/onospatremblant.com\/fr\/wp-json\/wp\/v2\/comments?post=5663"}],"version-history":[{"count":6,"href":"https:\/\/onospatremblant.com\/fr\/wp-json\/wp\/v2\/pages\/5663\/revisions"}],"predecessor-version":[{"id":5860,"href":"https:\/\/onospatremblant.com\/fr\/wp-json\/wp\/v2\/pages\/5663\/revisions\/5860"}],"wp:featuredmedia":[{"embeddable":true,"href":"https:\/\/onospatremblant.com\/fr\/wp-json\/wp\/v2\/media\/5406"}],"wp:attachment":[{"href":"https:\/\/onospatremblant.com\/fr\/wp-json\/wp\/v2\/media?parent=5663"}],"curies":[{"name":"wp","href":"https:\/\/api.w.org\/{rel}","templated":true}]}}