{"id":5667,"date":"2023-06-07T10:55:36","date_gmt":"2023-06-07T14:55:36","guid":{"rendered":"https:\/\/onospatremblant.com\/action-tremblant\/"},"modified":"2023-06-13T15:54:51","modified_gmt":"2023-06-13T19:54:51","slug":"action-tremblant","status":"publish","type":"page","link":"https:\/\/onospatremblant.com\/fr\/action-tremblant\/","title":{"rendered":"Action Tremblant"},"content":{"rendered":"[vc_row layout=\u00a0\u00bbnormal_no_spaces\u00a0\u00bb css=\u00a0\u00bb.vc_custom_1682616926125{padding-top: 45px !important;}\u00a0\u00bb][vc_column][vc_custom_heading text=\u00a0\u00bb\u00a0\u00bb font_container=\u00a0\u00bbtag:h2|font_size:32px|text_align:center|color:%23dd0000&Prime; google_fonts=\u00a0\u00bbfont_family:Oswald%3A300%2Cregular%2C700|font_style:400%20regular%3A400%3Anormal\u00a0\u00bb el_class=\u00a0\u00bbfont_weight_600&Prime; css=\u00a0\u00bb.vc_custom_1685991598290{padding-bottom: 10px !important;}\u00a0\u00bb][vc_single_image image=\u00a0\u00bb4201&Prime; img_size=\u00a0\u00bbfull\u00a0\u00bb alignment=\u00a0\u00bbcenter\u00a0\u00bb css=\u00a0\u00bb.vc_custom_1569540684235{padding-top: 15px !important;padding-bottom: 15px !important;}\u00a0\u00bb][vc_single_image image=\u00a0\u00bb4251&Prime; img_size=\u00a0\u00bbfull\u00a0\u00bb alignment=\u00a0\u00bbcenter\u00a0\u00bb css=\u00a0\u00bb.vc_custom_1569540858137{padding-bottom: 15px !important;}\u00a0\u00bb][vc_column_text]\n<h2 style=\"text-align: center; font-size: 32px; font-family: oswald;\"><span style=\"color: #64c53a;\"><strong>Centre d\u2019activit\u00e9s \u00e0<\/strong> <span style=\"color: black;\">Bel Air Tremblant<\/span><\/span><\/h2>\n[\/vc_column_text][vc_empty_space][vc_column_text]<strong>Action Tremblant<\/strong> propose une large palette d\u2019activit\u00e9s et pour toute la famille. Nos guides accompagnent nos clients dans un environnement s\u00e9curitaire dans des aventures remplies d\u2019adr\u00e9naline. Action Tremblant est id\u00e9alement localis\u00e9 \u00e0 15 minutes de n\u2019 importe quel endroit de Mont Tremblant et propose un terrain de jeu de 100 acres. Nous op\u00e9rons toute l\u2019ann\u00e9e.[\/vc_column_text][\/vc_column][\/vc_row][vc_row][vc_column][vc_separator padding_top=\u00a0\u00bb30&Prime; padding_bottom=\u00a0\u00bb30&Prime;][\/vc_column][\/vc_row][vc_row gap=\u00a0\u00bb20&Prime; eq_height=\u00a0\u00bbyes\u00a0\u00bb content_placement=\u00a0\u00bbmiddle\u00a0\u00bb css=\u00a0\u00bb.vc_custom_1686060774687{padding-bottom: 25px !important;}\u00a0\u00bb][vc_column col_shadow=\u00a0\u00bb\u00a0\u00bb width=\u00a0\u00bb1\/2&Prime; css=\u00a0\u00bb.vc_custom_1686150999383{margin-right: 5px !important;margin-left: 5px !important;}\u00a0\u00bb][vc_column_text]\n<h2><span style=\"color: black;\">Activit\u00e9 d\u2019\u00e9t\u00e9<\/span><\/h2>\n[\/vc_column_text][vc_column_text]Cote a cote, quad, tyrolienne, e-fatbike, kayak, paddle board, equitation, balade en poney.[\/vc_column_text][vc_media_grid element_width=\u00a0\u00bb3&Prime; grid_id=\u00a0\u00bbvc_gid:1686685709841-977e7710-04bd-5&Prime; include=\u00a0\u00bb5429,5423,5433,5425,5427,5435,5419,5421&Prime; css=\u00a0\u00bb.vc_custom_1686150902542{margin-top: 15px !important;}\u00a0\u00bb][\/vc_column][vc_column col_shadow=\u00a0\u00bb\u00a0\u00bb width=\u00a0\u00bb1\/2&Prime; css=\u00a0\u00bb.vc_custom_1686150992596{margin-right: 5px !important;margin-left: 5px !important;}\u00a0\u00bb][vc_column_text]\n<h2><span style=\"color: black;\">Activit\u00e9 d\u2019 hiver<\/span><\/h2>\n[\/vc_column_text][vc_column_text]Motoneige, raquette, ski de fonds, tra\u00eeneau \u00e0 chiens, patin a glace, e-fatbike.[\/vc_column_text][vc_media_grid element_width=\u00a0\u00bb3&Prime; grid_id=\u00a0\u00bbvc_gid:1686685709845-41529537-2ae7-1&Prime; include=\u00a0\u00bb5442,5446,5477,5440,5444,5438&Prime; css=\u00a0\u00bb.vc_custom_1686163492298{margin-top: 15px !important;}\u00a0\u00bb][\/vc_column][\/vc_row][vc_row][vc_column][vc_separator padding_top=\u00a0\u00bb30&Prime; padding_bottom=\u00a0\u00bb30&Prime;][\/vc_column][\/vc_row][vc_row][vc_column][vc_column_text]\n<p style=\"text-align: center; font-size: 16px;\"><strong>Site web:<br \/>\n<\/strong><a href=\"https:\/\/actiontremblant.com\/fr\/\" target=\"_blank\" rel=\"noopener\">https:\/\/actiontremblant.com\/fr\/<\/a><br \/>\n<strong>T\u00e9l\u00e9phone:\u00a0<\/strong><br \/>\n<a href=\"tel: 1 819-833-1293\">+1 819-833-1293<\/a><\/p>\n[\/vc_column_text][vc_separator padding_top=\u00a0\u00bb30&Prime; padding_bottom=\u00a0\u00bb30&Prime;][\/vc_column][\/vc_row]\n","protected":false},"excerpt":{"rendered":"<p>[vc_row layout=\u00a0\u00bbnormal_no_spaces\u00a0\u00bb css=\u00a0\u00bb.vc_custom_1682616926125{padding-top: 45px !important;}\u00a0\u00bb][vc_column][vc_custom_heading text=\u00a0\u00bb\u00a0\u00bb font_container=\u00a0\u00bbtag:h2|font_size:32px|text_align:center|color:%23dd0000&Prime; google_fonts=\u00a0\u00bbfont_family:Oswald%3A300%2Cregular%2C700|font_style:400%20regular%3A400%3Anormal\u00a0\u00bb el_class=\u00a0\u00bbfont_weight_600&Prime; css=\u00a0\u00bb.vc_custom_1685991598290{padding-bottom: 10px !important;}\u00a0\u00bb][vc_single_image image=\u00a0\u00bb4201&Prime; img_size=\u00a0\u00bbfull\u00a0\u00bb alignment=\u00a0\u00bbcenter\u00a0\u00bb css=\u00a0\u00bb.vc_custom_1569540684235{padding-top: 15px !important;padding-bottom: 15px !important;}\u00a0\u00bb][vc_single_image image=\u00a0\u00bb4251&Prime; img_size=\u00a0\u00bbfull\u00a0\u00bb alignment=\u00a0\u00bbcenter\u00a0\u00bb css=\u00a0\u00bb.vc_custom_1569540858137{padding-bottom: 15px !important;}\u00a0\u00bb][vc_column_text] Centre d\u2019activit\u00e9s \u00e0 Bel Air Tremblant [\/vc_column_text][vc_empty_space][vc_column_text]Action Tremblant propose une large palette d\u2019activit\u00e9s et pour toute la famille. Nos guides accompagnent nos clients dans un environnement s\u00e9curitaire dans des&#8230;<\/p>\n","protected":false},"author":2,"featured_media":5469,"parent":0,"menu_order":0,"comment_status":"closed","ping_status":"closed","template":"page-full.php","meta":{"footnotes":""},"class_list":["post-5667","page","type-page","status-publish","has-post-thumbnail","hentry"],"yoast_head":"<!-- This site is optimized with the Yoast SEO Premium plugin v23.4 (Yoast SEO v27.4) - https:\/\/yoast.com\/product\/yoast-seo-premium-wordpress\/ -->\n<title>Centre d&#039;activit\u00e9s \u00e0 Mont Tremblant, activit\u00e9s d&#039;\u00e9t\u00e9 et d&#039;hiver.<\/title>\n<meta name=\"description\" content=\"Centre d&#039;activit\u00e9s \u00e0 Mont Tremblant, activit\u00e9s d&#039;\u00e9t\u00e9 et d&#039;hiver. Quoi faire \u00e0 Tremblant. Buggy et VTT Tremblant. Cheval et Poney Tremblant.\" \/>\n<meta name=\"robots\" content=\"index, follow, max-snippet:-1, max-image-preview:large, max-video-preview:-1\" \/>\n<link rel=\"canonical\" href=\"https:\/\/onospatremblant.com\/fr\/action-tremblant\/\" \/>\n<meta property=\"og:locale\" content=\"fr_FR\" \/>\n<meta property=\"og:type\" content=\"article\" \/>\n<meta property=\"og:title\" content=\"Action Tremblant\" \/>\n<meta property=\"og:description\" content=\"Centre d&#039;activit\u00e9s \u00e0 Mont Tremblant, activit\u00e9s d&#039;\u00e9t\u00e9 et d&#039;hiver. Quoi faire \u00e0 Tremblant. Buggy et VTT Tremblant. Cheval et Poney Tremblant.\" \/>\n<meta property=\"og:url\" content=\"https:\/\/onospatremblant.com\/fr\/action-tremblant\/\" \/>\n<meta property=\"og:site_name\" content=\"Ono Spa Tremblant\" \/>\n<meta property=\"article:publisher\" content=\"https:\/\/www.facebook.com\/onospatremblant\" \/>\n<meta property=\"article:modified_time\" content=\"2023-06-13T19:54:51+00:00\" \/>\n<meta property=\"og:image\" content=\"https:\/\/i0.wp.com\/onospatremblant.com\/wp-content\/uploads\/2023\/06\/horseback-riding3-jpeg.webp?fit=1228%2C1044&ssl=1\" \/>\n\t<meta property=\"og:image:width\" content=\"1228\" \/>\n\t<meta property=\"og:image:height\" content=\"1044\" \/>\n\t<meta property=\"og:image:type\" content=\"image\/jpeg\" \/>\n<meta name=\"twitter:card\" content=\"summary_large_image\" \/>\n<meta name=\"twitter:label1\" content=\"Dur\u00e9e de lecture estim\u00e9e\" \/>\n\t<meta name=\"twitter:data1\" content=\"1 minute\" \/>\n<script type=\"application\/ld+json\" class=\"yoast-schema-graph\">{\"@context\":\"https:\\\/\\\/schema.org\",\"@graph\":[{\"@type\":\"WebPage\",\"@id\":\"https:\\\/\\\/onospatremblant.com\\\/fr\\\/action-tremblant\\\/\",\"url\":\"https:\\\/\\\/onospatremblant.com\\\/fr\\\/action-tremblant\\\/\",\"name\":\"Centre d'activit\u00e9s \u00e0 Mont Tremblant, activit\u00e9s d'\u00e9t\u00e9 et d'hiver.\",\"isPartOf\":{\"@id\":\"https:\\\/\\\/onospatremblant.com\\\/fr\\\/#website\"},\"primaryImageOfPage\":{\"@id\":\"https:\\\/\\\/onospatremblant.com\\\/fr\\\/action-tremblant\\\/#primaryimage\"},\"image\":{\"@id\":\"https:\\\/\\\/onospatremblant.com\\\/fr\\\/action-tremblant\\\/#primaryimage\"},\"thumbnailUrl\":\"https:\\\/\\\/i0.wp.com\\\/onospatremblant.com\\\/wp-content\\\/uploads\\\/2023\\\/06\\\/horseback-riding3-jpeg.webp?fit=1228%2C1044&ssl=1\",\"datePublished\":\"2023-06-07T14:55:36+00:00\",\"dateModified\":\"2023-06-13T19:54:51+00:00\",\"description\":\"Centre d'activit\u00e9s \u00e0 Mont Tremblant, activit\u00e9s d'\u00e9t\u00e9 et d'hiver. Quoi faire \u00e0 Tremblant. Buggy et VTT Tremblant. Cheval et Poney Tremblant.\",\"breadcrumb\":{\"@id\":\"https:\\\/\\\/onospatremblant.com\\\/fr\\\/action-tremblant\\\/#breadcrumb\"},\"inLanguage\":\"fr-FR\",\"potentialAction\":[{\"@type\":\"ReadAction\",\"target\":[\"https:\\\/\\\/onospatremblant.com\\\/fr\\\/action-tremblant\\\/\"]}]},{\"@type\":\"ImageObject\",\"inLanguage\":\"fr-FR\",\"@id\":\"https:\\\/\\\/onospatremblant.com\\\/fr\\\/action-tremblant\\\/#primaryimage\",\"url\":\"https:\\\/\\\/i0.wp.com\\\/onospatremblant.com\\\/wp-content\\\/uploads\\\/2023\\\/06\\\/horseback-riding3-jpeg.webp?fit=1228%2C1044&ssl=1\",\"contentUrl\":\"https:\\\/\\\/i0.wp.com\\\/onospatremblant.com\\\/wp-content\\\/uploads\\\/2023\\\/06\\\/horseback-riding3-jpeg.webp?fit=1228%2C1044&ssl=1\",\"width\":1228,\"height\":1044},{\"@type\":\"BreadcrumbList\",\"@id\":\"https:\\\/\\\/onospatremblant.com\\\/fr\\\/action-tremblant\\\/#breadcrumb\",\"itemListElement\":[{\"@type\":\"ListItem\",\"position\":1,\"name\":\"Home\",\"item\":\"https:\\\/\\\/onospatremblant.com\\\/fr\\\/\"},{\"@type\":\"ListItem\",\"position\":2,\"name\":\"Action Tremblant\"}]},{\"@type\":\"WebSite\",\"@id\":\"https:\\\/\\\/onospatremblant.com\\\/fr\\\/#website\",\"url\":\"https:\\\/\\\/onospatremblant.com\\\/fr\\\/\",\"name\":\"Ono Spa Tremblant\",\"description\":\"\",\"publisher\":{\"@id\":\"https:\\\/\\\/onospatremblant.com\\\/fr\\\/#organization\"},\"potentialAction\":[{\"@type\":\"SearchAction\",\"target\":{\"@type\":\"EntryPoint\",\"urlTemplate\":\"https:\\\/\\\/onospatremblant.com\\\/fr\\\/?s={search_term_string}\"},\"query-input\":{\"@type\":\"PropertyValueSpecification\",\"valueRequired\":true,\"valueName\":\"search_term_string\"}}],\"inLanguage\":\"fr-FR\"},{\"@type\":\"Organization\",\"@id\":\"https:\\\/\\\/onospatremblant.com\\\/fr\\\/#organization\",\"name\":\"Ono Spa in Mont Tremblant\",\"url\":\"https:\\\/\\\/onospatremblant.com\\\/fr\\\/\",\"logo\":{\"@type\":\"ImageObject\",\"inLanguage\":\"fr-FR\",\"@id\":\"https:\\\/\\\/onospatremblant.com\\\/fr\\\/#\\\/schema\\\/logo\\\/image\\\/\",\"url\":\"https:\\\/\\\/i0.wp.com\\\/onospatremblant.com\\\/wp-content\\\/uploads\\\/2020\\\/08\\\/Ono-Spa_Bel-Air-Tremblant150.png?fit=150%2C98&ssl=1\",\"contentUrl\":\"https:\\\/\\\/i0.wp.com\\\/onospatremblant.com\\\/wp-content\\\/uploads\\\/2020\\\/08\\\/Ono-Spa_Bel-Air-Tremblant150.png?fit=150%2C98&ssl=1\",\"width\":150,\"height\":98,\"caption\":\"Ono Spa in Mont Tremblant\"},\"image\":{\"@id\":\"https:\\\/\\\/onospatremblant.com\\\/fr\\\/#\\\/schema\\\/logo\\\/image\\\/\"},\"sameAs\":[\"https:\\\/\\\/www.facebook.com\\\/onospatremblant\",\"https:\\\/\\\/www.instagram.com\\\/onospa.wellnessbelair\\\/\"]}]}<\/script>\n<!-- \/ Yoast SEO Premium plugin. -->","yoast_head_json":{"title":"Centre d'activit\u00e9s \u00e0 Mont Tremblant, activit\u00e9s d'\u00e9t\u00e9 et d'hiver.","description":"Centre d'activit\u00e9s \u00e0 Mont Tremblant, activit\u00e9s d'\u00e9t\u00e9 et d'hiver. Quoi faire \u00e0 Tremblant. Buggy et VTT Tremblant. Cheval et Poney Tremblant.","robots":{"index":"index","follow":"follow","max-snippet":"max-snippet:-1","max-image-preview":"max-image-preview:large","max-video-preview":"max-video-preview:-1"},"canonical":"https:\/\/onospatremblant.com\/fr\/action-tremblant\/","og_locale":"fr_FR","og_type":"article","og_title":"Action Tremblant","og_description":"Centre d'activit\u00e9s \u00e0 Mont Tremblant, activit\u00e9s d'\u00e9t\u00e9 et d'hiver. Quoi faire \u00e0 Tremblant. Buggy et VTT Tremblant. Cheval et Poney Tremblant.","og_url":"https:\/\/onospatremblant.com\/fr\/action-tremblant\/","og_site_name":"Ono Spa Tremblant","article_publisher":"https:\/\/www.facebook.com\/onospatremblant","article_modified_time":"2023-06-13T19:54:51+00:00","og_image":[{"width":1228,"height":1044,"url":"https:\/\/i0.wp.com\/onospatremblant.com\/wp-content\/uploads\/2023\/06\/horseback-riding3-jpeg.webp?fit=1228%2C1044&ssl=1","type":"image\/jpeg"}],"twitter_card":"summary_large_image","twitter_misc":{"Dur\u00e9e de lecture estim\u00e9e":"1 minute"},"schema":{"@context":"https:\/\/schema.org","@graph":[{"@type":"WebPage","@id":"https:\/\/onospatremblant.com\/fr\/action-tremblant\/","url":"https:\/\/onospatremblant.com\/fr\/action-tremblant\/","name":"Centre d'activit\u00e9s \u00e0 Mont Tremblant, activit\u00e9s d'\u00e9t\u00e9 et d'hiver.","isPartOf":{"@id":"https:\/\/onospatremblant.com\/fr\/#website"},"primaryImageOfPage":{"@id":"https:\/\/onospatremblant.com\/fr\/action-tremblant\/#primaryimage"},"image":{"@id":"https:\/\/onospatremblant.com\/fr\/action-tremblant\/#primaryimage"},"thumbnailUrl":"https:\/\/i0.wp.com\/onospatremblant.com\/wp-content\/uploads\/2023\/06\/horseback-riding3-jpeg.webp?fit=1228%2C1044&ssl=1","datePublished":"2023-06-07T14:55:36+00:00","dateModified":"2023-06-13T19:54:51+00:00","description":"Centre d'activit\u00e9s \u00e0 Mont Tremblant, activit\u00e9s d'\u00e9t\u00e9 et d'hiver. Quoi faire \u00e0 Tremblant. Buggy et VTT Tremblant. Cheval et Poney Tremblant.","breadcrumb":{"@id":"https:\/\/onospatremblant.com\/fr\/action-tremblant\/#breadcrumb"},"inLanguage":"fr-FR","potentialAction":[{"@type":"ReadAction","target":["https:\/\/onospatremblant.com\/fr\/action-tremblant\/"]}]},{"@type":"ImageObject","inLanguage":"fr-FR","@id":"https:\/\/onospatremblant.com\/fr\/action-tremblant\/#primaryimage","url":"https:\/\/i0.wp.com\/onospatremblant.com\/wp-content\/uploads\/2023\/06\/horseback-riding3-jpeg.webp?fit=1228%2C1044&ssl=1","contentUrl":"https:\/\/i0.wp.com\/onospatremblant.com\/wp-content\/uploads\/2023\/06\/horseback-riding3-jpeg.webp?fit=1228%2C1044&ssl=1","width":1228,"height":1044},{"@type":"BreadcrumbList","@id":"https:\/\/onospatremblant.com\/fr\/action-tremblant\/#breadcrumb","itemListElement":[{"@type":"ListItem","position":1,"name":"Home","item":"https:\/\/onospatremblant.com\/fr\/"},{"@type":"ListItem","position":2,"name":"Action Tremblant"}]},{"@type":"WebSite","@id":"https:\/\/onospatremblant.com\/fr\/#website","url":"https:\/\/onospatremblant.com\/fr\/","name":"Ono Spa Tremblant","description":"","publisher":{"@id":"https:\/\/onospatremblant.com\/fr\/#organization"},"potentialAction":[{"@type":"SearchAction","target":{"@type":"EntryPoint","urlTemplate":"https:\/\/onospatremblant.com\/fr\/?s={search_term_string}"},"query-input":{"@type":"PropertyValueSpecification","valueRequired":true,"valueName":"search_term_string"}}],"inLanguage":"fr-FR"},{"@type":"Organization","@id":"https:\/\/onospatremblant.com\/fr\/#organization","name":"Ono Spa in Mont Tremblant","url":"https:\/\/onospatremblant.com\/fr\/","logo":{"@type":"ImageObject","inLanguage":"fr-FR","@id":"https:\/\/onospatremblant.com\/fr\/#\/schema\/logo\/image\/","url":"https:\/\/i0.wp.com\/onospatremblant.com\/wp-content\/uploads\/2020\/08\/Ono-Spa_Bel-Air-Tremblant150.png?fit=150%2C98&ssl=1","contentUrl":"https:\/\/i0.wp.com\/onospatremblant.com\/wp-content\/uploads\/2020\/08\/Ono-Spa_Bel-Air-Tremblant150.png?fit=150%2C98&ssl=1","width":150,"height":98,"caption":"Ono Spa in Mont Tremblant"},"image":{"@id":"https:\/\/onospatremblant.com\/fr\/#\/schema\/logo\/image\/"},"sameAs":["https:\/\/www.facebook.com\/onospatremblant","https:\/\/www.instagram.com\/onospa.wellnessbelair\/"]}]}},"jetpack_sharing_enabled":true,"_links":{"self":[{"href":"https:\/\/onospatremblant.com\/fr\/wp-json\/wp\/v2\/pages\/5667","targetHints":{"allow":["GET"]}}],"collection":[{"href":"https:\/\/onospatremblant.com\/fr\/wp-json\/wp\/v2\/pages"}],"about":[{"href":"https:\/\/onospatremblant.com\/fr\/wp-json\/wp\/v2\/types\/page"}],"author":[{"embeddable":true,"href":"https:\/\/onospatremblant.com\/fr\/wp-json\/wp\/v2\/users\/2"}],"replies":[{"embeddable":true,"href":"https:\/\/onospatremblant.com\/fr\/wp-json\/wp\/v2\/comments?post=5667"}],"version-history":[{"count":3,"href":"https:\/\/onospatremblant.com\/fr\/wp-json\/wp\/v2\/pages\/5667\/revisions"}],"predecessor-version":[{"id":5670,"href":"https:\/\/onospatremblant.com\/fr\/wp-json\/wp\/v2\/pages\/5667\/revisions\/5670"}],"wp:featuredmedia":[{"embeddable":true,"href":"https:\/\/onospatremblant.com\/fr\/wp-json\/wp\/v2\/media\/5469"}],"wp:attachment":[{"href":"https:\/\/onospatremblant.com\/fr\/wp-json\/wp\/v2\/media?parent=5667"}],"curies":[{"name":"wp","href":"https:\/\/api.w.org\/{rel}","templated":true}]}}