{"id":6037,"date":"2025-11-22T23:21:01","date_gmt":"2025-11-23T04:21:01","guid":{"rendered":"https:\/\/onospatremblant.com\/soins-du-visage\/specifique-soin-du-visage\/"},"modified":"2025-11-22T23:21:02","modified_gmt":"2025-11-23T04:21:02","slug":"specifique-soin-du-visage","status":"publish","type":"page","link":"https:\/\/onospatremblant.com\/fr\/soins-du-visage\/specifique-soin-du-visage\/","title":{"rendered":"Sp\u00e9cifique soin du visage"},"content":{"rendered":"[vc_row css=\u00a0\u00bb.vc_custom_1656987467586{padding-top: 30px !important;padding-bottom: 15px !important;}\u00a0\u00bb][vc_column width=\u00a0\u00bb1\/6&Prime;][\/vc_column][vc_column width=\u00a0\u00bb2\/3&Prime;][vc_row_inner content_placement=\u00a0\u00bbmiddle\u00a0\u00bb gap=\u00a0\u00bb15&Prime;][vc_column_inner width=\u00a0\u00bb1\/2&Prime;][vc_single_image image=\u00a0\u00bb5640&Prime; img_size=\u00a0\u00bbfull\u00a0\u00bb style=\u00a0\u00bbvc_box_shadow_3d\u00a0\u00bb][\/vc_column_inner][vc_column_inner width=\u00a0\u00bb1\/2&Prime;][vc_single_image image=\u00a0\u00bb4201&Prime; img_size=\u00a0\u00bbfull\u00a0\u00bb css=\u00a0\u00bb.vc_custom_1657589025092{padding-bottom: 15px !important;}\u00a0\u00bb][vc_column_text css=\u00a0\u00bb.vc_custom_1686671805577{padding-bottom: 10px !important;}\u00a0\u00bb]<strong><span style=\"font-size: 20px;\">Sp\u00e9cifique soin du visage<\/span><\/strong>[\/vc_column_text][vc_separator style=\u00a0\u00bbsolid\u00a0\u00bb color=\u00a0\u00bb#22c800&Prime; padding_bottom=\u00a0\u00bb20&Prime;][vc_column_text css=\u00a0\u00bb.vc_custom_1763871135824{padding-bottom: 10px !important;}\u00a0\u00bb]<span style=\"font-size: 16px;\"><span style=\"font-family: arial,helvetica,sans-serif;\"><span style=\"font-size: 16px;\">60 minutes&#8230;159$ \u00a0 <\/span><\/span><\/span><br \/>\n<em><span style=\"font-size: 14px;\">*Taxes en sus<\/span><\/em>[\/vc_column_text][vc_button title=\u00a0\u00bbR\u00c9SERVEX SOIN DU VISAGE\u00a0\u00bb target=\u00a0\u00bb_blank\u00a0\u00bb shape=\u00a0\u00bbrounded\u00a0\u00bb color=\u00a0\u00bbcustom\u00a0\u00bb custom_font_size=\u00a0\u00bb12px\u00a0\u00bb custom_font_weight=\u00a0\u00bb600&Prime; custom_color=\u00a0\u00bb#64c53a\u00a0\u00bb custom_border_color=\u00a0\u00bb#64c53a\u00a0\u00bb custom_text_color_hover=\u00a0\u00bb#64c53a\u00a0\u00bb custom_color_hover=\u00a0\u00bb#e5e5e5&Prime; custom_border_color_hover=\u00a0\u00bb#e2e2e2&Prime; align=\u00a0\u00bbleft\u00a0\u00bb href=\u00a0\u00bbhttps:%2F%2Fonospatremblant.com%2Fappointments%2F|\u00a0\u00bb][\/vc_column_inner][\/vc_row_inner][\/vc_column][vc_column width=\u00a0\u00bb1\/6&Prime;][\/vc_column][\/vc_row][vc_row content_placement=\u00a0\u00bbmiddle\u00a0\u00bb css=\u00a0\u00bb.vc_custom_1569587976089{padding-bottom: 90px !important;}\u00a0\u00bb][vc_column width=\u00a0\u00bb1\/6&Prime; css=\u00a0\u00bb.vc_custom_1569596873795{padding-top: 50px !important;}\u00a0\u00bb][\/vc_column][vc_column width=\u00a0\u00bb2\/3&Prime; css=\u00a0\u00bb.vc_custom_1569588399750{padding-top: 25px !important;}\u00a0\u00bb][vc_tabs color=\u00a0\u00bbcustom\u00a0\u00bb custom_colored_border=\u00a0\u00bb#64c53a\u00a0\u00bb][vc_tab title=\u00a0\u00bbDescription\u00a0\u00bb tab_id=\u00a0\u00bbfb611039-8277-10&Prime;][vc_column_text css=\u00a0\u00bb.vc_custom_1687718079275{padding-bottom: 10px !important;}\u00a0\u00bb]\n<p style=\"text-align: justify;\">Ce soin du visage luxueux est adapt\u00e9 \u00e0 vos pr\u00e9occupations cutan\u00e9es sp\u00e9cifiques et convient \u00e0 tous les types de peau. Des soins du visage cibl\u00e9s peuvent traiter des probl\u00e8mes de peau tels que l\u2019acn\u00e9, la rosac\u00e9e, les pores obstru\u00e9s et am\u00e9liorer l\u2019apparence des rides et ridules, la fermet\u00e9 ainsi que la texture de la peau.<\/p>\n<p style=\"text-align: justify;\">\u00c0 la suite d\u2019une br\u00e8ve analyse de votre peau, une esth\u00e9ticienne professionnelle cr\u00e9era un soin du visage personnalis\u00e9 en utilisant les produits exclusifs Yon-Ka, une luxueuse ligne de soins pour la peau enti\u00e8rement naturelle, originaire de Paris.<\/p>\n<p><strong>Bienfaits<\/strong><br \/>\nUn soin qui cible des pr\u00e9occupations cutan\u00e9es sp\u00e9cifiques<br \/>\nAm\u00e9liore la texture de la peau et l\u2019uniformit\u00e9 du teint<br \/>\nOptimise l\u2019hydratation et la nutrition de la peau<br \/>\nR\u00e9duit l\u2019apparence des rides et ridules<br \/>\nSoin du visage adapt\u00e9 \u00e0 votre type de peau et \u00e0 vos besoins[\/vc_column_text][\/vc_tab][\/vc_tabs][\/vc_column][vc_column width=\u00a0\u00bb1\/6&Prime;][\/vc_column][\/vc_row][vc_row css=\u00a0\u00bb.vc_custom_1656970595856{padding-bottom: 70px !important;}\u00a0\u00bb][vc_column][vc_custom_heading text=\u00a0\u00bbAUTRES SERVICES\u00a0\u00bb font_container=\u00a0\u00bbtag:p|font_size:20|text_align:center|color:%232d2d2d\u00a0\u00bb google_fonts=\u00a0\u00bbfont_family:Raleway%3A100%2C200%2C300%2Cregular%2C500%2C600%2C700%2C800%2C900|font_style:500%20bold%20regular%3A500%3Anormal\u00a0\u00bb]<style type=\"text\/css\" scoped=\"scoped\">.portfolio_scope_1.portfolio-tabs {margin-bottom:20px;}.portfolio_scope_1.portfolio-tabs li.active a{color:#ffffff;}.portfolio_scope_1.portfolio-tabs li.active a{border-color:#ffffff; background-color:transparent;}.portfolio_scope_1.portfolio-tabs li a{padding-left: 0; padding-right: 0; margin-left: 1rem; margin-right: 1rem; text-transform: uppercase}.portfolio_scope_1.portfolio-tabs a:hover{background-color:transparent;}.portfolio_scope_1.portfolio-tabs li a{color:#9b9b9b;}.portfolio_scope_1 figure.effect-zoe figcaption {background-color:#474747;}.portfolio_scope_1 figure.effect-zoe h3 a {color:#ffffff;}.portfolio_scope_1 figure.effect-zoe h3 {font-size:13; line-height:1;text-transform:none;}.portfolio_scope_1 figure .portfolio_date {color:#777777;font-size:13px;}.portfolio_scope_1 figure .effect-overlay .zoomin, .portfolio_scope_1 figure .effect-overlay .launch {border-color:#ffffff;}.portfolio_scope_1 figure .effect-overlay a {color:#ffffff;}.portfolio_scope_1 figure .effect-overlay {background-color:;}<\/style><div id=\"content\" class=\" portfolio-three\"><div class=\"portfolio-wrapper portfolio_default grid-layout  below portfolio_scope_1\" masonry-effect=\"\"><\/div><\/div>[\/vc_column][\/vc_row]\n","protected":false},"excerpt":{"rendered":"<p>[vc_row css=\u00a0\u00bb.vc_custom_1656987467586{padding-top: 30px !important;padding-bottom: 15px !important;}\u00a0\u00bb][vc_column width=\u00a0\u00bb1\/6&Prime;][\/vc_column][vc_column width=\u00a0\u00bb2\/3&Prime;][vc_row_inner content_placement=\u00a0\u00bbmiddle\u00a0\u00bb gap=\u00a0\u00bb15&Prime;][vc_column_inner width=\u00a0\u00bb1\/2&Prime;][vc_single_image image=\u00a0\u00bb5640&Prime; img_size=\u00a0\u00bbfull\u00a0\u00bb style=\u00a0\u00bbvc_box_shadow_3d\u00a0\u00bb][\/vc_column_inner][vc_column_inner width=\u00a0\u00bb1\/2&Prime;][vc_single_image image=\u00a0\u00bb4201&Prime; img_size=\u00a0\u00bbfull\u00a0\u00bb css=\u00a0\u00bb.vc_custom_1657589025092{padding-bottom: 15px !important;}\u00a0\u00bb][vc_column_text css=\u00a0\u00bb.vc_custom_1686671805577{padding-bottom: 10px !important;}\u00a0\u00bb]Sp\u00e9cifique soin du visage[\/vc_column_text][vc_separator style=\u00a0\u00bbsolid\u00a0\u00bb color=\u00a0\u00bb#22c800&Prime; padding_bottom=\u00a0\u00bb20&Prime;][vc_column_text css=\u00a0\u00bb.vc_custom_1763871135824{padding-bottom: 10px !important;}\u00a0\u00bb]60 minutes&#8230;159$ \u00a0 *Taxes en sus[\/vc_column_text][vc_button title=\u00a0\u00bbR\u00c9SERVEX SOIN DU VISAGE\u00a0\u00bb target=\u00a0\u00bb_blank\u00a0\u00bb shape=\u00a0\u00bbrounded\u00a0\u00bb color=\u00a0\u00bbcustom\u00a0\u00bb custom_font_size=\u00a0\u00bb12px\u00a0\u00bb custom_font_weight=\u00a0\u00bb600&Prime; custom_color=\u00a0\u00bb#64c53a\u00a0\u00bb custom_border_color=\u00a0\u00bb#64c53a\u00a0\u00bb custom_text_color_hover=\u00a0\u00bb#64c53a\u00a0\u00bb custom_color_hover=\u00a0\u00bb#e5e5e5&Prime; custom_border_color_hover=\u00a0\u00bb#e2e2e2&Prime; align=\u00a0\u00bbleft\u00a0\u00bb href=\u00a0\u00bbhttps:%2F%2Fonospatremblant.com%2Fappointments%2F|\u00a0\u00bb][\/vc_column_inner][\/vc_row_inner][\/vc_column][vc_column width=\u00a0\u00bb1\/6&Prime;][\/vc_column][\/vc_row][vc_row content_placement=\u00a0\u00bbmiddle\u00a0\u00bb&#8230;<\/p>\n","protected":false},"author":2,"featured_media":5640,"parent":4553,"menu_order":0,"comment_status":"closed","ping_status":"closed","template":"","meta":{"footnotes":""},"class_list":["post-6037","page","type-page","status-publish","has-post-thumbnail","hentry"],"yoast_head":"<!-- This site is optimized with the Yoast SEO Premium plugin v23.4 (Yoast SEO v27.4) - https:\/\/yoast.com\/product\/yoast-seo-premium-wordpress\/ -->\n<title>Sp\u00e9cifique soin du visage<\/title>\n<meta name=\"description\" content=\"Sp\u00e9cifique soin du visage\" \/>\n<meta name=\"robots\" content=\"index, follow, max-snippet:-1, max-image-preview:large, max-video-preview:-1\" \/>\n<link rel=\"canonical\" href=\"https:\/\/onospatremblant.com\/fr\/soins-du-visage\/specifique-soin-du-visage\/\" \/>\n<meta property=\"og:locale\" content=\"fr_FR\" \/>\n<meta property=\"og:type\" content=\"article\" \/>\n<meta property=\"og:title\" content=\"Sp\u00e9cifique soin du visage\" \/>\n<meta property=\"og:description\" content=\"Sp\u00e9cifique soin du visage\" \/>\n<meta property=\"og:url\" content=\"https:\/\/onospatremblant.com\/fr\/soins-du-visage\/specifique-soin-du-visage\/\" \/>\n<meta property=\"og:site_name\" content=\"Ono Spa Tremblant\" \/>\n<meta property=\"article:publisher\" content=\"https:\/\/www.facebook.com\/onospatremblant\" \/>\n<meta property=\"article:modified_time\" content=\"2025-11-23T04:21:02+00:00\" \/>\n<meta property=\"og:image\" content=\"https:\/\/onospatremblant.com\/wp-content\/uploads\/2023\/06\/specific-medic-facial-tremblant-jpg.webp\" \/>\n\t<meta property=\"og:image:width\" content=\"800\" \/>\n\t<meta property=\"og:image:height\" content=\"533\" \/>\n\t<meta property=\"og:image:type\" content=\"image\/jpeg\" \/>\n<meta name=\"twitter:card\" content=\"summary_large_image\" \/>\n<meta name=\"twitter:label1\" content=\"Dur\u00e9e de lecture estim\u00e9e\" \/>\n\t<meta name=\"twitter:data1\" content=\"2 minutes\" \/>\n<script type=\"application\/ld+json\" class=\"yoast-schema-graph\">{\"@context\":\"https:\\\/\\\/schema.org\",\"@graph\":[{\"@type\":\"WebPage\",\"@id\":\"https:\\\/\\\/onospatremblant.com\\\/fr\\\/soins-du-visage\\\/specifique-soin-du-visage\\\/\",\"url\":\"https:\\\/\\\/onospatremblant.com\\\/fr\\\/soins-du-visage\\\/specifique-soin-du-visage\\\/\",\"name\":\"Sp\u00e9cifique soin du visage\",\"isPartOf\":{\"@id\":\"https:\\\/\\\/onospatremblant.com\\\/fr\\\/#website\"},\"primaryImageOfPage\":{\"@id\":\"https:\\\/\\\/onospatremblant.com\\\/fr\\\/soins-du-visage\\\/specifique-soin-du-visage\\\/#primaryimage\"},\"image\":{\"@id\":\"https:\\\/\\\/onospatremblant.com\\\/fr\\\/soins-du-visage\\\/specifique-soin-du-visage\\\/#primaryimage\"},\"thumbnailUrl\":\"https:\\\/\\\/i0.wp.com\\\/onospatremblant.com\\\/wp-content\\\/uploads\\\/2023\\\/06\\\/specific-medic-facial-tremblant-jpg.webp?fit=800%2C533&ssl=1\",\"datePublished\":\"2025-11-23T04:21:01+00:00\",\"dateModified\":\"2025-11-23T04:21:02+00:00\",\"description\":\"Sp\u00e9cifique soin du visage\",\"breadcrumb\":{\"@id\":\"https:\\\/\\\/onospatremblant.com\\\/fr\\\/soins-du-visage\\\/specifique-soin-du-visage\\\/#breadcrumb\"},\"inLanguage\":\"fr-FR\",\"potentialAction\":[{\"@type\":\"ReadAction\",\"target\":[\"https:\\\/\\\/onospatremblant.com\\\/fr\\\/soins-du-visage\\\/specifique-soin-du-visage\\\/\"]}]},{\"@type\":\"ImageObject\",\"inLanguage\":\"fr-FR\",\"@id\":\"https:\\\/\\\/onospatremblant.com\\\/fr\\\/soins-du-visage\\\/specifique-soin-du-visage\\\/#primaryimage\",\"url\":\"https:\\\/\\\/i0.wp.com\\\/onospatremblant.com\\\/wp-content\\\/uploads\\\/2023\\\/06\\\/specific-medic-facial-tremblant-jpg.webp?fit=800%2C533&ssl=1\",\"contentUrl\":\"https:\\\/\\\/i0.wp.com\\\/onospatremblant.com\\\/wp-content\\\/uploads\\\/2023\\\/06\\\/specific-medic-facial-tremblant-jpg.webp?fit=800%2C533&ssl=1\",\"width\":800,\"height\":533,\"caption\":\"facial Tremblant\"},{\"@type\":\"BreadcrumbList\",\"@id\":\"https:\\\/\\\/onospatremblant.com\\\/fr\\\/soins-du-visage\\\/specifique-soin-du-visage\\\/#breadcrumb\",\"itemListElement\":[{\"@type\":\"ListItem\",\"position\":1,\"name\":\"Home\",\"item\":\"https:\\\/\\\/onospatremblant.com\\\/fr\\\/\"},{\"@type\":\"ListItem\",\"position\":2,\"name\":\"Soins du visage\",\"item\":\"https:\\\/\\\/onospatremblant.com\\\/fr\\\/soins-du-visage\\\/\"},{\"@type\":\"ListItem\",\"position\":3,\"name\":\"Sp\u00e9cifique soin du visage\"}]},{\"@type\":\"WebSite\",\"@id\":\"https:\\\/\\\/onospatremblant.com\\\/fr\\\/#website\",\"url\":\"https:\\\/\\\/onospatremblant.com\\\/fr\\\/\",\"name\":\"Ono Spa Tremblant\",\"description\":\"\",\"publisher\":{\"@id\":\"https:\\\/\\\/onospatremblant.com\\\/fr\\\/#organization\"},\"potentialAction\":[{\"@type\":\"SearchAction\",\"target\":{\"@type\":\"EntryPoint\",\"urlTemplate\":\"https:\\\/\\\/onospatremblant.com\\\/fr\\\/?s={search_term_string}\"},\"query-input\":{\"@type\":\"PropertyValueSpecification\",\"valueRequired\":true,\"valueName\":\"search_term_string\"}}],\"inLanguage\":\"fr-FR\"},{\"@type\":\"Organization\",\"@id\":\"https:\\\/\\\/onospatremblant.com\\\/fr\\\/#organization\",\"name\":\"Ono Spa in Mont Tremblant\",\"url\":\"https:\\\/\\\/onospatremblant.com\\\/fr\\\/\",\"logo\":{\"@type\":\"ImageObject\",\"inLanguage\":\"fr-FR\",\"@id\":\"https:\\\/\\\/onospatremblant.com\\\/fr\\\/#\\\/schema\\\/logo\\\/image\\\/\",\"url\":\"https:\\\/\\\/i0.wp.com\\\/onospatremblant.com\\\/wp-content\\\/uploads\\\/2020\\\/08\\\/Ono-Spa_Bel-Air-Tremblant150.png?fit=150%2C98&ssl=1\",\"contentUrl\":\"https:\\\/\\\/i0.wp.com\\\/onospatremblant.com\\\/wp-content\\\/uploads\\\/2020\\\/08\\\/Ono-Spa_Bel-Air-Tremblant150.png?fit=150%2C98&ssl=1\",\"width\":150,\"height\":98,\"caption\":\"Ono Spa in Mont Tremblant\"},\"image\":{\"@id\":\"https:\\\/\\\/onospatremblant.com\\\/fr\\\/#\\\/schema\\\/logo\\\/image\\\/\"},\"sameAs\":[\"https:\\\/\\\/www.facebook.com\\\/onospatremblant\",\"https:\\\/\\\/www.instagram.com\\\/onospa.wellnessbelair\\\/\"]}]}<\/script>\n<!-- \/ Yoast SEO Premium plugin. -->","yoast_head_json":{"title":"Sp\u00e9cifique soin du visage","description":"Sp\u00e9cifique soin du visage","robots":{"index":"index","follow":"follow","max-snippet":"max-snippet:-1","max-image-preview":"max-image-preview:large","max-video-preview":"max-video-preview:-1"},"canonical":"https:\/\/onospatremblant.com\/fr\/soins-du-visage\/specifique-soin-du-visage\/","og_locale":"fr_FR","og_type":"article","og_title":"Sp\u00e9cifique soin du visage","og_description":"Sp\u00e9cifique soin du visage","og_url":"https:\/\/onospatremblant.com\/fr\/soins-du-visage\/specifique-soin-du-visage\/","og_site_name":"Ono Spa Tremblant","article_publisher":"https:\/\/www.facebook.com\/onospatremblant","article_modified_time":"2025-11-23T04:21:02+00:00","og_image":[{"width":800,"height":533,"url":"https:\/\/onospatremblant.com\/wp-content\/uploads\/2023\/06\/specific-medic-facial-tremblant-jpg.webp","type":"image\/jpeg"}],"twitter_card":"summary_large_image","twitter_misc":{"Dur\u00e9e de lecture estim\u00e9e":"2 minutes"},"schema":{"@context":"https:\/\/schema.org","@graph":[{"@type":"WebPage","@id":"https:\/\/onospatremblant.com\/fr\/soins-du-visage\/specifique-soin-du-visage\/","url":"https:\/\/onospatremblant.com\/fr\/soins-du-visage\/specifique-soin-du-visage\/","name":"Sp\u00e9cifique soin du visage","isPartOf":{"@id":"https:\/\/onospatremblant.com\/fr\/#website"},"primaryImageOfPage":{"@id":"https:\/\/onospatremblant.com\/fr\/soins-du-visage\/specifique-soin-du-visage\/#primaryimage"},"image":{"@id":"https:\/\/onospatremblant.com\/fr\/soins-du-visage\/specifique-soin-du-visage\/#primaryimage"},"thumbnailUrl":"https:\/\/i0.wp.com\/onospatremblant.com\/wp-content\/uploads\/2023\/06\/specific-medic-facial-tremblant-jpg.webp?fit=800%2C533&ssl=1","datePublished":"2025-11-23T04:21:01+00:00","dateModified":"2025-11-23T04:21:02+00:00","description":"Sp\u00e9cifique soin du visage","breadcrumb":{"@id":"https:\/\/onospatremblant.com\/fr\/soins-du-visage\/specifique-soin-du-visage\/#breadcrumb"},"inLanguage":"fr-FR","potentialAction":[{"@type":"ReadAction","target":["https:\/\/onospatremblant.com\/fr\/soins-du-visage\/specifique-soin-du-visage\/"]}]},{"@type":"ImageObject","inLanguage":"fr-FR","@id":"https:\/\/onospatremblant.com\/fr\/soins-du-visage\/specifique-soin-du-visage\/#primaryimage","url":"https:\/\/i0.wp.com\/onospatremblant.com\/wp-content\/uploads\/2023\/06\/specific-medic-facial-tremblant-jpg.webp?fit=800%2C533&ssl=1","contentUrl":"https:\/\/i0.wp.com\/onospatremblant.com\/wp-content\/uploads\/2023\/06\/specific-medic-facial-tremblant-jpg.webp?fit=800%2C533&ssl=1","width":800,"height":533,"caption":"facial Tremblant"},{"@type":"BreadcrumbList","@id":"https:\/\/onospatremblant.com\/fr\/soins-du-visage\/specifique-soin-du-visage\/#breadcrumb","itemListElement":[{"@type":"ListItem","position":1,"name":"Home","item":"https:\/\/onospatremblant.com\/fr\/"},{"@type":"ListItem","position":2,"name":"Soins du visage","item":"https:\/\/onospatremblant.com\/fr\/soins-du-visage\/"},{"@type":"ListItem","position":3,"name":"Sp\u00e9cifique soin du visage"}]},{"@type":"WebSite","@id":"https:\/\/onospatremblant.com\/fr\/#website","url":"https:\/\/onospatremblant.com\/fr\/","name":"Ono Spa Tremblant","description":"","publisher":{"@id":"https:\/\/onospatremblant.com\/fr\/#organization"},"potentialAction":[{"@type":"SearchAction","target":{"@type":"EntryPoint","urlTemplate":"https:\/\/onospatremblant.com\/fr\/?s={search_term_string}"},"query-input":{"@type":"PropertyValueSpecification","valueRequired":true,"valueName":"search_term_string"}}],"inLanguage":"fr-FR"},{"@type":"Organization","@id":"https:\/\/onospatremblant.com\/fr\/#organization","name":"Ono Spa in Mont Tremblant","url":"https:\/\/onospatremblant.com\/fr\/","logo":{"@type":"ImageObject","inLanguage":"fr-FR","@id":"https:\/\/onospatremblant.com\/fr\/#\/schema\/logo\/image\/","url":"https:\/\/i0.wp.com\/onospatremblant.com\/wp-content\/uploads\/2020\/08\/Ono-Spa_Bel-Air-Tremblant150.png?fit=150%2C98&ssl=1","contentUrl":"https:\/\/i0.wp.com\/onospatremblant.com\/wp-content\/uploads\/2020\/08\/Ono-Spa_Bel-Air-Tremblant150.png?fit=150%2C98&ssl=1","width":150,"height":98,"caption":"Ono Spa in Mont Tremblant"},"image":{"@id":"https:\/\/onospatremblant.com\/fr\/#\/schema\/logo\/image\/"},"sameAs":["https:\/\/www.facebook.com\/onospatremblant","https:\/\/www.instagram.com\/onospa.wellnessbelair\/"]}]}},"jetpack_sharing_enabled":true,"_links":{"self":[{"href":"https:\/\/onospatremblant.com\/fr\/wp-json\/wp\/v2\/pages\/6037","targetHints":{"allow":["GET"]}}],"collection":[{"href":"https:\/\/onospatremblant.com\/fr\/wp-json\/wp\/v2\/pages"}],"about":[{"href":"https:\/\/onospatremblant.com\/fr\/wp-json\/wp\/v2\/types\/page"}],"author":[{"embeddable":true,"href":"https:\/\/onospatremblant.com\/fr\/wp-json\/wp\/v2\/users\/2"}],"replies":[{"embeddable":true,"href":"https:\/\/onospatremblant.com\/fr\/wp-json\/wp\/v2\/comments?post=6037"}],"version-history":[{"count":3,"href":"https:\/\/onospatremblant.com\/fr\/wp-json\/wp\/v2\/pages\/6037\/revisions"}],"predecessor-version":[{"id":6040,"href":"https:\/\/onospatremblant.com\/fr\/wp-json\/wp\/v2\/pages\/6037\/revisions\/6040"}],"up":[{"embeddable":true,"href":"https:\/\/onospatremblant.com\/fr\/wp-json\/wp\/v2\/pages\/4553"}],"wp:featuredmedia":[{"embeddable":true,"href":"https:\/\/onospatremblant.com\/fr\/wp-json\/wp\/v2\/media\/5640"}],"wp:attachment":[{"href":"https:\/\/onospatremblant.com\/fr\/wp-json\/wp\/v2\/media?parent=6037"}],"curies":[{"name":"wp","href":"https:\/\/api.w.org\/{rel}","templated":true}]}}